{"id":1597,"date":"2022-01-10T10:53:39","date_gmt":"2022-01-10T10:53:39","guid":{"rendered":"https:\/\/www.helptime.ch\/tr\/?page_id=1597"},"modified":"2022-02-01T12:54:46","modified_gmt":"2022-02-01T12:54:46","slug":"digitale-medien","status":"publish","type":"page","link":"https:\/\/www.helptime.ch\/tr\/digitale-medien\/","title":{"rendered":"Dijital Medya\u202f"},"content":{"rendered":"\t\t<div data-elementor-type=\"wp-page\" data-elementor-id=\"1597\" class=\"elementor elementor-1597\">\n\t\t\t\t\t\t<section class=\"elementor-section elementor-top-section elementor-element elementor-element-f9f3529 elementor-section-boxed elementor-section-height-default elementor-section-height-default\" data-id=\"f9f3529\" data-element_type=\"section\" data-settings=\"{&quot;background_background&quot;:&quot;classic&quot;}\">\n\t\t\t\t\t\t<div class=\"elementor-container elementor-column-gap-no\">\n\t\t\t\t\t<div class=\"elementor-column elementor-col-100 elementor-top-column elementor-element elementor-element-77efbb9\" data-id=\"77efbb9\" data-element_type=\"column\">\n\t\t\t<div class=\"elementor-widget-wrap\">\n\t\t\t\t\t\t\t<\/div>\n\t\t<\/div>\n\t\t\t\t\t<\/div>\n\t\t<\/section>\n\t\t\t\t<section class=\"elementor-section elementor-top-section elementor-element elementor-element-40a6e64 elementor-section-boxed elementor-section-height-default elementor-section-height-default\" data-id=\"40a6e64\" data-element_type=\"section\">\n\t\t\t\t\t\t<div class=\"elementor-container elementor-column-gap-default\">\n\t\t\t\t\t<div class=\"elementor-column elementor-col-100 elementor-top-column elementor-element elementor-element-5f90521\" data-id=\"5f90521\" data-element_type=\"column\">\n\t\t\t<div class=\"elementor-widget-wrap elementor-element-populated\">\n\t\t\t\t\t\t<div class=\"elementor-element elementor-element-712d28d elementor-widget elementor-widget-heading\" data-id=\"712d28d\" data-element_type=\"widget\" data-widget_type=\"heading.default\">\n\t\t\t\t<div class=\"elementor-widget-container\">\n\t\t\t<h1 class=\"elementor-heading-title elementor-size-xxl\">Dijital Medya\u202f<\/h1>\t\t<\/div>\n\t\t\t\t<\/div>\n\t\t\t\t\t<\/div>\n\t\t<\/div>\n\t\t\t\t\t<\/div>\n\t\t<\/section>\n\t\t\t\t<section class=\"elementor-section elementor-top-section elementor-element elementor-element-c8c2eaa elementor-section-boxed elementor-section-height-default elementor-section-height-default\" data-id=\"c8c2eaa\" data-element_type=\"section\">\n\t\t\t\t\t\t<div class=\"elementor-container elementor-column-gap-default\">\n\t\t\t\t\t<div class=\"elementor-column elementor-col-100 elementor-top-column elementor-element elementor-element-b0684b2\" data-id=\"b0684b2\" data-element_type=\"column\">\n\t\t\t<div class=\"elementor-widget-wrap elementor-element-populated\">\n\t\t\t\t\t\t<div class=\"elementor-element elementor-element-cec5156 elementor-widget elementor-widget-text-editor\" data-id=\"cec5156\" data-element_type=\"widget\" data-widget_type=\"text-editor.default\">\n\t\t\t\t<div class=\"elementor-widget-container\">\n\t\t\t\t\t\t\t<p>Yurt d\u0131\u015f\u0131ndaki ve yurt i\u00e7indeki firmalara web sayfa tasar\u0131mlar\u0131 yapmak, sosyal medya hizmetleri konular\u0131nda her t\u00fcrl\u00fc dan\u0131\u015fmanl\u0131k hizmetleri vermekteyiz. Daha fazla bilgi edinmek i\u00e7in ortak sitemize giriniz: helptimemedia.com. Her m\u00fc\u015fterimizin ihtiya\u00e7lar\u0131n\u0131 analiz etmek, faaliyetlerimizin merkezinde yer almaktad\u0131r. B\u00fcnyemizde bulunan dijital departman\u0131m\u0131z ile\u202fa\u015fa\u011f\u0131daki isteklerinize h\u0131zl\u0131 bir \u015fekilde \u00e7\u00f6z\u00fcm \u00fcretebiliriz.<br \/>T\u00fcm\u202fWeb Sitesi\u202fihtiya\u00e7lar\u0131\u202f<br \/>Google\u202fSeo\u202fve Dijital Pazarlama\u202f<br \/>E-Ticaret Sitesi Tasarlama ve Geli\u015ftirme\u202f<br \/>Markala\u015fma ve \u0130\u00e7erik \u00dcretimi\u202f<br \/>Kurumsal Sosyal Medya Y\u00f6netimi<br \/>&#8211; Facebook<br \/>&#8211; \u0130nstagram<br \/>&#8211; Twitter\u202f<br \/>&#8211; Linkedin<br \/>Kartvizit ve Tabela Tasar\u0131mlar\u0131n\u0131z, Ka\u015fe<\/p>\t\t\t\t\t\t<\/div>\n\t\t\t\t<\/div>\n\t\t\t\t\t<\/div>\n\t\t<\/div>\n\t\t\t\t\t<\/div>\n\t\t<\/section>\n\t\t\t\t<\/div>\n\t\t","protected":false},"excerpt":{"rendered":"<p>Dijital Medya\u202f Yurt d\u0131\u015f\u0131ndaki ve yurt i\u00e7indeki firmalara web sayfa tasar\u0131mlar\u0131 yapmak, sosyal medya hizmetleri konular\u0131nda her t\u00fcrl\u00fc dan\u0131\u015fmanl\u0131k hizmetleri vermekteyiz. Daha fazla bilgi edinmek i\u00e7in ortak sitemize giriniz: helptimemedia.com. Her m\u00fc\u015fterimizin ihtiya\u00e7lar\u0131n\u0131 analiz etmek, faaliyetlerimizin merkezinde yer almaktad\u0131r. B\u00fcnyemizde bulunan dijital departman\u0131m\u0131z ile\u202fa\u015fa\u011f\u0131daki isteklerinize h\u0131zl\u0131 bir \u015fekilde \u00e7\u00f6z\u00fcm \u00fcretebiliriz.T\u00fcm\u202fWeb Sitesi\u202fihtiya\u00e7lar\u0131\u202fGoogle\u202fSeo\u202fve Dijital Pazarlama\u202fE-Ticaret Sitesi Tasarlama [&hellip;]<\/p>\n","protected":false},"author":1,"featured_media":0,"parent":0,"menu_order":0,"comment_status":"closed","ping_status":"closed","template":"","meta":{"site-sidebar-layout":"no-sidebar","site-content-layout":"page-builder","ast-site-content-layout":"","site-content-style":"default","site-sidebar-style":"default","ast-global-header-display":"","ast-banner-title-visibility":"","ast-main-header-display":"","ast-hfb-above-header-display":"","ast-hfb-below-header-display":"","ast-hfb-mobile-header-display":"","site-post-title":"disabled","ast-breadcrumbs-content":"","ast-featured-img":"disabled","footer-sml-layout":"","theme-transparent-header-meta":"","adv-header-id-meta":"","stick-header-meta":"","header-above-stick-meta":"","header-main-stick-meta":"","header-below-stick-meta":"","astra-migrate-meta-layouts":"default","ast-page-background-enabled":"default","ast-page-background-meta":{"desktop":{"background-color":"","background-image":"","background-repeat":"repeat","background-position":"center center","background-size":"auto","background-attachment":"scroll","background-type":"","background-media":"","overlay-type":"","overlay-color":"","overlay-opacity":"","overlay-gradient":""},"tablet":{"background-color":"","background-image":"","background-repeat":"repeat","background-position":"center center","background-size":"auto","background-attachment":"scroll","background-type":"","background-media":"","overlay-type":"","overlay-color":"","overlay-opacity":"","overlay-gradient":""},"mobile":{"background-color":"","background-image":"","background-repeat":"repeat","background-position":"center center","background-size":"auto","background-attachment":"scroll","background-type":"","background-media":"","overlay-type":"","overlay-color":"","overlay-opacity":"","overlay-gradient":""}},"ast-content-background-meta":{"desktop":{"background-color":"var(--ast-global-color-5)","background-image":"","background-repeat":"repeat","background-position":"center center","background-size":"auto","background-attachment":"scroll","background-type":"","background-media":"","overlay-type":"","overlay-color":"","overlay-opacity":"","overlay-gradient":""},"tablet":{"background-color":"var(--ast-global-color-5)","background-image":"","background-repeat":"repeat","background-position":"center center","background-size":"auto","background-attachment":"scroll","background-type":"","background-media":"","overlay-type":"","overlay-color":"","overlay-opacity":"","overlay-gradient":""},"mobile":{"background-color":"var(--ast-global-color-5)","background-image":"","background-repeat":"repeat","background-position":"center center","background-size":"auto","background-attachment":"scroll","background-type":"","background-media":"","overlay-type":"","overlay-color":"","overlay-opacity":"","overlay-gradient":""}},"footnotes":""},"class_list":["post-1597","page","type-page","status-publish","hentry"],"yoast_head":"<!-- This site is optimized with the Yoast SEO plugin v23.9 - https:\/\/yoast.com\/wordpress\/plugins\/seo\/ -->\n<title>Dijital Medya\u202f - Helptime GmbH<\/title>\n<meta name=\"robots\" content=\"index, follow, max-snippet:-1, max-image-preview:large, max-video-preview:-1\" \/>\n<link rel=\"canonical\" href=\"https:\/\/www.helptime.ch\/tr\/digitale-medien\/\" \/>\n<meta property=\"og:locale\" content=\"tr_TR\" \/>\n<meta property=\"og:type\" content=\"article\" \/>\n<meta property=\"og:title\" content=\"Dijital Medya\u202f - Helptime GmbH\" \/>\n<meta property=\"og:description\" content=\"Dijital Medya\u202f Yurt d\u0131\u015f\u0131ndaki ve yurt i\u00e7indeki firmalara web sayfa tasar\u0131mlar\u0131 yapmak, sosyal medya hizmetleri konular\u0131nda her t\u00fcrl\u00fc dan\u0131\u015fmanl\u0131k hizmetleri vermekteyiz. Daha fazla bilgi edinmek i\u00e7in ortak sitemize giriniz: helptimemedia.com. Her m\u00fc\u015fterimizin ihtiya\u00e7lar\u0131n\u0131 analiz etmek, faaliyetlerimizin merkezinde yer almaktad\u0131r. B\u00fcnyemizde bulunan dijital departman\u0131m\u0131z ile\u202fa\u015fa\u011f\u0131daki isteklerinize h\u0131zl\u0131 bir \u015fekilde \u00e7\u00f6z\u00fcm \u00fcretebiliriz.T\u00fcm\u202fWeb Sitesi\u202fihtiya\u00e7lar\u0131\u202fGoogle\u202fSeo\u202fve Dijital Pazarlama\u202fE-Ticaret Sitesi Tasarlama [&hellip;]\" \/>\n<meta property=\"og:url\" content=\"https:\/\/www.helptime.ch\/tr\/digitale-medien\/\" \/>\n<meta property=\"og:site_name\" content=\"Helptime GmbH\" \/>\n<meta property=\"article:modified_time\" content=\"2022-02-01T12:54:46+00:00\" \/>\n<meta name=\"twitter:card\" content=\"summary_large_image\" \/>\n<meta name=\"twitter:label1\" content=\"Tahmini okuma s\u00fcresi\" \/>\n\t<meta name=\"twitter:data1\" content=\"1 dakika\" \/>\n<script type=\"application\/ld+json\" class=\"yoast-schema-graph\">{\"@context\":\"https:\/\/schema.org\",\"@graph\":[{\"@type\":\"WebPage\",\"@id\":\"https:\/\/www.helptime.ch\/tr\/digitale-medien\/\",\"url\":\"https:\/\/www.helptime.ch\/tr\/digitale-medien\/\",\"name\":\"Dijital Medya\u202f - Helptime GmbH\",\"isPartOf\":{\"@id\":\"https:\/\/www.helptime.ch\/tr\/#website\"},\"datePublished\":\"2022-01-10T10:53:39+00:00\",\"dateModified\":\"2022-02-01T12:54:46+00:00\",\"breadcrumb\":{\"@id\":\"https:\/\/www.helptime.ch\/tr\/digitale-medien\/#breadcrumb\"},\"inLanguage\":\"tr\",\"potentialAction\":[{\"@type\":\"ReadAction\",\"target\":[\"https:\/\/www.helptime.ch\/tr\/digitale-medien\/\"]}]},{\"@type\":\"BreadcrumbList\",\"@id\":\"https:\/\/www.helptime.ch\/tr\/digitale-medien\/#breadcrumb\",\"itemListElement\":[{\"@type\":\"ListItem\",\"position\":1,\"name\":\"Anasayfa\",\"item\":\"https:\/\/www.helptime.ch\/tr\/\"},{\"@type\":\"ListItem\",\"position\":2,\"name\":\"Dijital Medya\u202f\"}]},{\"@type\":\"WebSite\",\"@id\":\"https:\/\/www.helptime.ch\/tr\/#website\",\"url\":\"https:\/\/www.helptime.ch\/tr\/\",\"name\":\"Helptime GmbH\",\"description\":\"Helptime-Unternehmensseite\",\"publisher\":{\"@id\":\"https:\/\/www.helptime.ch\/tr\/#organization\"},\"potentialAction\":[{\"@type\":\"SearchAction\",\"target\":{\"@type\":\"EntryPoint\",\"urlTemplate\":\"https:\/\/www.helptime.ch\/tr\/?s={search_term_string}\"},\"query-input\":{\"@type\":\"PropertyValueSpecification\",\"valueRequired\":true,\"valueName\":\"search_term_string\"}}],\"inLanguage\":\"tr\"},{\"@type\":\"Organization\",\"@id\":\"https:\/\/www.helptime.ch\/tr\/#organization\",\"name\":\"Helptime GmbH\",\"url\":\"https:\/\/www.helptime.ch\/tr\/\",\"logo\":{\"@type\":\"ImageObject\",\"inLanguage\":\"tr\",\"@id\":\"https:\/\/www.helptime.ch\/tr\/#\/schema\/logo\/image\/\",\"url\":\"https:\/\/www.helptime.ch\/tr\/wp-content\/uploads\/sites\/4\/2022\/01\/helptimelogo.png\",\"contentUrl\":\"https:\/\/www.helptime.ch\/tr\/wp-content\/uploads\/sites\/4\/2022\/01\/helptimelogo.png\",\"width\":148,\"height\":148,\"caption\":\"Helptime GmbH\"},\"image\":{\"@id\":\"https:\/\/www.helptime.ch\/tr\/#\/schema\/logo\/image\/\"}}]}<\/script>\n<!-- \/ Yoast SEO plugin. -->","yoast_head_json":{"title":"Dijital Medya\u202f - Helptime GmbH","robots":{"index":"index","follow":"follow","max-snippet":"max-snippet:-1","max-image-preview":"max-image-preview:large","max-video-preview":"max-video-preview:-1"},"canonical":"https:\/\/www.helptime.ch\/tr\/digitale-medien\/","og_locale":"tr_TR","og_type":"article","og_title":"Dijital Medya\u202f - Helptime GmbH","og_description":"Dijital Medya\u202f Yurt d\u0131\u015f\u0131ndaki ve yurt i\u00e7indeki firmalara web sayfa tasar\u0131mlar\u0131 yapmak, sosyal medya hizmetleri konular\u0131nda her t\u00fcrl\u00fc dan\u0131\u015fmanl\u0131k hizmetleri vermekteyiz. Daha fazla bilgi edinmek i\u00e7in ortak sitemize giriniz: helptimemedia.com. Her m\u00fc\u015fterimizin ihtiya\u00e7lar\u0131n\u0131 analiz etmek, faaliyetlerimizin merkezinde yer almaktad\u0131r. B\u00fcnyemizde bulunan dijital departman\u0131m\u0131z ile\u202fa\u015fa\u011f\u0131daki isteklerinize h\u0131zl\u0131 bir \u015fekilde \u00e7\u00f6z\u00fcm \u00fcretebiliriz.T\u00fcm\u202fWeb Sitesi\u202fihtiya\u00e7lar\u0131\u202fGoogle\u202fSeo\u202fve Dijital Pazarlama\u202fE-Ticaret Sitesi Tasarlama [&hellip;]","og_url":"https:\/\/www.helptime.ch\/tr\/digitale-medien\/","og_site_name":"Helptime GmbH","article_modified_time":"2022-02-01T12:54:46+00:00","twitter_card":"summary_large_image","twitter_misc":{"Tahmini okuma s\u00fcresi":"1 dakika"},"schema":{"@context":"https:\/\/schema.org","@graph":[{"@type":"WebPage","@id":"https:\/\/www.helptime.ch\/tr\/digitale-medien\/","url":"https:\/\/www.helptime.ch\/tr\/digitale-medien\/","name":"Dijital Medya\u202f - Helptime GmbH","isPartOf":{"@id":"https:\/\/www.helptime.ch\/tr\/#website"},"datePublished":"2022-01-10T10:53:39+00:00","dateModified":"2022-02-01T12:54:46+00:00","breadcrumb":{"@id":"https:\/\/www.helptime.ch\/tr\/digitale-medien\/#breadcrumb"},"inLanguage":"tr","potentialAction":[{"@type":"ReadAction","target":["https:\/\/www.helptime.ch\/tr\/digitale-medien\/"]}]},{"@type":"BreadcrumbList","@id":"https:\/\/www.helptime.ch\/tr\/digitale-medien\/#breadcrumb","itemListElement":[{"@type":"ListItem","position":1,"name":"Anasayfa","item":"https:\/\/www.helptime.ch\/tr\/"},{"@type":"ListItem","position":2,"name":"Dijital Medya\u202f"}]},{"@type":"WebSite","@id":"https:\/\/www.helptime.ch\/tr\/#website","url":"https:\/\/www.helptime.ch\/tr\/","name":"Helptime GmbH","description":"Helptime-Unternehmensseite","publisher":{"@id":"https:\/\/www.helptime.ch\/tr\/#organization"},"potentialAction":[{"@type":"SearchAction","target":{"@type":"EntryPoint","urlTemplate":"https:\/\/www.helptime.ch\/tr\/?s={search_term_string}"},"query-input":{"@type":"PropertyValueSpecification","valueRequired":true,"valueName":"search_term_string"}}],"inLanguage":"tr"},{"@type":"Organization","@id":"https:\/\/www.helptime.ch\/tr\/#organization","name":"Helptime GmbH","url":"https:\/\/www.helptime.ch\/tr\/","logo":{"@type":"ImageObject","inLanguage":"tr","@id":"https:\/\/www.helptime.ch\/tr\/#\/schema\/logo\/image\/","url":"https:\/\/www.helptime.ch\/tr\/wp-content\/uploads\/sites\/4\/2022\/01\/helptimelogo.png","contentUrl":"https:\/\/www.helptime.ch\/tr\/wp-content\/uploads\/sites\/4\/2022\/01\/helptimelogo.png","width":148,"height":148,"caption":"Helptime GmbH"},"image":{"@id":"https:\/\/www.helptime.ch\/tr\/#\/schema\/logo\/image\/"}}]}},"_links":{"self":[{"href":"https:\/\/www.helptime.ch\/tr\/wp-json\/wp\/v2\/pages\/1597","targetHints":{"allow":["GET"]}}],"collection":[{"href":"https:\/\/www.helptime.ch\/tr\/wp-json\/wp\/v2\/pages"}],"about":[{"href":"https:\/\/www.helptime.ch\/tr\/wp-json\/wp\/v2\/types\/page"}],"author":[{"embeddable":true,"href":"https:\/\/www.helptime.ch\/tr\/wp-json\/wp\/v2\/users\/1"}],"replies":[{"embeddable":true,"href":"https:\/\/www.helptime.ch\/tr\/wp-json\/wp\/v2\/comments?post=1597"}],"version-history":[{"count":11,"href":"https:\/\/www.helptime.ch\/tr\/wp-json\/wp\/v2\/pages\/1597\/revisions"}],"predecessor-version":[{"id":1991,"href":"https:\/\/www.helptime.ch\/tr\/wp-json\/wp\/v2\/pages\/1597\/revisions\/1991"}],"wp:attachment":[{"href":"https:\/\/www.helptime.ch\/tr\/wp-json\/wp\/v2\/media?parent=1597"}],"curies":[{"name":"wp","href":"https:\/\/api.w.org\/{rel}","templated":true}]}}