{"id":1595,"date":"2022-01-10T10:53:03","date_gmt":"2022-01-10T10:53:03","guid":{"rendered":"https:\/\/www.helptime.ch\/tr\/?page_id=1595"},"modified":"2022-02-01T12:54:31","modified_gmt":"2022-02-01T12:54:31","slug":"immobilien","status":"publish","type":"page","link":"https:\/\/www.helptime.ch\/tr\/immobilien\/","title":{"rendered":"Emlak"},"content":{"rendered":"\t\t<div data-elementor-type=\"wp-page\" data-elementor-id=\"1595\" class=\"elementor elementor-1595\">\n\t\t\t\t\t\t<section class=\"elementor-section elementor-top-section elementor-element elementor-element-9059365 elementor-section-boxed elementor-section-height-default elementor-section-height-default\" data-id=\"9059365\" data-element_type=\"section\" data-settings=\"{&quot;background_background&quot;:&quot;classic&quot;}\">\n\t\t\t\t\t\t<div class=\"elementor-container elementor-column-gap-no\">\n\t\t\t\t\t<div class=\"elementor-column elementor-col-100 elementor-top-column elementor-element elementor-element-7e1ec16\" data-id=\"7e1ec16\" data-element_type=\"column\">\n\t\t\t<div class=\"elementor-widget-wrap\">\n\t\t\t\t\t\t\t<\/div>\n\t\t<\/div>\n\t\t\t\t\t<\/div>\n\t\t<\/section>\n\t\t\t\t<section class=\"elementor-section elementor-top-section elementor-element elementor-element-9d9431c elementor-section-boxed elementor-section-height-default elementor-section-height-default\" data-id=\"9d9431c\" data-element_type=\"section\">\n\t\t\t\t\t\t<div class=\"elementor-container elementor-column-gap-default\">\n\t\t\t\t\t<div class=\"elementor-column elementor-col-100 elementor-top-column elementor-element elementor-element-14eb1d1\" data-id=\"14eb1d1\" data-element_type=\"column\">\n\t\t\t<div class=\"elementor-widget-wrap elementor-element-populated\">\n\t\t\t\t\t\t<div class=\"elementor-element elementor-element-4d8ffd8 elementor-widget elementor-widget-heading\" data-id=\"4d8ffd8\" data-element_type=\"widget\" data-widget_type=\"heading.default\">\n\t\t\t\t<div class=\"elementor-widget-container\">\n\t\t\t<h1 class=\"elementor-heading-title elementor-size-xxl\">Emlak<\/h1>\t\t<\/div>\n\t\t\t\t<\/div>\n\t\t\t\t\t<\/div>\n\t\t<\/div>\n\t\t\t\t\t<\/div>\n\t\t<\/section>\n\t\t\t\t<section class=\"elementor-section elementor-top-section elementor-element elementor-element-6e3903f elementor-section-boxed elementor-section-height-default elementor-section-height-default\" data-id=\"6e3903f\" data-element_type=\"section\">\n\t\t\t\t\t\t<div class=\"elementor-container elementor-column-gap-default\">\n\t\t\t\t\t<div class=\"elementor-column elementor-col-100 elementor-top-column elementor-element elementor-element-cc6ad6f\" data-id=\"cc6ad6f\" data-element_type=\"column\">\n\t\t\t<div class=\"elementor-widget-wrap elementor-element-populated\">\n\t\t\t\t\t\t<div class=\"elementor-element elementor-element-a0fda20 elementor-widget elementor-widget-text-editor\" data-id=\"a0fda20\" data-element_type=\"widget\" data-widget_type=\"text-editor.default\">\n\t\t\t\t<div class=\"elementor-widget-container\">\n\t\t\t\t\t\t\t<p><strong>Neden \u00c7e\u015fme?<\/strong><\/p><p>Helptime Dan\u0131\u015fmanl\u0131k \u00c7e\u015fme de ev sahiplerine ve yat\u0131r\u0131mc\u0131lara kazan\u00e7 sa\u011flamak i\u00e7in say\u0131s\u0131z f\u0131rsatlar sunar. \u00c7e\u015fme ve Ege B\u00f6lgesinde gayrimenkule yat\u0131r\u0131m yapman\u0131n bir harika nedeni ise turizmdir. \u00c7e\u015fme\u2019de son y\u0131llarda ortalama yerli turist say\u0131s\u0131 1500.000 ve yabanc\u0131 turist say\u0131s\u0131 500.000 seviyelerindedir. Artan yat\u0131r\u0131mlarla b\u00f6lge h\u0131zla geli\u015ferek \u0130zmir\u2019in a\u00e7\u0131k ara farkla m2 ba\u015f\u0131na en \u00e7ok de\u011ferlenen b\u00f6lgesidir. \u00c7e\u015fme sadece harika bir manzaraya de\u011fil ayn\u0131 zamanda Avrupa\u2019n\u0131n en iyi iklimlerinden birine sahip. \u00c7o\u011fu insan il\u00e7enin muhte\u015fem sahillerinin ve e\u011flence hayat\u0131n\u0131n tad\u0131n\u0131 \u00e7\u0131kartmak i\u00e7in burada konaklar. Resmi n\u00fcfus art\u0131\u015f oran\u0131 d\u00fczenli olarak y\u0131ll\u0131k 3 % olarak ger\u00e7ekle\u015fmektedir. Artan n\u00fcfus b\u00f6lgede s\u00fcrekli konut talebinin artmas\u0131n\u0131 da beraberinde getirir. \u00c7e\u015fme de bir villa, daire, d\u00fckk\u00e2n, arsa, tarla, satmak veya almak ya da kiralamak ister misiniz?\u202fHelptime Dan\u0131\u015fmanl\u0131k yetkin, hedef odakl\u0131 ve g\u00fcvenilir hizmetlerle sizi her konuda destekler.\u202f<\/p>\t\t\t\t\t\t<\/div>\n\t\t\t\t<\/div>\n\t\t\t\t\t<\/div>\n\t\t<\/div>\n\t\t\t\t\t<\/div>\n\t\t<\/section>\n\t\t\t\t<\/div>\n\t\t","protected":false},"excerpt":{"rendered":"<p>Emlak Neden \u00c7e\u015fme? Helptime Dan\u0131\u015fmanl\u0131k \u00c7e\u015fme de ev sahiplerine ve yat\u0131r\u0131mc\u0131lara kazan\u00e7 sa\u011flamak i\u00e7in say\u0131s\u0131z f\u0131rsatlar sunar. \u00c7e\u015fme ve Ege B\u00f6lgesinde gayrimenkule yat\u0131r\u0131m yapman\u0131n bir harika nedeni ise turizmdir. \u00c7e\u015fme\u2019de son y\u0131llarda ortalama yerli turist say\u0131s\u0131 1500.000 ve yabanc\u0131 turist say\u0131s\u0131 500.000 seviyelerindedir. Artan yat\u0131r\u0131mlarla b\u00f6lge h\u0131zla geli\u015ferek \u0130zmir\u2019in a\u00e7\u0131k ara farkla m2 ba\u015f\u0131na en [&hellip;]<\/p>\n","protected":false},"author":1,"featured_media":0,"parent":0,"menu_order":0,"comment_status":"closed","ping_status":"closed","template":"","meta":{"site-sidebar-layout":"no-sidebar","site-content-layout":"page-builder","ast-site-content-layout":"","site-content-style":"default","site-sidebar-style":"default","ast-global-header-display":"","ast-banner-title-visibility":"","ast-main-header-display":"","ast-hfb-above-header-display":"","ast-hfb-below-header-display":"","ast-hfb-mobile-header-display":"","site-post-title":"disabled","ast-breadcrumbs-content":"","ast-featured-img":"disabled","footer-sml-layout":"","theme-transparent-header-meta":"","adv-header-id-meta":"","stick-header-meta":"","header-above-stick-meta":"","header-main-stick-meta":"","header-below-stick-meta":"","astra-migrate-meta-layouts":"default","ast-page-background-enabled":"default","ast-page-background-meta":{"desktop":{"background-color":"","background-image":"","background-repeat":"repeat","background-position":"center center","background-size":"auto","background-attachment":"scroll","background-type":"","background-media":"","overlay-type":"","overlay-color":"","overlay-opacity":"","overlay-gradient":""},"tablet":{"background-color":"","background-image":"","background-repeat":"repeat","background-position":"center center","background-size":"auto","background-attachment":"scroll","background-type":"","background-media":"","overlay-type":"","overlay-color":"","overlay-opacity":"","overlay-gradient":""},"mobile":{"background-color":"","background-image":"","background-repeat":"repeat","background-position":"center center","background-size":"auto","background-attachment":"scroll","background-type":"","background-media":"","overlay-type":"","overlay-color":"","overlay-opacity":"","overlay-gradient":""}},"ast-content-background-meta":{"desktop":{"background-color":"var(--ast-global-color-5)","background-image":"","background-repeat":"repeat","background-position":"center center","background-size":"auto","background-attachment":"scroll","background-type":"","background-media":"","overlay-type":"","overlay-color":"","overlay-opacity":"","overlay-gradient":""},"tablet":{"background-color":"var(--ast-global-color-5)","background-image":"","background-repeat":"repeat","background-position":"center center","background-size":"auto","background-attachment":"scroll","background-type":"","background-media":"","overlay-type":"","overlay-color":"","overlay-opacity":"","overlay-gradient":""},"mobile":{"background-color":"var(--ast-global-color-5)","background-image":"","background-repeat":"repeat","background-position":"center center","background-size":"auto","background-attachment":"scroll","background-type":"","background-media":"","overlay-type":"","overlay-color":"","overlay-opacity":"","overlay-gradient":""}},"footnotes":""},"class_list":["post-1595","page","type-page","status-publish","hentry"],"yoast_head":"<!-- This site is optimized with the Yoast SEO plugin v23.9 - https:\/\/yoast.com\/wordpress\/plugins\/seo\/ -->\n<title>Emlak - Helptime GmbH<\/title>\n<meta name=\"robots\" content=\"index, follow, max-snippet:-1, max-image-preview:large, max-video-preview:-1\" \/>\n<link rel=\"canonical\" href=\"https:\/\/www.helptime.ch\/tr\/immobilien\/\" \/>\n<meta property=\"og:locale\" content=\"tr_TR\" \/>\n<meta property=\"og:type\" content=\"article\" \/>\n<meta property=\"og:title\" content=\"Emlak - Helptime GmbH\" \/>\n<meta property=\"og:description\" content=\"Emlak Neden \u00c7e\u015fme? Helptime Dan\u0131\u015fmanl\u0131k \u00c7e\u015fme de ev sahiplerine ve yat\u0131r\u0131mc\u0131lara kazan\u00e7 sa\u011flamak i\u00e7in say\u0131s\u0131z f\u0131rsatlar sunar. \u00c7e\u015fme ve Ege B\u00f6lgesinde gayrimenkule yat\u0131r\u0131m yapman\u0131n bir harika nedeni ise turizmdir. \u00c7e\u015fme\u2019de son y\u0131llarda ortalama yerli turist say\u0131s\u0131 1500.000 ve yabanc\u0131 turist say\u0131s\u0131 500.000 seviyelerindedir. Artan yat\u0131r\u0131mlarla b\u00f6lge h\u0131zla geli\u015ferek \u0130zmir\u2019in a\u00e7\u0131k ara farkla m2 ba\u015f\u0131na en [&hellip;]\" \/>\n<meta property=\"og:url\" content=\"https:\/\/www.helptime.ch\/tr\/immobilien\/\" \/>\n<meta property=\"og:site_name\" content=\"Helptime GmbH\" \/>\n<meta property=\"article:modified_time\" content=\"2022-02-01T12:54:31+00:00\" \/>\n<meta name=\"twitter:card\" content=\"summary_large_image\" \/>\n<meta name=\"twitter:label1\" content=\"Tahmini okuma s\u00fcresi\" \/>\n\t<meta name=\"twitter:data1\" content=\"1 dakika\" \/>\n<script type=\"application\/ld+json\" class=\"yoast-schema-graph\">{\"@context\":\"https:\/\/schema.org\",\"@graph\":[{\"@type\":\"WebPage\",\"@id\":\"https:\/\/www.helptime.ch\/tr\/immobilien\/\",\"url\":\"https:\/\/www.helptime.ch\/tr\/immobilien\/\",\"name\":\"Emlak - Helptime GmbH\",\"isPartOf\":{\"@id\":\"https:\/\/www.helptime.ch\/tr\/#website\"},\"datePublished\":\"2022-01-10T10:53:03+00:00\",\"dateModified\":\"2022-02-01T12:54:31+00:00\",\"breadcrumb\":{\"@id\":\"https:\/\/www.helptime.ch\/tr\/immobilien\/#breadcrumb\"},\"inLanguage\":\"tr\",\"potentialAction\":[{\"@type\":\"ReadAction\",\"target\":[\"https:\/\/www.helptime.ch\/tr\/immobilien\/\"]}]},{\"@type\":\"BreadcrumbList\",\"@id\":\"https:\/\/www.helptime.ch\/tr\/immobilien\/#breadcrumb\",\"itemListElement\":[{\"@type\":\"ListItem\",\"position\":1,\"name\":\"Anasayfa\",\"item\":\"https:\/\/www.helptime.ch\/tr\/\"},{\"@type\":\"ListItem\",\"position\":2,\"name\":\"Emlak\"}]},{\"@type\":\"WebSite\",\"@id\":\"https:\/\/www.helptime.ch\/tr\/#website\",\"url\":\"https:\/\/www.helptime.ch\/tr\/\",\"name\":\"Helptime GmbH\",\"description\":\"Helptime-Unternehmensseite\",\"publisher\":{\"@id\":\"https:\/\/www.helptime.ch\/tr\/#organization\"},\"potentialAction\":[{\"@type\":\"SearchAction\",\"target\":{\"@type\":\"EntryPoint\",\"urlTemplate\":\"https:\/\/www.helptime.ch\/tr\/?s={search_term_string}\"},\"query-input\":{\"@type\":\"PropertyValueSpecification\",\"valueRequired\":true,\"valueName\":\"search_term_string\"}}],\"inLanguage\":\"tr\"},{\"@type\":\"Organization\",\"@id\":\"https:\/\/www.helptime.ch\/tr\/#organization\",\"name\":\"Helptime GmbH\",\"url\":\"https:\/\/www.helptime.ch\/tr\/\",\"logo\":{\"@type\":\"ImageObject\",\"inLanguage\":\"tr\",\"@id\":\"https:\/\/www.helptime.ch\/tr\/#\/schema\/logo\/image\/\",\"url\":\"https:\/\/www.helptime.ch\/tr\/wp-content\/uploads\/sites\/4\/2022\/01\/helptimelogo.png\",\"contentUrl\":\"https:\/\/www.helptime.ch\/tr\/wp-content\/uploads\/sites\/4\/2022\/01\/helptimelogo.png\",\"width\":148,\"height\":148,\"caption\":\"Helptime GmbH\"},\"image\":{\"@id\":\"https:\/\/www.helptime.ch\/tr\/#\/schema\/logo\/image\/\"}}]}<\/script>\n<!-- \/ Yoast SEO plugin. -->","yoast_head_json":{"title":"Emlak - Helptime GmbH","robots":{"index":"index","follow":"follow","max-snippet":"max-snippet:-1","max-image-preview":"max-image-preview:large","max-video-preview":"max-video-preview:-1"},"canonical":"https:\/\/www.helptime.ch\/tr\/immobilien\/","og_locale":"tr_TR","og_type":"article","og_title":"Emlak - Helptime GmbH","og_description":"Emlak Neden \u00c7e\u015fme? Helptime Dan\u0131\u015fmanl\u0131k \u00c7e\u015fme de ev sahiplerine ve yat\u0131r\u0131mc\u0131lara kazan\u00e7 sa\u011flamak i\u00e7in say\u0131s\u0131z f\u0131rsatlar sunar. \u00c7e\u015fme ve Ege B\u00f6lgesinde gayrimenkule yat\u0131r\u0131m yapman\u0131n bir harika nedeni ise turizmdir. \u00c7e\u015fme\u2019de son y\u0131llarda ortalama yerli turist say\u0131s\u0131 1500.000 ve yabanc\u0131 turist say\u0131s\u0131 500.000 seviyelerindedir. Artan yat\u0131r\u0131mlarla b\u00f6lge h\u0131zla geli\u015ferek \u0130zmir\u2019in a\u00e7\u0131k ara farkla m2 ba\u015f\u0131na en [&hellip;]","og_url":"https:\/\/www.helptime.ch\/tr\/immobilien\/","og_site_name":"Helptime GmbH","article_modified_time":"2022-02-01T12:54:31+00:00","twitter_card":"summary_large_image","twitter_misc":{"Tahmini okuma s\u00fcresi":"1 dakika"},"schema":{"@context":"https:\/\/schema.org","@graph":[{"@type":"WebPage","@id":"https:\/\/www.helptime.ch\/tr\/immobilien\/","url":"https:\/\/www.helptime.ch\/tr\/immobilien\/","name":"Emlak - Helptime GmbH","isPartOf":{"@id":"https:\/\/www.helptime.ch\/tr\/#website"},"datePublished":"2022-01-10T10:53:03+00:00","dateModified":"2022-02-01T12:54:31+00:00","breadcrumb":{"@id":"https:\/\/www.helptime.ch\/tr\/immobilien\/#breadcrumb"},"inLanguage":"tr","potentialAction":[{"@type":"ReadAction","target":["https:\/\/www.helptime.ch\/tr\/immobilien\/"]}]},{"@type":"BreadcrumbList","@id":"https:\/\/www.helptime.ch\/tr\/immobilien\/#breadcrumb","itemListElement":[{"@type":"ListItem","position":1,"name":"Anasayfa","item":"https:\/\/www.helptime.ch\/tr\/"},{"@type":"ListItem","position":2,"name":"Emlak"}]},{"@type":"WebSite","@id":"https:\/\/www.helptime.ch\/tr\/#website","url":"https:\/\/www.helptime.ch\/tr\/","name":"Helptime GmbH","description":"Helptime-Unternehmensseite","publisher":{"@id":"https:\/\/www.helptime.ch\/tr\/#organization"},"potentialAction":[{"@type":"SearchAction","target":{"@type":"EntryPoint","urlTemplate":"https:\/\/www.helptime.ch\/tr\/?s={search_term_string}"},"query-input":{"@type":"PropertyValueSpecification","valueRequired":true,"valueName":"search_term_string"}}],"inLanguage":"tr"},{"@type":"Organization","@id":"https:\/\/www.helptime.ch\/tr\/#organization","name":"Helptime GmbH","url":"https:\/\/www.helptime.ch\/tr\/","logo":{"@type":"ImageObject","inLanguage":"tr","@id":"https:\/\/www.helptime.ch\/tr\/#\/schema\/logo\/image\/","url":"https:\/\/www.helptime.ch\/tr\/wp-content\/uploads\/sites\/4\/2022\/01\/helptimelogo.png","contentUrl":"https:\/\/www.helptime.ch\/tr\/wp-content\/uploads\/sites\/4\/2022\/01\/helptimelogo.png","width":148,"height":148,"caption":"Helptime GmbH"},"image":{"@id":"https:\/\/www.helptime.ch\/tr\/#\/schema\/logo\/image\/"}}]}},"_links":{"self":[{"href":"https:\/\/www.helptime.ch\/tr\/wp-json\/wp\/v2\/pages\/1595","targetHints":{"allow":["GET"]}}],"collection":[{"href":"https:\/\/www.helptime.ch\/tr\/wp-json\/wp\/v2\/pages"}],"about":[{"href":"https:\/\/www.helptime.ch\/tr\/wp-json\/wp\/v2\/types\/page"}],"author":[{"embeddable":true,"href":"https:\/\/www.helptime.ch\/tr\/wp-json\/wp\/v2\/users\/1"}],"replies":[{"embeddable":true,"href":"https:\/\/www.helptime.ch\/tr\/wp-json\/wp\/v2\/comments?post=1595"}],"version-history":[{"count":11,"href":"https:\/\/www.helptime.ch\/tr\/wp-json\/wp\/v2\/pages\/1595\/revisions"}],"predecessor-version":[{"id":1988,"href":"https:\/\/www.helptime.ch\/tr\/wp-json\/wp\/v2\/pages\/1595\/revisions\/1988"}],"wp:attachment":[{"href":"https:\/\/www.helptime.ch\/tr\/wp-json\/wp\/v2\/media?parent=1595"}],"curies":[{"name":"wp","href":"https:\/\/api.w.org\/{rel}","templated":true}]}}