{"id":1593,"date":"2022-01-10T10:52:51","date_gmt":"2022-01-10T10:52:51","guid":{"rendered":"https:\/\/www.helptime.ch\/tr\/?page_id=1593"},"modified":"2022-02-01T12:54:15","modified_gmt":"2022-02-01T12:54:15","slug":"rationalisierung","status":"publish","type":"page","link":"https:\/\/www.helptime.ch\/tr\/rationalisierung\/","title":{"rendered":"Rasyonelle\u015ftirme\u202f"},"content":{"rendered":"\t\t<div data-elementor-type=\"wp-page\" data-elementor-id=\"1593\" class=\"elementor elementor-1593\">\n\t\t\t\t\t\t<section class=\"elementor-section elementor-top-section elementor-element elementor-element-5f5ea06 elementor-section-boxed elementor-section-height-default elementor-section-height-default\" data-id=\"5f5ea06\" data-element_type=\"section\" data-settings=\"{&quot;background_background&quot;:&quot;classic&quot;}\">\n\t\t\t\t\t\t<div class=\"elementor-container elementor-column-gap-no\">\n\t\t\t\t\t<div class=\"elementor-column elementor-col-100 elementor-top-column elementor-element elementor-element-fb56e4f\" data-id=\"fb56e4f\" data-element_type=\"column\">\n\t\t\t<div class=\"elementor-widget-wrap\">\n\t\t\t\t\t\t\t<\/div>\n\t\t<\/div>\n\t\t\t\t\t<\/div>\n\t\t<\/section>\n\t\t\t\t<section class=\"elementor-section elementor-top-section elementor-element elementor-element-1870852 elementor-section-boxed elementor-section-height-default elementor-section-height-default\" data-id=\"1870852\" data-element_type=\"section\">\n\t\t\t\t\t\t<div class=\"elementor-container elementor-column-gap-default\">\n\t\t\t\t\t<div class=\"elementor-column elementor-col-100 elementor-top-column elementor-element elementor-element-872323c\" data-id=\"872323c\" data-element_type=\"column\">\n\t\t\t<div class=\"elementor-widget-wrap elementor-element-populated\">\n\t\t\t\t\t\t<div class=\"elementor-element elementor-element-a522be7 elementor-widget elementor-widget-heading\" data-id=\"a522be7\" data-element_type=\"widget\" data-widget_type=\"heading.default\">\n\t\t\t\t<div class=\"elementor-widget-container\">\n\t\t\t<h1 class=\"elementor-heading-title elementor-size-xxl\">Rationalisierung<\/h1>\t\t<\/div>\n\t\t\t\t<\/div>\n\t\t\t\t\t<\/div>\n\t\t<\/div>\n\t\t\t\t\t<\/div>\n\t\t<\/section>\n\t\t\t\t<section class=\"elementor-section elementor-top-section elementor-element elementor-element-c0df15c elementor-section-boxed elementor-section-height-default elementor-section-height-default\" data-id=\"c0df15c\" data-element_type=\"section\">\n\t\t\t\t\t\t<div class=\"elementor-container elementor-column-gap-default\">\n\t\t\t\t\t<div class=\"elementor-column elementor-col-100 elementor-top-column elementor-element elementor-element-fd752d1\" data-id=\"fd752d1\" data-element_type=\"column\">\n\t\t\t<div class=\"elementor-widget-wrap elementor-element-populated\">\n\t\t\t\t\t\t<div class=\"elementor-element elementor-element-e701bbb elementor-widget elementor-widget-text-editor\" data-id=\"e701bbb\" data-element_type=\"widget\" data-widget_type=\"text-editor.default\">\n\t\t\t\t<div class=\"elementor-widget-container\">\n\t\t\t\t\t\t\t<p>\u0130\u015f d\u00fcnyas\u0131 her zaman h\u0131zl\u0131 bir \u015fekilde de\u011fi\u015fir ve bir yerlerde mutlaka yeni f\u0131rsatlar yarat\u0131r. Rasyonalizasyon i\u015finizi daha karl\u0131 ve ekonomik odakl\u0131 hale getirdi\u011fimiz a\u015famad\u0131r. Basit bir ifadeyle rasyonelle\u015ftirme verimsizliklerin ortadan kald\u0131r\u0131lmas\u0131d\u0131r.<\/p>\t\t\t\t\t\t<\/div>\n\t\t\t\t<\/div>\n\t\t\t\t\t<\/div>\n\t\t<\/div>\n\t\t\t\t\t<\/div>\n\t\t<\/section>\n\t\t\t\t<\/div>\n\t\t","protected":false},"excerpt":{"rendered":"<p>Rationalisierung \u0130\u015f d\u00fcnyas\u0131 her zaman h\u0131zl\u0131 bir \u015fekilde de\u011fi\u015fir ve bir yerlerde mutlaka yeni f\u0131rsatlar yarat\u0131r. Rasyonalizasyon i\u015finizi daha karl\u0131 ve ekonomik odakl\u0131 hale getirdi\u011fimiz a\u015famad\u0131r. Basit bir ifadeyle rasyonelle\u015ftirme verimsizliklerin ortadan kald\u0131r\u0131lmas\u0131d\u0131r.<\/p>\n","protected":false},"author":1,"featured_media":0,"parent":0,"menu_order":0,"comment_status":"closed","ping_status":"closed","template":"","meta":{"site-sidebar-layout":"no-sidebar","site-content-layout":"page-builder","ast-site-content-layout":"","site-content-style":"default","site-sidebar-style":"default","ast-global-header-display":"","ast-banner-title-visibility":"","ast-main-header-display":"","ast-hfb-above-header-display":"","ast-hfb-below-header-display":"","ast-hfb-mobile-header-display":"","site-post-title":"disabled","ast-breadcrumbs-content":"","ast-featured-img":"disabled","footer-sml-layout":"","theme-transparent-header-meta":"","adv-header-id-meta":"","stick-header-meta":"","header-above-stick-meta":"","header-main-stick-meta":"","header-below-stick-meta":"","astra-migrate-meta-layouts":"default","ast-page-background-enabled":"default","ast-page-background-meta":{"desktop":{"background-color":"","background-image":"","background-repeat":"repeat","background-position":"center center","background-size":"auto","background-attachment":"scroll","background-type":"","background-media":"","overlay-type":"","overlay-color":"","overlay-opacity":"","overlay-gradient":""},"tablet":{"background-color":"","background-image":"","background-repeat":"repeat","background-position":"center center","background-size":"auto","background-attachment":"scroll","background-type":"","background-media":"","overlay-type":"","overlay-color":"","overlay-opacity":"","overlay-gradient":""},"mobile":{"background-color":"","background-image":"","background-repeat":"repeat","background-position":"center center","background-size":"auto","background-attachment":"scroll","background-type":"","background-media":"","overlay-type":"","overlay-color":"","overlay-opacity":"","overlay-gradient":""}},"ast-content-background-meta":{"desktop":{"background-color":"var(--ast-global-color-5)","background-image":"","background-repeat":"repeat","background-position":"center center","background-size":"auto","background-attachment":"scroll","background-type":"","background-media":"","overlay-type":"","overlay-color":"","overlay-opacity":"","overlay-gradient":""},"tablet":{"background-color":"var(--ast-global-color-5)","background-image":"","background-repeat":"repeat","background-position":"center center","background-size":"auto","background-attachment":"scroll","background-type":"","background-media":"","overlay-type":"","overlay-color":"","overlay-opacity":"","overlay-gradient":""},"mobile":{"background-color":"var(--ast-global-color-5)","background-image":"","background-repeat":"repeat","background-position":"center center","background-size":"auto","background-attachment":"scroll","background-type":"","background-media":"","overlay-type":"","overlay-color":"","overlay-opacity":"","overlay-gradient":""}},"footnotes":""},"class_list":["post-1593","page","type-page","status-publish","hentry"],"yoast_head":"<!-- This site is optimized with the Yoast SEO plugin v23.9 - https:\/\/yoast.com\/wordpress\/plugins\/seo\/ -->\n<title>Rasyonelle\u015ftirme\u202f - Helptime GmbH<\/title>\n<meta name=\"robots\" content=\"index, follow, max-snippet:-1, max-image-preview:large, max-video-preview:-1\" \/>\n<link rel=\"canonical\" href=\"https:\/\/www.helptime.ch\/tr\/rationalisierung\/\" \/>\n<meta property=\"og:locale\" content=\"tr_TR\" \/>\n<meta property=\"og:type\" content=\"article\" \/>\n<meta property=\"og:title\" content=\"Rasyonelle\u015ftirme\u202f - Helptime GmbH\" \/>\n<meta property=\"og:description\" content=\"Rationalisierung \u0130\u015f d\u00fcnyas\u0131 her zaman h\u0131zl\u0131 bir \u015fekilde de\u011fi\u015fir ve bir yerlerde mutlaka yeni f\u0131rsatlar yarat\u0131r. Rasyonalizasyon i\u015finizi daha karl\u0131 ve ekonomik odakl\u0131 hale getirdi\u011fimiz a\u015famad\u0131r. Basit bir ifadeyle rasyonelle\u015ftirme verimsizliklerin ortadan kald\u0131r\u0131lmas\u0131d\u0131r.\" \/>\n<meta property=\"og:url\" content=\"https:\/\/www.helptime.ch\/tr\/rationalisierung\/\" \/>\n<meta property=\"og:site_name\" content=\"Helptime GmbH\" \/>\n<meta property=\"article:modified_time\" content=\"2022-02-01T12:54:15+00:00\" \/>\n<meta name=\"twitter:card\" content=\"summary_large_image\" \/>\n<script type=\"application\/ld+json\" class=\"yoast-schema-graph\">{\"@context\":\"https:\/\/schema.org\",\"@graph\":[{\"@type\":\"WebPage\",\"@id\":\"https:\/\/www.helptime.ch\/tr\/rationalisierung\/\",\"url\":\"https:\/\/www.helptime.ch\/tr\/rationalisierung\/\",\"name\":\"Rasyonelle\u015ftirme\u202f - Helptime GmbH\",\"isPartOf\":{\"@id\":\"https:\/\/www.helptime.ch\/tr\/#website\"},\"datePublished\":\"2022-01-10T10:52:51+00:00\",\"dateModified\":\"2022-02-01T12:54:15+00:00\",\"breadcrumb\":{\"@id\":\"https:\/\/www.helptime.ch\/tr\/rationalisierung\/#breadcrumb\"},\"inLanguage\":\"tr\",\"potentialAction\":[{\"@type\":\"ReadAction\",\"target\":[\"https:\/\/www.helptime.ch\/tr\/rationalisierung\/\"]}]},{\"@type\":\"BreadcrumbList\",\"@id\":\"https:\/\/www.helptime.ch\/tr\/rationalisierung\/#breadcrumb\",\"itemListElement\":[{\"@type\":\"ListItem\",\"position\":1,\"name\":\"Anasayfa\",\"item\":\"https:\/\/www.helptime.ch\/tr\/\"},{\"@type\":\"ListItem\",\"position\":2,\"name\":\"Rasyonelle\u015ftirme\u202f\"}]},{\"@type\":\"WebSite\",\"@id\":\"https:\/\/www.helptime.ch\/tr\/#website\",\"url\":\"https:\/\/www.helptime.ch\/tr\/\",\"name\":\"Helptime GmbH\",\"description\":\"Helptime-Unternehmensseite\",\"publisher\":{\"@id\":\"https:\/\/www.helptime.ch\/tr\/#organization\"},\"potentialAction\":[{\"@type\":\"SearchAction\",\"target\":{\"@type\":\"EntryPoint\",\"urlTemplate\":\"https:\/\/www.helptime.ch\/tr\/?s={search_term_string}\"},\"query-input\":{\"@type\":\"PropertyValueSpecification\",\"valueRequired\":true,\"valueName\":\"search_term_string\"}}],\"inLanguage\":\"tr\"},{\"@type\":\"Organization\",\"@id\":\"https:\/\/www.helptime.ch\/tr\/#organization\",\"name\":\"Helptime GmbH\",\"url\":\"https:\/\/www.helptime.ch\/tr\/\",\"logo\":{\"@type\":\"ImageObject\",\"inLanguage\":\"tr\",\"@id\":\"https:\/\/www.helptime.ch\/tr\/#\/schema\/logo\/image\/\",\"url\":\"https:\/\/www.helptime.ch\/tr\/wp-content\/uploads\/sites\/4\/2022\/01\/helptimelogo.png\",\"contentUrl\":\"https:\/\/www.helptime.ch\/tr\/wp-content\/uploads\/sites\/4\/2022\/01\/helptimelogo.png\",\"width\":148,\"height\":148,\"caption\":\"Helptime GmbH\"},\"image\":{\"@id\":\"https:\/\/www.helptime.ch\/tr\/#\/schema\/logo\/image\/\"}}]}<\/script>\n<!-- \/ Yoast SEO plugin. -->","yoast_head_json":{"title":"Rasyonelle\u015ftirme\u202f - Helptime GmbH","robots":{"index":"index","follow":"follow","max-snippet":"max-snippet:-1","max-image-preview":"max-image-preview:large","max-video-preview":"max-video-preview:-1"},"canonical":"https:\/\/www.helptime.ch\/tr\/rationalisierung\/","og_locale":"tr_TR","og_type":"article","og_title":"Rasyonelle\u015ftirme\u202f - Helptime GmbH","og_description":"Rationalisierung \u0130\u015f d\u00fcnyas\u0131 her zaman h\u0131zl\u0131 bir \u015fekilde de\u011fi\u015fir ve bir yerlerde mutlaka yeni f\u0131rsatlar yarat\u0131r. Rasyonalizasyon i\u015finizi daha karl\u0131 ve ekonomik odakl\u0131 hale getirdi\u011fimiz a\u015famad\u0131r. Basit bir ifadeyle rasyonelle\u015ftirme verimsizliklerin ortadan kald\u0131r\u0131lmas\u0131d\u0131r.","og_url":"https:\/\/www.helptime.ch\/tr\/rationalisierung\/","og_site_name":"Helptime GmbH","article_modified_time":"2022-02-01T12:54:15+00:00","twitter_card":"summary_large_image","schema":{"@context":"https:\/\/schema.org","@graph":[{"@type":"WebPage","@id":"https:\/\/www.helptime.ch\/tr\/rationalisierung\/","url":"https:\/\/www.helptime.ch\/tr\/rationalisierung\/","name":"Rasyonelle\u015ftirme\u202f - Helptime GmbH","isPartOf":{"@id":"https:\/\/www.helptime.ch\/tr\/#website"},"datePublished":"2022-01-10T10:52:51+00:00","dateModified":"2022-02-01T12:54:15+00:00","breadcrumb":{"@id":"https:\/\/www.helptime.ch\/tr\/rationalisierung\/#breadcrumb"},"inLanguage":"tr","potentialAction":[{"@type":"ReadAction","target":["https:\/\/www.helptime.ch\/tr\/rationalisierung\/"]}]},{"@type":"BreadcrumbList","@id":"https:\/\/www.helptime.ch\/tr\/rationalisierung\/#breadcrumb","itemListElement":[{"@type":"ListItem","position":1,"name":"Anasayfa","item":"https:\/\/www.helptime.ch\/tr\/"},{"@type":"ListItem","position":2,"name":"Rasyonelle\u015ftirme\u202f"}]},{"@type":"WebSite","@id":"https:\/\/www.helptime.ch\/tr\/#website","url":"https:\/\/www.helptime.ch\/tr\/","name":"Helptime GmbH","description":"Helptime-Unternehmensseite","publisher":{"@id":"https:\/\/www.helptime.ch\/tr\/#organization"},"potentialAction":[{"@type":"SearchAction","target":{"@type":"EntryPoint","urlTemplate":"https:\/\/www.helptime.ch\/tr\/?s={search_term_string}"},"query-input":{"@type":"PropertyValueSpecification","valueRequired":true,"valueName":"search_term_string"}}],"inLanguage":"tr"},{"@type":"Organization","@id":"https:\/\/www.helptime.ch\/tr\/#organization","name":"Helptime GmbH","url":"https:\/\/www.helptime.ch\/tr\/","logo":{"@type":"ImageObject","inLanguage":"tr","@id":"https:\/\/www.helptime.ch\/tr\/#\/schema\/logo\/image\/","url":"https:\/\/www.helptime.ch\/tr\/wp-content\/uploads\/sites\/4\/2022\/01\/helptimelogo.png","contentUrl":"https:\/\/www.helptime.ch\/tr\/wp-content\/uploads\/sites\/4\/2022\/01\/helptimelogo.png","width":148,"height":148,"caption":"Helptime GmbH"},"image":{"@id":"https:\/\/www.helptime.ch\/tr\/#\/schema\/logo\/image\/"}}]}},"_links":{"self":[{"href":"https:\/\/www.helptime.ch\/tr\/wp-json\/wp\/v2\/pages\/1593","targetHints":{"allow":["GET"]}}],"collection":[{"href":"https:\/\/www.helptime.ch\/tr\/wp-json\/wp\/v2\/pages"}],"about":[{"href":"https:\/\/www.helptime.ch\/tr\/wp-json\/wp\/v2\/types\/page"}],"author":[{"embeddable":true,"href":"https:\/\/www.helptime.ch\/tr\/wp-json\/wp\/v2\/users\/1"}],"replies":[{"embeddable":true,"href":"https:\/\/www.helptime.ch\/tr\/wp-json\/wp\/v2\/comments?post=1593"}],"version-history":[{"count":17,"href":"https:\/\/www.helptime.ch\/tr\/wp-json\/wp\/v2\/pages\/1593\/revisions"}],"predecessor-version":[{"id":1985,"href":"https:\/\/www.helptime.ch\/tr\/wp-json\/wp\/v2\/pages\/1593\/revisions\/1985"}],"wp:attachment":[{"href":"https:\/\/www.helptime.ch\/tr\/wp-json\/wp\/v2\/media?parent=1593"}],"curies":[{"name":"wp","href":"https:\/\/api.w.org\/{rel}","templated":true}]}}