{"id":1590,"date":"2022-01-10T10:52:19","date_gmt":"2022-01-10T10:52:19","guid":{"rendered":"https:\/\/www.helptime.ch\/tr\/?page_id=1590"},"modified":"2022-02-01T12:53:53","modified_gmt":"2022-02-01T12:53:53","slug":"marketing","status":"publish","type":"page","link":"https:\/\/www.helptime.ch\/tr\/marketing\/","title":{"rendered":"Pazarlama"},"content":{"rendered":"\t\t<div data-elementor-type=\"wp-page\" data-elementor-id=\"1590\" class=\"elementor elementor-1590\">\n\t\t\t\t\t\t<section class=\"elementor-section elementor-top-section elementor-element elementor-element-7023544 elementor-section-boxed elementor-section-height-default elementor-section-height-default\" data-id=\"7023544\" data-element_type=\"section\" data-settings=\"{&quot;background_background&quot;:&quot;classic&quot;}\">\n\t\t\t\t\t\t<div class=\"elementor-container elementor-column-gap-no\">\n\t\t\t\t\t<div class=\"elementor-column elementor-col-100 elementor-top-column elementor-element elementor-element-70389a3\" data-id=\"70389a3\" data-element_type=\"column\">\n\t\t\t<div class=\"elementor-widget-wrap\">\n\t\t\t\t\t\t\t<\/div>\n\t\t<\/div>\n\t\t\t\t\t<\/div>\n\t\t<\/section>\n\t\t\t\t<section class=\"elementor-section elementor-top-section elementor-element elementor-element-f1a806f elementor-section-boxed elementor-section-height-default elementor-section-height-default\" data-id=\"f1a806f\" data-element_type=\"section\">\n\t\t\t\t\t\t<div class=\"elementor-container elementor-column-gap-default\">\n\t\t\t\t\t<div class=\"elementor-column elementor-col-100 elementor-top-column elementor-element elementor-element-4672449\" data-id=\"4672449\" data-element_type=\"column\">\n\t\t\t<div class=\"elementor-widget-wrap elementor-element-populated\">\n\t\t\t\t\t\t<div class=\"elementor-element elementor-element-0505ab6 elementor-widget elementor-widget-heading\" data-id=\"0505ab6\" data-element_type=\"widget\" data-widget_type=\"heading.default\">\n\t\t\t\t<div class=\"elementor-widget-container\">\n\t\t\t<h1 class=\"elementor-heading-title elementor-size-xxl\">Pazarlama<\/h1>\t\t<\/div>\n\t\t\t\t<\/div>\n\t\t\t\t\t<\/div>\n\t\t<\/div>\n\t\t\t\t\t<\/div>\n\t\t<\/section>\n\t\t\t\t<section class=\"elementor-section elementor-top-section elementor-element elementor-element-2c987c5 elementor-section-boxed elementor-section-height-default elementor-section-height-default\" data-id=\"2c987c5\" data-element_type=\"section\">\n\t\t\t\t\t\t<div class=\"elementor-container elementor-column-gap-default\">\n\t\t\t\t\t<div class=\"elementor-column elementor-col-100 elementor-top-column elementor-element elementor-element-79d6a8a\" data-id=\"79d6a8a\" data-element_type=\"column\">\n\t\t\t<div class=\"elementor-widget-wrap elementor-element-populated\">\n\t\t\t\t\t\t<div class=\"elementor-element elementor-element-6f20ac7 elementor-widget elementor-widget-text-editor\" data-id=\"6f20ac7\" data-element_type=\"widget\" data-widget_type=\"text-editor.default\">\n\t\t\t\t<div class=\"elementor-widget-container\">\n\t\t\t\t\t\t\t<p><span style=\"color: #808080; font-family: Poppins, Arial, sans-serif; font-size: 15px; text-align: justify;\">Ortaklar\u0131m\u0131z\u0131n pazarlama faaliyetlerini y\u00fcr\u00fctmek i\u00e7in uzmanl\u0131\u011f\u0131m\u0131zdan ve ili\u015fkilerimizden yararlan\u0131yoruz. \u0130\u015finiz ne olursa olsun satt\u0131\u011f\u0131n\u0131z \u015feyin kar\u015f\u0131l\u0131\u011f\u0131n\u0131 en iyi \u015fekilde alman\u0131z i\u00e7in piyasay\u0131 iyice anl\u0131yoruz ve size do\u011fru al\u0131c\u0131lar buluyoruz. Klasik pazarlaman\u0131n yan\u0131nda \u015firketinizin ihtiyac\u0131 olan t\u00fcm dijital pazarlama faaliyetlerini \u00fcstlenebilecek bir ekibi b\u00fcnyesinde bulundurur. Pazarlama y\u00f6netimi, kurumsal y\u00f6netim anlay\u0131\u015f\u0131n\u0131 tan\u0131mlar. Odak noktas\u0131 yaln\u0131zca planlama de\u011fil, ayn\u0131 zamanda pazar\u0131n gereklilikleriyle ilgili t\u00fcm faaliyetlerin kontrol\u00fc ve koordinasyonudur. Sadece bir \u00fcr\u00fcn de\u011fil, ayn\u0131 zamanda bir marka ve bir hizmetin reklam\u0131 yap\u0131labilir. Pazarlama ayn\u0131 zamanda m\u00fc\u015fterilerin beklenti ve ihtiya\u00e7lar\u0131n\u0131 kar\u015f\u0131lamak i\u00e7in pazar odakl\u0131 ve b\u00fct\u00fcnsel bir kurumsal y\u00f6netim kavram\u0131n\u0131 ifade eder. \u00dcr\u00fcn ve reklam y\u00f6netimi, y\u00fcksek performans\u0131n yan\u0131 s\u0131ra m\u00fckemmel hizmet ve \u00e7ok iyi ileti\u015fim i\u00e7in de \u00e7aba g\u00f6stermelidir.<\/span><\/p>\t\t\t\t\t\t<\/div>\n\t\t\t\t<\/div>\n\t\t\t\t\t<\/div>\n\t\t<\/div>\n\t\t\t\t\t<\/div>\n\t\t<\/section>\n\t\t\t\t<\/div>\n\t\t","protected":false},"excerpt":{"rendered":"<p>Pazarlama Ortaklar\u0131m\u0131z\u0131n pazarlama faaliyetlerini y\u00fcr\u00fctmek i\u00e7in uzmanl\u0131\u011f\u0131m\u0131zdan ve ili\u015fkilerimizden yararlan\u0131yoruz. \u0130\u015finiz ne olursa olsun satt\u0131\u011f\u0131n\u0131z \u015feyin kar\u015f\u0131l\u0131\u011f\u0131n\u0131 en iyi \u015fekilde alman\u0131z i\u00e7in piyasay\u0131 iyice anl\u0131yoruz ve size do\u011fru al\u0131c\u0131lar buluyoruz. Klasik pazarlaman\u0131n yan\u0131nda \u015firketinizin ihtiyac\u0131 olan t\u00fcm dijital pazarlama faaliyetlerini \u00fcstlenebilecek bir ekibi b\u00fcnyesinde bulundurur. Pazarlama y\u00f6netimi, kurumsal y\u00f6netim anlay\u0131\u015f\u0131n\u0131 tan\u0131mlar. Odak noktas\u0131 yaln\u0131zca planlama [&hellip;]<\/p>\n","protected":false},"author":1,"featured_media":0,"parent":0,"menu_order":0,"comment_status":"closed","ping_status":"closed","template":"","meta":{"site-sidebar-layout":"no-sidebar","site-content-layout":"page-builder","ast-site-content-layout":"","site-content-style":"default","site-sidebar-style":"default","ast-global-header-display":"","ast-banner-title-visibility":"","ast-main-header-display":"","ast-hfb-above-header-display":"","ast-hfb-below-header-display":"","ast-hfb-mobile-header-display":"","site-post-title":"disabled","ast-breadcrumbs-content":"","ast-featured-img":"disabled","footer-sml-layout":"","theme-transparent-header-meta":"","adv-header-id-meta":"","stick-header-meta":"","header-above-stick-meta":"","header-main-stick-meta":"","header-below-stick-meta":"","astra-migrate-meta-layouts":"default","ast-page-background-enabled":"default","ast-page-background-meta":{"desktop":{"background-color":"","background-image":"","background-repeat":"repeat","background-position":"center center","background-size":"auto","background-attachment":"scroll","background-type":"","background-media":"","overlay-type":"","overlay-color":"","overlay-opacity":"","overlay-gradient":""},"tablet":{"background-color":"","background-image":"","background-repeat":"repeat","background-position":"center center","background-size":"auto","background-attachment":"scroll","background-type":"","background-media":"","overlay-type":"","overlay-color":"","overlay-opacity":"","overlay-gradient":""},"mobile":{"background-color":"","background-image":"","background-repeat":"repeat","background-position":"center center","background-size":"auto","background-attachment":"scroll","background-type":"","background-media":"","overlay-type":"","overlay-color":"","overlay-opacity":"","overlay-gradient":""}},"ast-content-background-meta":{"desktop":{"background-color":"var(--ast-global-color-5)","background-image":"","background-repeat":"repeat","background-position":"center center","background-size":"auto","background-attachment":"scroll","background-type":"","background-media":"","overlay-type":"","overlay-color":"","overlay-opacity":"","overlay-gradient":""},"tablet":{"background-color":"var(--ast-global-color-5)","background-image":"","background-repeat":"repeat","background-position":"center center","background-size":"auto","background-attachment":"scroll","background-type":"","background-media":"","overlay-type":"","overlay-color":"","overlay-opacity":"","overlay-gradient":""},"mobile":{"background-color":"var(--ast-global-color-5)","background-image":"","background-repeat":"repeat","background-position":"center center","background-size":"auto","background-attachment":"scroll","background-type":"","background-media":"","overlay-type":"","overlay-color":"","overlay-opacity":"","overlay-gradient":""}},"footnotes":""},"class_list":["post-1590","page","type-page","status-publish","hentry"],"yoast_head":"<!-- This site is optimized with the Yoast SEO plugin v23.9 - https:\/\/yoast.com\/wordpress\/plugins\/seo\/ -->\n<title>Pazarlama - Helptime GmbH<\/title>\n<meta name=\"robots\" content=\"index, follow, max-snippet:-1, max-image-preview:large, max-video-preview:-1\" \/>\n<link rel=\"canonical\" href=\"https:\/\/www.helptime.ch\/tr\/marketing\/\" \/>\n<meta property=\"og:locale\" content=\"tr_TR\" \/>\n<meta property=\"og:type\" content=\"article\" \/>\n<meta property=\"og:title\" content=\"Pazarlama - Helptime GmbH\" \/>\n<meta property=\"og:description\" content=\"Pazarlama Ortaklar\u0131m\u0131z\u0131n pazarlama faaliyetlerini y\u00fcr\u00fctmek i\u00e7in uzmanl\u0131\u011f\u0131m\u0131zdan ve ili\u015fkilerimizden yararlan\u0131yoruz. \u0130\u015finiz ne olursa olsun satt\u0131\u011f\u0131n\u0131z \u015feyin kar\u015f\u0131l\u0131\u011f\u0131n\u0131 en iyi \u015fekilde alman\u0131z i\u00e7in piyasay\u0131 iyice anl\u0131yoruz ve size do\u011fru al\u0131c\u0131lar buluyoruz. Klasik pazarlaman\u0131n yan\u0131nda \u015firketinizin ihtiyac\u0131 olan t\u00fcm dijital pazarlama faaliyetlerini \u00fcstlenebilecek bir ekibi b\u00fcnyesinde bulundurur. Pazarlama y\u00f6netimi, kurumsal y\u00f6netim anlay\u0131\u015f\u0131n\u0131 tan\u0131mlar. Odak noktas\u0131 yaln\u0131zca planlama [&hellip;]\" \/>\n<meta property=\"og:url\" content=\"https:\/\/www.helptime.ch\/tr\/marketing\/\" \/>\n<meta property=\"og:site_name\" content=\"Helptime GmbH\" \/>\n<meta property=\"article:modified_time\" content=\"2022-02-01T12:53:53+00:00\" \/>\n<meta name=\"twitter:card\" content=\"summary_large_image\" \/>\n<meta name=\"twitter:label1\" content=\"Tahmini okuma s\u00fcresi\" \/>\n\t<meta name=\"twitter:data1\" content=\"1 dakika\" \/>\n<script type=\"application\/ld+json\" class=\"yoast-schema-graph\">{\"@context\":\"https:\/\/schema.org\",\"@graph\":[{\"@type\":\"WebPage\",\"@id\":\"https:\/\/www.helptime.ch\/tr\/marketing\/\",\"url\":\"https:\/\/www.helptime.ch\/tr\/marketing\/\",\"name\":\"Pazarlama - Helptime GmbH\",\"isPartOf\":{\"@id\":\"https:\/\/www.helptime.ch\/tr\/#website\"},\"datePublished\":\"2022-01-10T10:52:19+00:00\",\"dateModified\":\"2022-02-01T12:53:53+00:00\",\"breadcrumb\":{\"@id\":\"https:\/\/www.helptime.ch\/tr\/marketing\/#breadcrumb\"},\"inLanguage\":\"tr\",\"potentialAction\":[{\"@type\":\"ReadAction\",\"target\":[\"https:\/\/www.helptime.ch\/tr\/marketing\/\"]}]},{\"@type\":\"BreadcrumbList\",\"@id\":\"https:\/\/www.helptime.ch\/tr\/marketing\/#breadcrumb\",\"itemListElement\":[{\"@type\":\"ListItem\",\"position\":1,\"name\":\"Anasayfa\",\"item\":\"https:\/\/www.helptime.ch\/tr\/\"},{\"@type\":\"ListItem\",\"position\":2,\"name\":\"Pazarlama\"}]},{\"@type\":\"WebSite\",\"@id\":\"https:\/\/www.helptime.ch\/tr\/#website\",\"url\":\"https:\/\/www.helptime.ch\/tr\/\",\"name\":\"Helptime GmbH\",\"description\":\"Helptime-Unternehmensseite\",\"publisher\":{\"@id\":\"https:\/\/www.helptime.ch\/tr\/#organization\"},\"potentialAction\":[{\"@type\":\"SearchAction\",\"target\":{\"@type\":\"EntryPoint\",\"urlTemplate\":\"https:\/\/www.helptime.ch\/tr\/?s={search_term_string}\"},\"query-input\":{\"@type\":\"PropertyValueSpecification\",\"valueRequired\":true,\"valueName\":\"search_term_string\"}}],\"inLanguage\":\"tr\"},{\"@type\":\"Organization\",\"@id\":\"https:\/\/www.helptime.ch\/tr\/#organization\",\"name\":\"Helptime GmbH\",\"url\":\"https:\/\/www.helptime.ch\/tr\/\",\"logo\":{\"@type\":\"ImageObject\",\"inLanguage\":\"tr\",\"@id\":\"https:\/\/www.helptime.ch\/tr\/#\/schema\/logo\/image\/\",\"url\":\"https:\/\/www.helptime.ch\/tr\/wp-content\/uploads\/sites\/4\/2022\/01\/helptimelogo.png\",\"contentUrl\":\"https:\/\/www.helptime.ch\/tr\/wp-content\/uploads\/sites\/4\/2022\/01\/helptimelogo.png\",\"width\":148,\"height\":148,\"caption\":\"Helptime GmbH\"},\"image\":{\"@id\":\"https:\/\/www.helptime.ch\/tr\/#\/schema\/logo\/image\/\"}}]}<\/script>\n<!-- \/ Yoast SEO plugin. -->","yoast_head_json":{"title":"Pazarlama - Helptime GmbH","robots":{"index":"index","follow":"follow","max-snippet":"max-snippet:-1","max-image-preview":"max-image-preview:large","max-video-preview":"max-video-preview:-1"},"canonical":"https:\/\/www.helptime.ch\/tr\/marketing\/","og_locale":"tr_TR","og_type":"article","og_title":"Pazarlama - Helptime GmbH","og_description":"Pazarlama Ortaklar\u0131m\u0131z\u0131n pazarlama faaliyetlerini y\u00fcr\u00fctmek i\u00e7in uzmanl\u0131\u011f\u0131m\u0131zdan ve ili\u015fkilerimizden yararlan\u0131yoruz. \u0130\u015finiz ne olursa olsun satt\u0131\u011f\u0131n\u0131z \u015feyin kar\u015f\u0131l\u0131\u011f\u0131n\u0131 en iyi \u015fekilde alman\u0131z i\u00e7in piyasay\u0131 iyice anl\u0131yoruz ve size do\u011fru al\u0131c\u0131lar buluyoruz. Klasik pazarlaman\u0131n yan\u0131nda \u015firketinizin ihtiyac\u0131 olan t\u00fcm dijital pazarlama faaliyetlerini \u00fcstlenebilecek bir ekibi b\u00fcnyesinde bulundurur. Pazarlama y\u00f6netimi, kurumsal y\u00f6netim anlay\u0131\u015f\u0131n\u0131 tan\u0131mlar. Odak noktas\u0131 yaln\u0131zca planlama [&hellip;]","og_url":"https:\/\/www.helptime.ch\/tr\/marketing\/","og_site_name":"Helptime GmbH","article_modified_time":"2022-02-01T12:53:53+00:00","twitter_card":"summary_large_image","twitter_misc":{"Tahmini okuma s\u00fcresi":"1 dakika"},"schema":{"@context":"https:\/\/schema.org","@graph":[{"@type":"WebPage","@id":"https:\/\/www.helptime.ch\/tr\/marketing\/","url":"https:\/\/www.helptime.ch\/tr\/marketing\/","name":"Pazarlama - Helptime GmbH","isPartOf":{"@id":"https:\/\/www.helptime.ch\/tr\/#website"},"datePublished":"2022-01-10T10:52:19+00:00","dateModified":"2022-02-01T12:53:53+00:00","breadcrumb":{"@id":"https:\/\/www.helptime.ch\/tr\/marketing\/#breadcrumb"},"inLanguage":"tr","potentialAction":[{"@type":"ReadAction","target":["https:\/\/www.helptime.ch\/tr\/marketing\/"]}]},{"@type":"BreadcrumbList","@id":"https:\/\/www.helptime.ch\/tr\/marketing\/#breadcrumb","itemListElement":[{"@type":"ListItem","position":1,"name":"Anasayfa","item":"https:\/\/www.helptime.ch\/tr\/"},{"@type":"ListItem","position":2,"name":"Pazarlama"}]},{"@type":"WebSite","@id":"https:\/\/www.helptime.ch\/tr\/#website","url":"https:\/\/www.helptime.ch\/tr\/","name":"Helptime GmbH","description":"Helptime-Unternehmensseite","publisher":{"@id":"https:\/\/www.helptime.ch\/tr\/#organization"},"potentialAction":[{"@type":"SearchAction","target":{"@type":"EntryPoint","urlTemplate":"https:\/\/www.helptime.ch\/tr\/?s={search_term_string}"},"query-input":{"@type":"PropertyValueSpecification","valueRequired":true,"valueName":"search_term_string"}}],"inLanguage":"tr"},{"@type":"Organization","@id":"https:\/\/www.helptime.ch\/tr\/#organization","name":"Helptime GmbH","url":"https:\/\/www.helptime.ch\/tr\/","logo":{"@type":"ImageObject","inLanguage":"tr","@id":"https:\/\/www.helptime.ch\/tr\/#\/schema\/logo\/image\/","url":"https:\/\/www.helptime.ch\/tr\/wp-content\/uploads\/sites\/4\/2022\/01\/helptimelogo.png","contentUrl":"https:\/\/www.helptime.ch\/tr\/wp-content\/uploads\/sites\/4\/2022\/01\/helptimelogo.png","width":148,"height":148,"caption":"Helptime GmbH"},"image":{"@id":"https:\/\/www.helptime.ch\/tr\/#\/schema\/logo\/image\/"}}]}},"_links":{"self":[{"href":"https:\/\/www.helptime.ch\/tr\/wp-json\/wp\/v2\/pages\/1590","targetHints":{"allow":["GET"]}}],"collection":[{"href":"https:\/\/www.helptime.ch\/tr\/wp-json\/wp\/v2\/pages"}],"about":[{"href":"https:\/\/www.helptime.ch\/tr\/wp-json\/wp\/v2\/types\/page"}],"author":[{"embeddable":true,"href":"https:\/\/www.helptime.ch\/tr\/wp-json\/wp\/v2\/users\/1"}],"replies":[{"embeddable":true,"href":"https:\/\/www.helptime.ch\/tr\/wp-json\/wp\/v2\/comments?post=1590"}],"version-history":[{"count":11,"href":"https:\/\/www.helptime.ch\/tr\/wp-json\/wp\/v2\/pages\/1590\/revisions"}],"predecessor-version":[{"id":1982,"href":"https:\/\/www.helptime.ch\/tr\/wp-json\/wp\/v2\/pages\/1590\/revisions\/1982"}],"wp:attachment":[{"href":"https:\/\/www.helptime.ch\/tr\/wp-json\/wp\/v2\/media?parent=1590"}],"curies":[{"name":"wp","href":"https:\/\/api.w.org\/{rel}","templated":true}]}}