{"id":1588,"date":"2022-01-10T10:52:07","date_gmt":"2022-01-10T10:52:07","guid":{"rendered":"https:\/\/www.helptime.ch\/tr\/?page_id=1588"},"modified":"2022-02-01T12:53:35","modified_gmt":"2022-02-01T12:53:35","slug":"software","status":"publish","type":"page","link":"https:\/\/www.helptime.ch\/tr\/software\/","title":{"rendered":"Yaz\u0131l\u0131m"},"content":{"rendered":"\t\t<div data-elementor-type=\"wp-page\" data-elementor-id=\"1588\" class=\"elementor elementor-1588\">\n\t\t\t\t\t\t<section class=\"elementor-section elementor-top-section elementor-element elementor-element-f5e1fb5 elementor-section-boxed elementor-section-height-default elementor-section-height-default\" data-id=\"f5e1fb5\" data-element_type=\"section\" data-settings=\"{&quot;background_background&quot;:&quot;classic&quot;}\">\n\t\t\t\t\t\t<div class=\"elementor-container elementor-column-gap-no\">\n\t\t\t\t\t<div class=\"elementor-column elementor-col-100 elementor-top-column elementor-element elementor-element-9455daf\" data-id=\"9455daf\" data-element_type=\"column\">\n\t\t\t<div class=\"elementor-widget-wrap\">\n\t\t\t\t\t\t\t<\/div>\n\t\t<\/div>\n\t\t\t\t\t<\/div>\n\t\t<\/section>\n\t\t\t\t<section class=\"elementor-section elementor-top-section elementor-element elementor-element-783b829 elementor-section-boxed elementor-section-height-default elementor-section-height-default\" data-id=\"783b829\" data-element_type=\"section\">\n\t\t\t\t\t\t<div class=\"elementor-container elementor-column-gap-default\">\n\t\t\t\t\t<div class=\"elementor-column elementor-col-100 elementor-top-column elementor-element elementor-element-3f82219\" data-id=\"3f82219\" data-element_type=\"column\">\n\t\t\t<div class=\"elementor-widget-wrap elementor-element-populated\">\n\t\t\t\t\t\t<div class=\"elementor-element elementor-element-b096d3e elementor-widget elementor-widget-heading\" data-id=\"b096d3e\" data-element_type=\"widget\" data-widget_type=\"heading.default\">\n\t\t\t\t<div class=\"elementor-widget-container\">\n\t\t\t<h1 class=\"elementor-heading-title elementor-size-xxl\"><h2 style=\"margin-bottom: 0.5rem;line-height: 1.5;font-size: 2rem;font-family: Poppins, Arial, sans-serif;font-style: normal\">Yaz\u0131l\u0131m<\/h2><\/h1>\t\t<\/div>\n\t\t\t\t<\/div>\n\t\t\t\t\t<\/div>\n\t\t<\/div>\n\t\t\t\t\t<\/div>\n\t\t<\/section>\n\t\t\t\t<section class=\"elementor-section elementor-top-section elementor-element elementor-element-1952ef4 elementor-section-boxed elementor-section-height-default elementor-section-height-default\" data-id=\"1952ef4\" data-element_type=\"section\">\n\t\t\t\t\t\t<div class=\"elementor-container elementor-column-gap-default\">\n\t\t\t\t\t<div class=\"elementor-column elementor-col-100 elementor-top-column elementor-element elementor-element-974f250\" data-id=\"974f250\" data-element_type=\"column\">\n\t\t\t<div class=\"elementor-widget-wrap elementor-element-populated\">\n\t\t\t\t\t\t<div class=\"elementor-element elementor-element-f9a492e elementor-widget elementor-widget-text-editor\" data-id=\"f9a492e\" data-element_type=\"widget\" data-widget_type=\"text-editor.default\">\n\t\t\t\t<div class=\"elementor-widget-container\">\n\t\t\t\t\t\t\t<p>Ki\u015fisel ve kurumsal yaz\u0131l\u0131m isteklerinizi kar\u015f\u0131lamak i\u00e7in 3 ad\u0131mda \u00e7al\u0131\u015f\u0131yoruz:<\/p>\t\t\t\t\t\t<\/div>\n\t\t\t\t<\/div>\n\t\t\t\t\t<\/div>\n\t\t<\/div>\n\t\t\t\t\t<\/div>\n\t\t<\/section>\n\t\t\t\t<section class=\"elementor-section elementor-top-section elementor-element elementor-element-c82ff52 elementor-section-boxed elementor-section-height-default elementor-section-height-default\" data-id=\"c82ff52\" data-element_type=\"section\">\n\t\t\t\t\t\t<div class=\"elementor-container elementor-column-gap-default\">\n\t\t\t\t\t<div class=\"elementor-column elementor-col-100 elementor-top-column elementor-element elementor-element-b28d243\" data-id=\"b28d243\" data-element_type=\"column\">\n\t\t\t<div class=\"elementor-widget-wrap elementor-element-populated\">\n\t\t\t\t\t\t<div class=\"elementor-element elementor-element-eba5312 elementor-widget elementor-widget-heading\" data-id=\"eba5312\" data-element_type=\"widget\" data-widget_type=\"heading.default\">\n\t\t\t\t<div class=\"elementor-widget-container\">\n\t\t\t<h2 class=\"elementor-heading-title elementor-size-large\">Strateji<\/h2>\t\t<\/div>\n\t\t\t\t<\/div>\n\t\t\t\t<div class=\"elementor-element elementor-element-d2ac2f8 elementor-widget elementor-widget-text-editor\" data-id=\"d2ac2f8\" data-element_type=\"widget\" data-widget_type=\"text-editor.default\">\n\t\t\t\t<div class=\"elementor-widget-container\">\n\t\t\t\t\t\t\t<p>Fikrinizi ger\u00e7e\u011fe d\u00f6n\u00fc\u015ft\u00fcrmek i\u00e7in eylem plan\u0131 olu\u015fturuyoruz. Potansiyel f\u0131rsatlar\u0131 ortaya \u00e7\u0131kar\u0131p projeye ba\u015flamadan \u00f6nce t\u00fcm detaylar\u0131 planlad\u0131\u011f\u0131m\u0131z k\u0131s\u0131md\u0131r.<\/p>\t\t\t\t\t\t<\/div>\n\t\t\t\t<\/div>\n\t\t\t\t\t<\/div>\n\t\t<\/div>\n\t\t\t\t\t<\/div>\n\t\t<\/section>\n\t\t\t\t<section class=\"elementor-section elementor-top-section elementor-element elementor-element-9d23bd6 elementor-section-boxed elementor-section-height-default elementor-section-height-default\" data-id=\"9d23bd6\" data-element_type=\"section\">\n\t\t\t\t\t\t<div class=\"elementor-container elementor-column-gap-default\">\n\t\t\t\t\t<div class=\"elementor-column elementor-col-100 elementor-top-column elementor-element elementor-element-c1a23fe\" data-id=\"c1a23fe\" data-element_type=\"column\">\n\t\t\t<div class=\"elementor-widget-wrap elementor-element-populated\">\n\t\t\t\t\t\t<div class=\"elementor-element elementor-element-b09c43d elementor-widget elementor-widget-heading\" data-id=\"b09c43d\" data-element_type=\"widget\" data-widget_type=\"heading.default\">\n\t\t\t\t<div class=\"elementor-widget-container\">\n\t\t\t<h2 class=\"elementor-heading-title elementor-size-large\">Ke\u015fif<\/h2>\t\t<\/div>\n\t\t\t\t<\/div>\n\t\t\t\t<div class=\"elementor-element elementor-element-3856c89 elementor-widget elementor-widget-text-editor\" data-id=\"3856c89\" data-element_type=\"widget\" data-widget_type=\"text-editor.default\">\n\t\t\t\t<div class=\"elementor-widget-container\">\n\t\t\t\t\t\t\t<p>M\u00fc\u015fterilerin \u00fcr\u00fcn\u00fcn\u00fcz\u00fc sevmesi i\u00e7in tasar\u0131m ekibimiz taslaklar olu\u015fturur ve pazar\u0131 \u00f6nceden ara\u015ft\u0131r\u0131r.<\/p>\t\t\t\t\t\t<\/div>\n\t\t\t\t<\/div>\n\t\t\t\t\t<\/div>\n\t\t<\/div>\n\t\t\t\t\t<\/div>\n\t\t<\/section>\n\t\t\t\t<section class=\"elementor-section elementor-top-section elementor-element elementor-element-12dd802 elementor-section-boxed elementor-section-height-default elementor-section-height-default\" data-id=\"12dd802\" data-element_type=\"section\">\n\t\t\t\t\t\t<div class=\"elementor-container elementor-column-gap-default\">\n\t\t\t\t\t<div class=\"elementor-column elementor-col-100 elementor-top-column elementor-element elementor-element-ee75058\" data-id=\"ee75058\" data-element_type=\"column\">\n\t\t\t<div class=\"elementor-widget-wrap elementor-element-populated\">\n\t\t\t\t\t\t<div class=\"elementor-element elementor-element-19cdf3c elementor-widget elementor-widget-heading\" data-id=\"19cdf3c\" data-element_type=\"widget\" data-widget_type=\"heading.default\">\n\t\t\t\t<div class=\"elementor-widget-container\">\n\t\t\t<h2 class=\"elementor-heading-title elementor-size-large\">Geli\u015ftirme<\/h2>\t\t<\/div>\n\t\t\t\t<\/div>\n\t\t\t\t<div class=\"elementor-element elementor-element-e572702 elementor-widget elementor-widget-text-editor\" data-id=\"e572702\" data-element_type=\"widget\" data-widget_type=\"text-editor.default\">\n\t\t\t\t<div class=\"elementor-widget-container\">\n\t\t\t\t\t\t\t<p>Geli\u015ftirme, ilk 2 ad\u0131mdaki bilgilerle olu\u015fturdu\u011fumuz tasar\u0131mlar\u0131 hayata ge\u00e7irdi\u011fimiz k\u0131s\u0131md\u0131r. Bu ad\u0131mdaki en \u00f6nemli \u00f6nceli\u011fimiz ise uygulaman\u0131z i\u00e7in gereken son teknolojiyi kar\u015f\u0131lanabilir fiyatlarla sunmakt\u0131r.<\/p>\t\t\t\t\t\t<\/div>\n\t\t\t\t<\/div>\n\t\t\t\t\t<\/div>\n\t\t<\/div>\n\t\t\t\t\t<\/div>\n\t\t<\/section>\n\t\t\t\t<\/div>\n\t\t","protected":false},"excerpt":{"rendered":"<p>Yaz\u0131l\u0131m Ki\u015fisel ve kurumsal yaz\u0131l\u0131m isteklerinizi kar\u015f\u0131lamak i\u00e7in 3 ad\u0131mda \u00e7al\u0131\u015f\u0131yoruz: Strateji Fikrinizi ger\u00e7e\u011fe d\u00f6n\u00fc\u015ft\u00fcrmek i\u00e7in eylem plan\u0131 olu\u015fturuyoruz. Potansiyel f\u0131rsatlar\u0131 ortaya \u00e7\u0131kar\u0131p projeye ba\u015flamadan \u00f6nce t\u00fcm detaylar\u0131 planlad\u0131\u011f\u0131m\u0131z k\u0131s\u0131md\u0131r. Ke\u015fif M\u00fc\u015fterilerin \u00fcr\u00fcn\u00fcn\u00fcz\u00fc sevmesi i\u00e7in tasar\u0131m ekibimiz taslaklar olu\u015fturur ve pazar\u0131 \u00f6nceden ara\u015ft\u0131r\u0131r. Geli\u015ftirme Geli\u015ftirme, ilk 2 ad\u0131mdaki bilgilerle olu\u015fturdu\u011fumuz tasar\u0131mlar\u0131 hayata ge\u00e7irdi\u011fimiz k\u0131s\u0131md\u0131r. Bu [&hellip;]<\/p>\n","protected":false},"author":1,"featured_media":0,"parent":0,"menu_order":0,"comment_status":"closed","ping_status":"closed","template":"","meta":{"site-sidebar-layout":"no-sidebar","site-content-layout":"page-builder","ast-site-content-layout":"","site-content-style":"default","site-sidebar-style":"default","ast-global-header-display":"","ast-banner-title-visibility":"","ast-main-header-display":"","ast-hfb-above-header-display":"","ast-hfb-below-header-display":"","ast-hfb-mobile-header-display":"","site-post-title":"disabled","ast-breadcrumbs-content":"","ast-featured-img":"disabled","footer-sml-layout":"","theme-transparent-header-meta":"","adv-header-id-meta":"","stick-header-meta":"","header-above-stick-meta":"","header-main-stick-meta":"","header-below-stick-meta":"","astra-migrate-meta-layouts":"default","ast-page-background-enabled":"default","ast-page-background-meta":{"desktop":{"background-color":"","background-image":"","background-repeat":"repeat","background-position":"center center","background-size":"auto","background-attachment":"scroll","background-type":"","background-media":"","overlay-type":"","overlay-color":"","overlay-opacity":"","overlay-gradient":""},"tablet":{"background-color":"","background-image":"","background-repeat":"repeat","background-position":"center center","background-size":"auto","background-attachment":"scroll","background-type":"","background-media":"","overlay-type":"","overlay-color":"","overlay-opacity":"","overlay-gradient":""},"mobile":{"background-color":"","background-image":"","background-repeat":"repeat","background-position":"center center","background-size":"auto","background-attachment":"scroll","background-type":"","background-media":"","overlay-type":"","overlay-color":"","overlay-opacity":"","overlay-gradient":""}},"ast-content-background-meta":{"desktop":{"background-color":"var(--ast-global-color-5)","background-image":"","background-repeat":"repeat","background-position":"center center","background-size":"auto","background-attachment":"scroll","background-type":"","background-media":"","overlay-type":"","overlay-color":"","overlay-opacity":"","overlay-gradient":""},"tablet":{"background-color":"var(--ast-global-color-5)","background-image":"","background-repeat":"repeat","background-position":"center center","background-size":"auto","background-attachment":"scroll","background-type":"","background-media":"","overlay-type":"","overlay-color":"","overlay-opacity":"","overlay-gradient":""},"mobile":{"background-color":"var(--ast-global-color-5)","background-image":"","background-repeat":"repeat","background-position":"center center","background-size":"auto","background-attachment":"scroll","background-type":"","background-media":"","overlay-type":"","overlay-color":"","overlay-opacity":"","overlay-gradient":""}},"footnotes":""},"class_list":["post-1588","page","type-page","status-publish","hentry"],"yoast_head":"<!-- This site is optimized with the Yoast SEO plugin v23.9 - https:\/\/yoast.com\/wordpress\/plugins\/seo\/ -->\n<title>Yaz\u0131l\u0131m - Helptime GmbH<\/title>\n<meta name=\"robots\" content=\"index, follow, max-snippet:-1, max-image-preview:large, max-video-preview:-1\" \/>\n<link rel=\"canonical\" href=\"https:\/\/www.helptime.ch\/tr\/software\/\" \/>\n<meta property=\"og:locale\" content=\"tr_TR\" \/>\n<meta property=\"og:type\" content=\"article\" \/>\n<meta property=\"og:title\" content=\"Yaz\u0131l\u0131m - Helptime GmbH\" \/>\n<meta property=\"og:description\" content=\"Yaz\u0131l\u0131m Ki\u015fisel ve kurumsal yaz\u0131l\u0131m isteklerinizi kar\u015f\u0131lamak i\u00e7in 3 ad\u0131mda \u00e7al\u0131\u015f\u0131yoruz: Strateji Fikrinizi ger\u00e7e\u011fe d\u00f6n\u00fc\u015ft\u00fcrmek i\u00e7in eylem plan\u0131 olu\u015fturuyoruz. Potansiyel f\u0131rsatlar\u0131 ortaya \u00e7\u0131kar\u0131p projeye ba\u015flamadan \u00f6nce t\u00fcm detaylar\u0131 planlad\u0131\u011f\u0131m\u0131z k\u0131s\u0131md\u0131r. Ke\u015fif M\u00fc\u015fterilerin \u00fcr\u00fcn\u00fcn\u00fcz\u00fc sevmesi i\u00e7in tasar\u0131m ekibimiz taslaklar olu\u015fturur ve pazar\u0131 \u00f6nceden ara\u015ft\u0131r\u0131r. Geli\u015ftirme Geli\u015ftirme, ilk 2 ad\u0131mdaki bilgilerle olu\u015fturdu\u011fumuz tasar\u0131mlar\u0131 hayata ge\u00e7irdi\u011fimiz k\u0131s\u0131md\u0131r. Bu [&hellip;]\" \/>\n<meta property=\"og:url\" content=\"https:\/\/www.helptime.ch\/tr\/software\/\" \/>\n<meta property=\"og:site_name\" content=\"Helptime GmbH\" \/>\n<meta property=\"article:modified_time\" content=\"2022-02-01T12:53:35+00:00\" \/>\n<meta name=\"twitter:card\" content=\"summary_large_image\" \/>\n<meta name=\"twitter:label1\" content=\"Tahmini okuma s\u00fcresi\" \/>\n\t<meta name=\"twitter:data1\" content=\"1 dakika\" \/>\n<script type=\"application\/ld+json\" class=\"yoast-schema-graph\">{\"@context\":\"https:\/\/schema.org\",\"@graph\":[{\"@type\":\"WebPage\",\"@id\":\"https:\/\/www.helptime.ch\/tr\/software\/\",\"url\":\"https:\/\/www.helptime.ch\/tr\/software\/\",\"name\":\"Yaz\u0131l\u0131m - Helptime GmbH\",\"isPartOf\":{\"@id\":\"https:\/\/www.helptime.ch\/tr\/#website\"},\"datePublished\":\"2022-01-10T10:52:07+00:00\",\"dateModified\":\"2022-02-01T12:53:35+00:00\",\"breadcrumb\":{\"@id\":\"https:\/\/www.helptime.ch\/tr\/software\/#breadcrumb\"},\"inLanguage\":\"tr\",\"potentialAction\":[{\"@type\":\"ReadAction\",\"target\":[\"https:\/\/www.helptime.ch\/tr\/software\/\"]}]},{\"@type\":\"BreadcrumbList\",\"@id\":\"https:\/\/www.helptime.ch\/tr\/software\/#breadcrumb\",\"itemListElement\":[{\"@type\":\"ListItem\",\"position\":1,\"name\":\"Anasayfa\",\"item\":\"https:\/\/www.helptime.ch\/tr\/\"},{\"@type\":\"ListItem\",\"position\":2,\"name\":\"Yaz\u0131l\u0131m\"}]},{\"@type\":\"WebSite\",\"@id\":\"https:\/\/www.helptime.ch\/tr\/#website\",\"url\":\"https:\/\/www.helptime.ch\/tr\/\",\"name\":\"Helptime GmbH\",\"description\":\"Helptime-Unternehmensseite\",\"publisher\":{\"@id\":\"https:\/\/www.helptime.ch\/tr\/#organization\"},\"potentialAction\":[{\"@type\":\"SearchAction\",\"target\":{\"@type\":\"EntryPoint\",\"urlTemplate\":\"https:\/\/www.helptime.ch\/tr\/?s={search_term_string}\"},\"query-input\":{\"@type\":\"PropertyValueSpecification\",\"valueRequired\":true,\"valueName\":\"search_term_string\"}}],\"inLanguage\":\"tr\"},{\"@type\":\"Organization\",\"@id\":\"https:\/\/www.helptime.ch\/tr\/#organization\",\"name\":\"Helptime GmbH\",\"url\":\"https:\/\/www.helptime.ch\/tr\/\",\"logo\":{\"@type\":\"ImageObject\",\"inLanguage\":\"tr\",\"@id\":\"https:\/\/www.helptime.ch\/tr\/#\/schema\/logo\/image\/\",\"url\":\"https:\/\/www.helptime.ch\/tr\/wp-content\/uploads\/sites\/4\/2022\/01\/helptimelogo.png\",\"contentUrl\":\"https:\/\/www.helptime.ch\/tr\/wp-content\/uploads\/sites\/4\/2022\/01\/helptimelogo.png\",\"width\":148,\"height\":148,\"caption\":\"Helptime GmbH\"},\"image\":{\"@id\":\"https:\/\/www.helptime.ch\/tr\/#\/schema\/logo\/image\/\"}}]}<\/script>\n<!-- \/ Yoast SEO plugin. -->","yoast_head_json":{"title":"Yaz\u0131l\u0131m - Helptime GmbH","robots":{"index":"index","follow":"follow","max-snippet":"max-snippet:-1","max-image-preview":"max-image-preview:large","max-video-preview":"max-video-preview:-1"},"canonical":"https:\/\/www.helptime.ch\/tr\/software\/","og_locale":"tr_TR","og_type":"article","og_title":"Yaz\u0131l\u0131m - Helptime GmbH","og_description":"Yaz\u0131l\u0131m Ki\u015fisel ve kurumsal yaz\u0131l\u0131m isteklerinizi kar\u015f\u0131lamak i\u00e7in 3 ad\u0131mda \u00e7al\u0131\u015f\u0131yoruz: Strateji Fikrinizi ger\u00e7e\u011fe d\u00f6n\u00fc\u015ft\u00fcrmek i\u00e7in eylem plan\u0131 olu\u015fturuyoruz. Potansiyel f\u0131rsatlar\u0131 ortaya \u00e7\u0131kar\u0131p projeye ba\u015flamadan \u00f6nce t\u00fcm detaylar\u0131 planlad\u0131\u011f\u0131m\u0131z k\u0131s\u0131md\u0131r. Ke\u015fif M\u00fc\u015fterilerin \u00fcr\u00fcn\u00fcn\u00fcz\u00fc sevmesi i\u00e7in tasar\u0131m ekibimiz taslaklar olu\u015fturur ve pazar\u0131 \u00f6nceden ara\u015ft\u0131r\u0131r. Geli\u015ftirme Geli\u015ftirme, ilk 2 ad\u0131mdaki bilgilerle olu\u015fturdu\u011fumuz tasar\u0131mlar\u0131 hayata ge\u00e7irdi\u011fimiz k\u0131s\u0131md\u0131r. Bu [&hellip;]","og_url":"https:\/\/www.helptime.ch\/tr\/software\/","og_site_name":"Helptime GmbH","article_modified_time":"2022-02-01T12:53:35+00:00","twitter_card":"summary_large_image","twitter_misc":{"Tahmini okuma s\u00fcresi":"1 dakika"},"schema":{"@context":"https:\/\/schema.org","@graph":[{"@type":"WebPage","@id":"https:\/\/www.helptime.ch\/tr\/software\/","url":"https:\/\/www.helptime.ch\/tr\/software\/","name":"Yaz\u0131l\u0131m - Helptime GmbH","isPartOf":{"@id":"https:\/\/www.helptime.ch\/tr\/#website"},"datePublished":"2022-01-10T10:52:07+00:00","dateModified":"2022-02-01T12:53:35+00:00","breadcrumb":{"@id":"https:\/\/www.helptime.ch\/tr\/software\/#breadcrumb"},"inLanguage":"tr","potentialAction":[{"@type":"ReadAction","target":["https:\/\/www.helptime.ch\/tr\/software\/"]}]},{"@type":"BreadcrumbList","@id":"https:\/\/www.helptime.ch\/tr\/software\/#breadcrumb","itemListElement":[{"@type":"ListItem","position":1,"name":"Anasayfa","item":"https:\/\/www.helptime.ch\/tr\/"},{"@type":"ListItem","position":2,"name":"Yaz\u0131l\u0131m"}]},{"@type":"WebSite","@id":"https:\/\/www.helptime.ch\/tr\/#website","url":"https:\/\/www.helptime.ch\/tr\/","name":"Helptime GmbH","description":"Helptime-Unternehmensseite","publisher":{"@id":"https:\/\/www.helptime.ch\/tr\/#organization"},"potentialAction":[{"@type":"SearchAction","target":{"@type":"EntryPoint","urlTemplate":"https:\/\/www.helptime.ch\/tr\/?s={search_term_string}"},"query-input":{"@type":"PropertyValueSpecification","valueRequired":true,"valueName":"search_term_string"}}],"inLanguage":"tr"},{"@type":"Organization","@id":"https:\/\/www.helptime.ch\/tr\/#organization","name":"Helptime GmbH","url":"https:\/\/www.helptime.ch\/tr\/","logo":{"@type":"ImageObject","inLanguage":"tr","@id":"https:\/\/www.helptime.ch\/tr\/#\/schema\/logo\/image\/","url":"https:\/\/www.helptime.ch\/tr\/wp-content\/uploads\/sites\/4\/2022\/01\/helptimelogo.png","contentUrl":"https:\/\/www.helptime.ch\/tr\/wp-content\/uploads\/sites\/4\/2022\/01\/helptimelogo.png","width":148,"height":148,"caption":"Helptime GmbH"},"image":{"@id":"https:\/\/www.helptime.ch\/tr\/#\/schema\/logo\/image\/"}}]}},"_links":{"self":[{"href":"https:\/\/www.helptime.ch\/tr\/wp-json\/wp\/v2\/pages\/1588","targetHints":{"allow":["GET"]}}],"collection":[{"href":"https:\/\/www.helptime.ch\/tr\/wp-json\/wp\/v2\/pages"}],"about":[{"href":"https:\/\/www.helptime.ch\/tr\/wp-json\/wp\/v2\/types\/page"}],"author":[{"embeddable":true,"href":"https:\/\/www.helptime.ch\/tr\/wp-json\/wp\/v2\/users\/1"}],"replies":[{"embeddable":true,"href":"https:\/\/www.helptime.ch\/tr\/wp-json\/wp\/v2\/comments?post=1588"}],"version-history":[{"count":15,"href":"https:\/\/www.helptime.ch\/tr\/wp-json\/wp\/v2\/pages\/1588\/revisions"}],"predecessor-version":[{"id":1979,"href":"https:\/\/www.helptime.ch\/tr\/wp-json\/wp\/v2\/pages\/1588\/revisions\/1979"}],"wp:attachment":[{"href":"https:\/\/www.helptime.ch\/tr\/wp-json\/wp\/v2\/media?parent=1588"}],"curies":[{"name":"wp","href":"https:\/\/api.w.org\/{rel}","templated":true}]}}