{"id":1586,"date":"2022-01-10T10:51:57","date_gmt":"2022-01-10T10:51:57","guid":{"rendered":"https:\/\/www.helptime.ch\/tr\/?page_id=1586"},"modified":"2022-02-01T12:53:17","modified_gmt":"2022-02-01T12:53:17","slug":"personalwesen","status":"publish","type":"page","link":"https:\/\/www.helptime.ch\/tr\/personalwesen\/","title":{"rendered":"\u0130nsan Kaynaklar\u0131"},"content":{"rendered":"\t\t<div data-elementor-type=\"wp-page\" data-elementor-id=\"1586\" class=\"elementor elementor-1586\">\n\t\t\t\t\t\t<section class=\"elementor-section elementor-top-section elementor-element elementor-element-a8d0683 elementor-section-boxed elementor-section-height-default elementor-section-height-default\" data-id=\"a8d0683\" data-element_type=\"section\" data-settings=\"{&quot;background_background&quot;:&quot;classic&quot;}\">\n\t\t\t\t\t\t<div class=\"elementor-container elementor-column-gap-no\">\n\t\t\t\t\t<div class=\"elementor-column elementor-col-100 elementor-top-column elementor-element elementor-element-4e407e2\" data-id=\"4e407e2\" data-element_type=\"column\">\n\t\t\t<div class=\"elementor-widget-wrap\">\n\t\t\t\t\t\t\t<\/div>\n\t\t<\/div>\n\t\t\t\t\t<\/div>\n\t\t<\/section>\n\t\t\t\t<section class=\"elementor-section elementor-top-section elementor-element elementor-element-a716263 elementor-section-boxed elementor-section-height-default elementor-section-height-default\" data-id=\"a716263\" data-element_type=\"section\">\n\t\t\t\t\t\t<div class=\"elementor-container elementor-column-gap-default\">\n\t\t\t\t\t<div class=\"elementor-column elementor-col-100 elementor-top-column elementor-element elementor-element-7be46b6\" data-id=\"7be46b6\" data-element_type=\"column\">\n\t\t\t<div class=\"elementor-widget-wrap elementor-element-populated\">\n\t\t\t\t\t\t<div class=\"elementor-element elementor-element-af199ee elementor-widget elementor-widget-heading\" data-id=\"af199ee\" data-element_type=\"widget\" data-widget_type=\"heading.default\">\n\t\t\t\t<div class=\"elementor-widget-container\">\n\t\t\t<h1 class=\"elementor-heading-title elementor-size-xxl\">\u0130nsan Kaynaklar\u0131<\/h1>\t\t<\/div>\n\t\t\t\t<\/div>\n\t\t\t\t\t<\/div>\n\t\t<\/div>\n\t\t\t\t\t<\/div>\n\t\t<\/section>\n\t\t\t\t<section class=\"elementor-section elementor-top-section elementor-element elementor-element-ade5b3a elementor-section-boxed elementor-section-height-default elementor-section-height-default\" data-id=\"ade5b3a\" data-element_type=\"section\">\n\t\t\t\t\t\t<div class=\"elementor-container elementor-column-gap-default\">\n\t\t\t\t\t<div class=\"elementor-column elementor-col-100 elementor-top-column elementor-element elementor-element-f4f4451\" data-id=\"f4f4451\" data-element_type=\"column\">\n\t\t\t<div class=\"elementor-widget-wrap elementor-element-populated\">\n\t\t\t\t\t\t<div class=\"elementor-element elementor-element-03bdc8b elementor-widget elementor-widget-text-editor\" data-id=\"03bdc8b\" data-element_type=\"widget\" data-widget_type=\"text-editor.default\">\n\t\t\t\t<div class=\"elementor-widget-container\">\n\t\t\t\t\t\t\t<p>Sosyal g\u00fcvenlikle ilgili sorumluluklar s\u00f6z konusu oldu\u011funda sizi destekleriz. Bu alanda uzman ve maliyet bilincine sahip ki\u015filerin \u00e7al\u0131\u015fmas\u0131 y\u00f6neticinin sorumlulu\u011funu hafifletir. \u0130\u015f s\u00f6zle\u015fmelerinin kurulmas\u0131 (i\u015f kanunu direktifleri ve \u00e7e\u015fitli i\u015f s\u00f6zle\u015fmeleri dikkate al\u0131narak)<\/p><p><strong>Kaza\/hastal\u0131k beyanlar\u0131 (SVA ve Suva)<\/strong><\/p><p>Suva, \u00e7al\u0131\u015fan ve i\u015fsizlere kaza ve meslek hastal\u0131klar\u0131na kar\u015f\u0131 zorunlu sigorta korumas\u0131 sunmaktad\u0131r. Suva modeli \u00f6nleme, sigorta ve rehabilitasyonu birle\u015ftiriyor.<\/p><p><strong>Sigorta Primleri<\/strong><\/p><p>SVA Kantonundaki sosyal sigorta yeterlilik merkezidir. Yedi \u00fcr\u00fcn\u00fc tek bir \u00e7at\u0131 alt\u0131nda birle\u015ftirir: AHV, IV, EO, ek yard\u0131mlar, do\u011fum paras\u0131, aile \u00f6denekleri ve prim indirimleri. Federal h\u00fck\u00fcmet, kanton ve belediyeler i\u00e7in ba\u015fka g\u00f6revleri de vard\u0131r.<\/p><p>\u0130nsan kaynaklar\u0131 konusunda ekibimizle \u00e7e\u015fitli alanlarda d\u00fc\u015f\u00fck maliyetle size destek olabiliriz. Sizin i\u00e7in haz\u0131r\u0131z, bizden teklif al\u0131n!<\/p>\t\t\t\t\t\t<\/div>\n\t\t\t\t<\/div>\n\t\t\t\t\t<\/div>\n\t\t<\/div>\n\t\t\t\t\t<\/div>\n\t\t<\/section>\n\t\t\t\t<\/div>\n\t\t","protected":false},"excerpt":{"rendered":"<p>\u0130nsan Kaynaklar\u0131 Sosyal g\u00fcvenlikle ilgili sorumluluklar s\u00f6z konusu oldu\u011funda sizi destekleriz. Bu alanda uzman ve maliyet bilincine sahip ki\u015filerin \u00e7al\u0131\u015fmas\u0131 y\u00f6neticinin sorumlulu\u011funu hafifletir. \u0130\u015f s\u00f6zle\u015fmelerinin kurulmas\u0131 (i\u015f kanunu direktifleri ve \u00e7e\u015fitli i\u015f s\u00f6zle\u015fmeleri dikkate al\u0131narak) Kaza\/hastal\u0131k beyanlar\u0131 (SVA ve Suva) Suva, \u00e7al\u0131\u015fan ve i\u015fsizlere kaza ve meslek hastal\u0131klar\u0131na kar\u015f\u0131 zorunlu sigorta korumas\u0131 sunmaktad\u0131r. Suva modeli [&hellip;]<\/p>\n","protected":false},"author":1,"featured_media":0,"parent":0,"menu_order":0,"comment_status":"closed","ping_status":"closed","template":"","meta":{"site-sidebar-layout":"no-sidebar","site-content-layout":"page-builder","ast-site-content-layout":"","site-content-style":"default","site-sidebar-style":"default","ast-global-header-display":"","ast-banner-title-visibility":"","ast-main-header-display":"","ast-hfb-above-header-display":"","ast-hfb-below-header-display":"","ast-hfb-mobile-header-display":"","site-post-title":"disabled","ast-breadcrumbs-content":"","ast-featured-img":"disabled","footer-sml-layout":"","theme-transparent-header-meta":"","adv-header-id-meta":"","stick-header-meta":"","header-above-stick-meta":"","header-main-stick-meta":"","header-below-stick-meta":"","astra-migrate-meta-layouts":"default","ast-page-background-enabled":"default","ast-page-background-meta":{"desktop":{"background-color":"","background-image":"","background-repeat":"repeat","background-position":"center center","background-size":"auto","background-attachment":"scroll","background-type":"","background-media":"","overlay-type":"","overlay-color":"","overlay-opacity":"","overlay-gradient":""},"tablet":{"background-color":"","background-image":"","background-repeat":"repeat","background-position":"center center","background-size":"auto","background-attachment":"scroll","background-type":"","background-media":"","overlay-type":"","overlay-color":"","overlay-opacity":"","overlay-gradient":""},"mobile":{"background-color":"","background-image":"","background-repeat":"repeat","background-position":"center center","background-size":"auto","background-attachment":"scroll","background-type":"","background-media":"","overlay-type":"","overlay-color":"","overlay-opacity":"","overlay-gradient":""}},"ast-content-background-meta":{"desktop":{"background-color":"var(--ast-global-color-5)","background-image":"","background-repeat":"repeat","background-position":"center center","background-size":"auto","background-attachment":"scroll","background-type":"","background-media":"","overlay-type":"","overlay-color":"","overlay-opacity":"","overlay-gradient":""},"tablet":{"background-color":"var(--ast-global-color-5)","background-image":"","background-repeat":"repeat","background-position":"center center","background-size":"auto","background-attachment":"scroll","background-type":"","background-media":"","overlay-type":"","overlay-color":"","overlay-opacity":"","overlay-gradient":""},"mobile":{"background-color":"var(--ast-global-color-5)","background-image":"","background-repeat":"repeat","background-position":"center center","background-size":"auto","background-attachment":"scroll","background-type":"","background-media":"","overlay-type":"","overlay-color":"","overlay-opacity":"","overlay-gradient":""}},"footnotes":""},"class_list":["post-1586","page","type-page","status-publish","hentry"],"yoast_head":"<!-- This site is optimized with the Yoast SEO plugin v23.9 - https:\/\/yoast.com\/wordpress\/plugins\/seo\/ -->\n<title>\u0130nsan Kaynaklar\u0131 - Helptime GmbH<\/title>\n<meta name=\"robots\" content=\"index, follow, max-snippet:-1, max-image-preview:large, max-video-preview:-1\" \/>\n<link rel=\"canonical\" href=\"https:\/\/www.helptime.ch\/tr\/personalwesen\/\" \/>\n<meta property=\"og:locale\" content=\"tr_TR\" \/>\n<meta property=\"og:type\" content=\"article\" \/>\n<meta property=\"og:title\" content=\"\u0130nsan Kaynaklar\u0131 - Helptime GmbH\" \/>\n<meta property=\"og:description\" content=\"\u0130nsan Kaynaklar\u0131 Sosyal g\u00fcvenlikle ilgili sorumluluklar s\u00f6z konusu oldu\u011funda sizi destekleriz. Bu alanda uzman ve maliyet bilincine sahip ki\u015filerin \u00e7al\u0131\u015fmas\u0131 y\u00f6neticinin sorumlulu\u011funu hafifletir. \u0130\u015f s\u00f6zle\u015fmelerinin kurulmas\u0131 (i\u015f kanunu direktifleri ve \u00e7e\u015fitli i\u015f s\u00f6zle\u015fmeleri dikkate al\u0131narak) Kaza\/hastal\u0131k beyanlar\u0131 (SVA ve Suva) Suva, \u00e7al\u0131\u015fan ve i\u015fsizlere kaza ve meslek hastal\u0131klar\u0131na kar\u015f\u0131 zorunlu sigorta korumas\u0131 sunmaktad\u0131r. Suva modeli [&hellip;]\" \/>\n<meta property=\"og:url\" content=\"https:\/\/www.helptime.ch\/tr\/personalwesen\/\" \/>\n<meta property=\"og:site_name\" content=\"Helptime GmbH\" \/>\n<meta property=\"article:modified_time\" content=\"2022-02-01T12:53:17+00:00\" \/>\n<meta name=\"twitter:card\" content=\"summary_large_image\" \/>\n<meta name=\"twitter:label1\" content=\"Tahmini okuma s\u00fcresi\" \/>\n\t<meta name=\"twitter:data1\" content=\"1 dakika\" \/>\n<script type=\"application\/ld+json\" class=\"yoast-schema-graph\">{\"@context\":\"https:\/\/schema.org\",\"@graph\":[{\"@type\":\"WebPage\",\"@id\":\"https:\/\/www.helptime.ch\/tr\/personalwesen\/\",\"url\":\"https:\/\/www.helptime.ch\/tr\/personalwesen\/\",\"name\":\"\u0130nsan Kaynaklar\u0131 - Helptime GmbH\",\"isPartOf\":{\"@id\":\"https:\/\/www.helptime.ch\/tr\/#website\"},\"datePublished\":\"2022-01-10T10:51:57+00:00\",\"dateModified\":\"2022-02-01T12:53:17+00:00\",\"breadcrumb\":{\"@id\":\"https:\/\/www.helptime.ch\/tr\/personalwesen\/#breadcrumb\"},\"inLanguage\":\"tr\",\"potentialAction\":[{\"@type\":\"ReadAction\",\"target\":[\"https:\/\/www.helptime.ch\/tr\/personalwesen\/\"]}]},{\"@type\":\"BreadcrumbList\",\"@id\":\"https:\/\/www.helptime.ch\/tr\/personalwesen\/#breadcrumb\",\"itemListElement\":[{\"@type\":\"ListItem\",\"position\":1,\"name\":\"Anasayfa\",\"item\":\"https:\/\/www.helptime.ch\/tr\/\"},{\"@type\":\"ListItem\",\"position\":2,\"name\":\"\u0130nsan Kaynaklar\u0131\"}]},{\"@type\":\"WebSite\",\"@id\":\"https:\/\/www.helptime.ch\/tr\/#website\",\"url\":\"https:\/\/www.helptime.ch\/tr\/\",\"name\":\"Helptime GmbH\",\"description\":\"Helptime-Unternehmensseite\",\"publisher\":{\"@id\":\"https:\/\/www.helptime.ch\/tr\/#organization\"},\"potentialAction\":[{\"@type\":\"SearchAction\",\"target\":{\"@type\":\"EntryPoint\",\"urlTemplate\":\"https:\/\/www.helptime.ch\/tr\/?s={search_term_string}\"},\"query-input\":{\"@type\":\"PropertyValueSpecification\",\"valueRequired\":true,\"valueName\":\"search_term_string\"}}],\"inLanguage\":\"tr\"},{\"@type\":\"Organization\",\"@id\":\"https:\/\/www.helptime.ch\/tr\/#organization\",\"name\":\"Helptime GmbH\",\"url\":\"https:\/\/www.helptime.ch\/tr\/\",\"logo\":{\"@type\":\"ImageObject\",\"inLanguage\":\"tr\",\"@id\":\"https:\/\/www.helptime.ch\/tr\/#\/schema\/logo\/image\/\",\"url\":\"https:\/\/www.helptime.ch\/tr\/wp-content\/uploads\/sites\/4\/2022\/01\/helptimelogo.png\",\"contentUrl\":\"https:\/\/www.helptime.ch\/tr\/wp-content\/uploads\/sites\/4\/2022\/01\/helptimelogo.png\",\"width\":148,\"height\":148,\"caption\":\"Helptime GmbH\"},\"image\":{\"@id\":\"https:\/\/www.helptime.ch\/tr\/#\/schema\/logo\/image\/\"}}]}<\/script>\n<!-- \/ Yoast SEO plugin. -->","yoast_head_json":{"title":"\u0130nsan Kaynaklar\u0131 - Helptime GmbH","robots":{"index":"index","follow":"follow","max-snippet":"max-snippet:-1","max-image-preview":"max-image-preview:large","max-video-preview":"max-video-preview:-1"},"canonical":"https:\/\/www.helptime.ch\/tr\/personalwesen\/","og_locale":"tr_TR","og_type":"article","og_title":"\u0130nsan Kaynaklar\u0131 - Helptime GmbH","og_description":"\u0130nsan Kaynaklar\u0131 Sosyal g\u00fcvenlikle ilgili sorumluluklar s\u00f6z konusu oldu\u011funda sizi destekleriz. Bu alanda uzman ve maliyet bilincine sahip ki\u015filerin \u00e7al\u0131\u015fmas\u0131 y\u00f6neticinin sorumlulu\u011funu hafifletir. \u0130\u015f s\u00f6zle\u015fmelerinin kurulmas\u0131 (i\u015f kanunu direktifleri ve \u00e7e\u015fitli i\u015f s\u00f6zle\u015fmeleri dikkate al\u0131narak) Kaza\/hastal\u0131k beyanlar\u0131 (SVA ve Suva) Suva, \u00e7al\u0131\u015fan ve i\u015fsizlere kaza ve meslek hastal\u0131klar\u0131na kar\u015f\u0131 zorunlu sigorta korumas\u0131 sunmaktad\u0131r. Suva modeli [&hellip;]","og_url":"https:\/\/www.helptime.ch\/tr\/personalwesen\/","og_site_name":"Helptime GmbH","article_modified_time":"2022-02-01T12:53:17+00:00","twitter_card":"summary_large_image","twitter_misc":{"Tahmini okuma s\u00fcresi":"1 dakika"},"schema":{"@context":"https:\/\/schema.org","@graph":[{"@type":"WebPage","@id":"https:\/\/www.helptime.ch\/tr\/personalwesen\/","url":"https:\/\/www.helptime.ch\/tr\/personalwesen\/","name":"\u0130nsan Kaynaklar\u0131 - Helptime GmbH","isPartOf":{"@id":"https:\/\/www.helptime.ch\/tr\/#website"},"datePublished":"2022-01-10T10:51:57+00:00","dateModified":"2022-02-01T12:53:17+00:00","breadcrumb":{"@id":"https:\/\/www.helptime.ch\/tr\/personalwesen\/#breadcrumb"},"inLanguage":"tr","potentialAction":[{"@type":"ReadAction","target":["https:\/\/www.helptime.ch\/tr\/personalwesen\/"]}]},{"@type":"BreadcrumbList","@id":"https:\/\/www.helptime.ch\/tr\/personalwesen\/#breadcrumb","itemListElement":[{"@type":"ListItem","position":1,"name":"Anasayfa","item":"https:\/\/www.helptime.ch\/tr\/"},{"@type":"ListItem","position":2,"name":"\u0130nsan Kaynaklar\u0131"}]},{"@type":"WebSite","@id":"https:\/\/www.helptime.ch\/tr\/#website","url":"https:\/\/www.helptime.ch\/tr\/","name":"Helptime GmbH","description":"Helptime-Unternehmensseite","publisher":{"@id":"https:\/\/www.helptime.ch\/tr\/#organization"},"potentialAction":[{"@type":"SearchAction","target":{"@type":"EntryPoint","urlTemplate":"https:\/\/www.helptime.ch\/tr\/?s={search_term_string}"},"query-input":{"@type":"PropertyValueSpecification","valueRequired":true,"valueName":"search_term_string"}}],"inLanguage":"tr"},{"@type":"Organization","@id":"https:\/\/www.helptime.ch\/tr\/#organization","name":"Helptime GmbH","url":"https:\/\/www.helptime.ch\/tr\/","logo":{"@type":"ImageObject","inLanguage":"tr","@id":"https:\/\/www.helptime.ch\/tr\/#\/schema\/logo\/image\/","url":"https:\/\/www.helptime.ch\/tr\/wp-content\/uploads\/sites\/4\/2022\/01\/helptimelogo.png","contentUrl":"https:\/\/www.helptime.ch\/tr\/wp-content\/uploads\/sites\/4\/2022\/01\/helptimelogo.png","width":148,"height":148,"caption":"Helptime GmbH"},"image":{"@id":"https:\/\/www.helptime.ch\/tr\/#\/schema\/logo\/image\/"}}]}},"_links":{"self":[{"href":"https:\/\/www.helptime.ch\/tr\/wp-json\/wp\/v2\/pages\/1586","targetHints":{"allow":["GET"]}}],"collection":[{"href":"https:\/\/www.helptime.ch\/tr\/wp-json\/wp\/v2\/pages"}],"about":[{"href":"https:\/\/www.helptime.ch\/tr\/wp-json\/wp\/v2\/types\/page"}],"author":[{"embeddable":true,"href":"https:\/\/www.helptime.ch\/tr\/wp-json\/wp\/v2\/users\/1"}],"replies":[{"embeddable":true,"href":"https:\/\/www.helptime.ch\/tr\/wp-json\/wp\/v2\/comments?post=1586"}],"version-history":[{"count":11,"href":"https:\/\/www.helptime.ch\/tr\/wp-json\/wp\/v2\/pages\/1586\/revisions"}],"predecessor-version":[{"id":1976,"href":"https:\/\/www.helptime.ch\/tr\/wp-json\/wp\/v2\/pages\/1586\/revisions\/1976"}],"wp:attachment":[{"href":"https:\/\/www.helptime.ch\/tr\/wp-json\/wp\/v2\/media?parent=1586"}],"curies":[{"name":"wp","href":"https:\/\/api.w.org\/{rel}","templated":true}]}}