{"id":1584,"date":"2022-01-10T10:51:45","date_gmt":"2022-01-10T10:51:45","guid":{"rendered":"https:\/\/www.helptime.ch\/tr\/?page_id=1584"},"modified":"2022-02-01T12:53:00","modified_gmt":"2022-02-01T12:53:00","slug":"organisation","status":"publish","type":"page","link":"https:\/\/www.helptime.ch\/tr\/organisation\/","title":{"rendered":"Organizasyon"},"content":{"rendered":"\t\t<div data-elementor-type=\"wp-page\" data-elementor-id=\"1584\" class=\"elementor elementor-1584\">\n\t\t\t\t\t\t<section class=\"elementor-section elementor-top-section elementor-element elementor-element-484a9f9 elementor-section-boxed elementor-section-height-default elementor-section-height-default\" data-id=\"484a9f9\" data-element_type=\"section\" data-settings=\"{&quot;background_background&quot;:&quot;classic&quot;}\">\n\t\t\t\t\t\t<div class=\"elementor-container elementor-column-gap-no\">\n\t\t\t\t\t<div class=\"elementor-column elementor-col-100 elementor-top-column elementor-element elementor-element-21486db\" data-id=\"21486db\" data-element_type=\"column\">\n\t\t\t<div class=\"elementor-widget-wrap\">\n\t\t\t\t\t\t\t<\/div>\n\t\t<\/div>\n\t\t\t\t\t<\/div>\n\t\t<\/section>\n\t\t\t\t<section class=\"elementor-section elementor-top-section elementor-element elementor-element-347f4d6 elementor-section-boxed elementor-section-height-default elementor-section-height-default\" data-id=\"347f4d6\" data-element_type=\"section\">\n\t\t\t\t\t\t<div class=\"elementor-container elementor-column-gap-default\">\n\t\t\t\t\t<div class=\"elementor-column elementor-col-100 elementor-top-column elementor-element elementor-element-2c83927\" data-id=\"2c83927\" data-element_type=\"column\">\n\t\t\t<div class=\"elementor-widget-wrap elementor-element-populated\">\n\t\t\t\t\t\t<div class=\"elementor-element elementor-element-20c3906 elementor-widget elementor-widget-heading\" data-id=\"20c3906\" data-element_type=\"widget\" data-widget_type=\"heading.default\">\n\t\t\t\t<div class=\"elementor-widget-container\">\n\t\t\t<h2 class=\"elementor-heading-title elementor-size-default\">Organizasyon<\/h2>\t\t<\/div>\n\t\t\t\t<\/div>\n\t\t\t\t\t<\/div>\n\t\t<\/div>\n\t\t\t\t\t<\/div>\n\t\t<\/section>\n\t\t\t\t<section class=\"elementor-section elementor-top-section elementor-element elementor-element-95974e0 elementor-section-boxed elementor-section-height-default elementor-section-height-default\" data-id=\"95974e0\" data-element_type=\"section\">\n\t\t\t\t\t\t<div class=\"elementor-container elementor-column-gap-default\">\n\t\t\t\t\t<div class=\"elementor-column elementor-col-100 elementor-top-column elementor-element elementor-element-6a85fe9\" data-id=\"6a85fe9\" data-element_type=\"column\">\n\t\t\t<div class=\"elementor-widget-wrap elementor-element-populated\">\n\t\t\t\t\t\t<div class=\"elementor-element elementor-element-5289c55 elementor-widget elementor-widget-text-editor\" data-id=\"5289c55\" data-element_type=\"widget\" data-widget_type=\"text-editor.default\">\n\t\t\t\t<div class=\"elementor-widget-container\">\n\t\t\t\t\t\t\t<p>\u0130\u015f d\u00fcnyas\u0131 her zaman h\u0131zl\u0131 bir \u015fekilde de\u011fi\u015fir ve bir yerlerde mutlaka yeni f\u0131rsatlar yarat\u0131r. Organizasyonlar\u0131n\u0131z\u0131 g\u00fc\u00e7lendirmeye y\u00f6nelik att\u0131\u011f\u0131m\u0131z her ad\u0131m ayn\u0131 zamanda bu ad\u0131mlar\u0131n s\u00fcrd\u00fcr\u00fclebilir ve uzun vadeli olmas\u0131na y\u00f6neliktir. Bu a\u015famada sahip oldu\u011fumuz i\u015f \u00e7evreleri ve sekt\u00f6r\u00fcn\u00fczdeki deneyimlerimizden yararlanarak i\u015f s\u00fcreci ve organizasyon yap\u0131s\u0131nda kurulan d\u00fczeni iyile\u015ftirmeye odaklan\u0131r\u0131z.<\/p>\t\t\t\t\t\t<\/div>\n\t\t\t\t<\/div>\n\t\t\t\t\t<\/div>\n\t\t<\/div>\n\t\t\t\t\t<\/div>\n\t\t<\/section>\n\t\t\t\t<\/div>\n\t\t","protected":false},"excerpt":{"rendered":"<p>Organizasyon \u0130\u015f d\u00fcnyas\u0131 her zaman h\u0131zl\u0131 bir \u015fekilde de\u011fi\u015fir ve bir yerlerde mutlaka yeni f\u0131rsatlar yarat\u0131r. Organizasyonlar\u0131n\u0131z\u0131 g\u00fc\u00e7lendirmeye y\u00f6nelik att\u0131\u011f\u0131m\u0131z her ad\u0131m ayn\u0131 zamanda bu ad\u0131mlar\u0131n s\u00fcrd\u00fcr\u00fclebilir ve uzun vadeli olmas\u0131na y\u00f6neliktir. Bu a\u015famada sahip oldu\u011fumuz i\u015f \u00e7evreleri ve sekt\u00f6r\u00fcn\u00fczdeki deneyimlerimizden yararlanarak i\u015f s\u00fcreci ve organizasyon yap\u0131s\u0131nda kurulan d\u00fczeni iyile\u015ftirmeye odaklan\u0131r\u0131z.<\/p>\n","protected":false},"author":1,"featured_media":0,"parent":0,"menu_order":0,"comment_status":"closed","ping_status":"closed","template":"","meta":{"site-sidebar-layout":"no-sidebar","site-content-layout":"page-builder","ast-site-content-layout":"","site-content-style":"default","site-sidebar-style":"default","ast-global-header-display":"","ast-banner-title-visibility":"","ast-main-header-display":"","ast-hfb-above-header-display":"","ast-hfb-below-header-display":"","ast-hfb-mobile-header-display":"","site-post-title":"disabled","ast-breadcrumbs-content":"","ast-featured-img":"disabled","footer-sml-layout":"","theme-transparent-header-meta":"","adv-header-id-meta":"","stick-header-meta":"","header-above-stick-meta":"","header-main-stick-meta":"","header-below-stick-meta":"","astra-migrate-meta-layouts":"default","ast-page-background-enabled":"default","ast-page-background-meta":{"desktop":{"background-color":"","background-image":"","background-repeat":"repeat","background-position":"center center","background-size":"auto","background-attachment":"scroll","background-type":"","background-media":"","overlay-type":"","overlay-color":"","overlay-opacity":"","overlay-gradient":""},"tablet":{"background-color":"","background-image":"","background-repeat":"repeat","background-position":"center center","background-size":"auto","background-attachment":"scroll","background-type":"","background-media":"","overlay-type":"","overlay-color":"","overlay-opacity":"","overlay-gradient":""},"mobile":{"background-color":"","background-image":"","background-repeat":"repeat","background-position":"center center","background-size":"auto","background-attachment":"scroll","background-type":"","background-media":"","overlay-type":"","overlay-color":"","overlay-opacity":"","overlay-gradient":""}},"ast-content-background-meta":{"desktop":{"background-color":"var(--ast-global-color-5)","background-image":"","background-repeat":"repeat","background-position":"center center","background-size":"auto","background-attachment":"scroll","background-type":"","background-media":"","overlay-type":"","overlay-color":"","overlay-opacity":"","overlay-gradient":""},"tablet":{"background-color":"var(--ast-global-color-5)","background-image":"","background-repeat":"repeat","background-position":"center center","background-size":"auto","background-attachment":"scroll","background-type":"","background-media":"","overlay-type":"","overlay-color":"","overlay-opacity":"","overlay-gradient":""},"mobile":{"background-color":"var(--ast-global-color-5)","background-image":"","background-repeat":"repeat","background-position":"center center","background-size":"auto","background-attachment":"scroll","background-type":"","background-media":"","overlay-type":"","overlay-color":"","overlay-opacity":"","overlay-gradient":""}},"footnotes":""},"class_list":["post-1584","page","type-page","status-publish","hentry"],"yoast_head":"<!-- This site is optimized with the Yoast SEO plugin v23.9 - https:\/\/yoast.com\/wordpress\/plugins\/seo\/ -->\n<title>Organizasyon - Helptime GmbH<\/title>\n<meta name=\"robots\" content=\"index, follow, max-snippet:-1, max-image-preview:large, max-video-preview:-1\" \/>\n<link rel=\"canonical\" href=\"https:\/\/www.helptime.ch\/tr\/organisation\/\" \/>\n<meta property=\"og:locale\" content=\"tr_TR\" \/>\n<meta property=\"og:type\" content=\"article\" \/>\n<meta property=\"og:title\" content=\"Organizasyon - Helptime GmbH\" \/>\n<meta property=\"og:description\" content=\"Organizasyon \u0130\u015f d\u00fcnyas\u0131 her zaman h\u0131zl\u0131 bir \u015fekilde de\u011fi\u015fir ve bir yerlerde mutlaka yeni f\u0131rsatlar yarat\u0131r. Organizasyonlar\u0131n\u0131z\u0131 g\u00fc\u00e7lendirmeye y\u00f6nelik att\u0131\u011f\u0131m\u0131z her ad\u0131m ayn\u0131 zamanda bu ad\u0131mlar\u0131n s\u00fcrd\u00fcr\u00fclebilir ve uzun vadeli olmas\u0131na y\u00f6neliktir. Bu a\u015famada sahip oldu\u011fumuz i\u015f \u00e7evreleri ve sekt\u00f6r\u00fcn\u00fczdeki deneyimlerimizden yararlanarak i\u015f s\u00fcreci ve organizasyon yap\u0131s\u0131nda kurulan d\u00fczeni iyile\u015ftirmeye odaklan\u0131r\u0131z.\" \/>\n<meta property=\"og:url\" content=\"https:\/\/www.helptime.ch\/tr\/organisation\/\" \/>\n<meta property=\"og:site_name\" content=\"Helptime GmbH\" \/>\n<meta property=\"article:modified_time\" content=\"2022-02-01T12:53:00+00:00\" \/>\n<meta name=\"twitter:card\" content=\"summary_large_image\" \/>\n<script type=\"application\/ld+json\" class=\"yoast-schema-graph\">{\"@context\":\"https:\/\/schema.org\",\"@graph\":[{\"@type\":\"WebPage\",\"@id\":\"https:\/\/www.helptime.ch\/tr\/organisation\/\",\"url\":\"https:\/\/www.helptime.ch\/tr\/organisation\/\",\"name\":\"Organizasyon - Helptime GmbH\",\"isPartOf\":{\"@id\":\"https:\/\/www.helptime.ch\/tr\/#website\"},\"datePublished\":\"2022-01-10T10:51:45+00:00\",\"dateModified\":\"2022-02-01T12:53:00+00:00\",\"breadcrumb\":{\"@id\":\"https:\/\/www.helptime.ch\/tr\/organisation\/#breadcrumb\"},\"inLanguage\":\"tr\",\"potentialAction\":[{\"@type\":\"ReadAction\",\"target\":[\"https:\/\/www.helptime.ch\/tr\/organisation\/\"]}]},{\"@type\":\"BreadcrumbList\",\"@id\":\"https:\/\/www.helptime.ch\/tr\/organisation\/#breadcrumb\",\"itemListElement\":[{\"@type\":\"ListItem\",\"position\":1,\"name\":\"Anasayfa\",\"item\":\"https:\/\/www.helptime.ch\/tr\/\"},{\"@type\":\"ListItem\",\"position\":2,\"name\":\"Organizasyon\"}]},{\"@type\":\"WebSite\",\"@id\":\"https:\/\/www.helptime.ch\/tr\/#website\",\"url\":\"https:\/\/www.helptime.ch\/tr\/\",\"name\":\"Helptime GmbH\",\"description\":\"Helptime-Unternehmensseite\",\"publisher\":{\"@id\":\"https:\/\/www.helptime.ch\/tr\/#organization\"},\"potentialAction\":[{\"@type\":\"SearchAction\",\"target\":{\"@type\":\"EntryPoint\",\"urlTemplate\":\"https:\/\/www.helptime.ch\/tr\/?s={search_term_string}\"},\"query-input\":{\"@type\":\"PropertyValueSpecification\",\"valueRequired\":true,\"valueName\":\"search_term_string\"}}],\"inLanguage\":\"tr\"},{\"@type\":\"Organization\",\"@id\":\"https:\/\/www.helptime.ch\/tr\/#organization\",\"name\":\"Helptime GmbH\",\"url\":\"https:\/\/www.helptime.ch\/tr\/\",\"logo\":{\"@type\":\"ImageObject\",\"inLanguage\":\"tr\",\"@id\":\"https:\/\/www.helptime.ch\/tr\/#\/schema\/logo\/image\/\",\"url\":\"https:\/\/www.helptime.ch\/tr\/wp-content\/uploads\/sites\/4\/2022\/01\/helptimelogo.png\",\"contentUrl\":\"https:\/\/www.helptime.ch\/tr\/wp-content\/uploads\/sites\/4\/2022\/01\/helptimelogo.png\",\"width\":148,\"height\":148,\"caption\":\"Helptime GmbH\"},\"image\":{\"@id\":\"https:\/\/www.helptime.ch\/tr\/#\/schema\/logo\/image\/\"}}]}<\/script>\n<!-- \/ Yoast SEO plugin. -->","yoast_head_json":{"title":"Organizasyon - Helptime GmbH","robots":{"index":"index","follow":"follow","max-snippet":"max-snippet:-1","max-image-preview":"max-image-preview:large","max-video-preview":"max-video-preview:-1"},"canonical":"https:\/\/www.helptime.ch\/tr\/organisation\/","og_locale":"tr_TR","og_type":"article","og_title":"Organizasyon - Helptime GmbH","og_description":"Organizasyon \u0130\u015f d\u00fcnyas\u0131 her zaman h\u0131zl\u0131 bir \u015fekilde de\u011fi\u015fir ve bir yerlerde mutlaka yeni f\u0131rsatlar yarat\u0131r. Organizasyonlar\u0131n\u0131z\u0131 g\u00fc\u00e7lendirmeye y\u00f6nelik att\u0131\u011f\u0131m\u0131z her ad\u0131m ayn\u0131 zamanda bu ad\u0131mlar\u0131n s\u00fcrd\u00fcr\u00fclebilir ve uzun vadeli olmas\u0131na y\u00f6neliktir. Bu a\u015famada sahip oldu\u011fumuz i\u015f \u00e7evreleri ve sekt\u00f6r\u00fcn\u00fczdeki deneyimlerimizden yararlanarak i\u015f s\u00fcreci ve organizasyon yap\u0131s\u0131nda kurulan d\u00fczeni iyile\u015ftirmeye odaklan\u0131r\u0131z.","og_url":"https:\/\/www.helptime.ch\/tr\/organisation\/","og_site_name":"Helptime GmbH","article_modified_time":"2022-02-01T12:53:00+00:00","twitter_card":"summary_large_image","schema":{"@context":"https:\/\/schema.org","@graph":[{"@type":"WebPage","@id":"https:\/\/www.helptime.ch\/tr\/organisation\/","url":"https:\/\/www.helptime.ch\/tr\/organisation\/","name":"Organizasyon - Helptime GmbH","isPartOf":{"@id":"https:\/\/www.helptime.ch\/tr\/#website"},"datePublished":"2022-01-10T10:51:45+00:00","dateModified":"2022-02-01T12:53:00+00:00","breadcrumb":{"@id":"https:\/\/www.helptime.ch\/tr\/organisation\/#breadcrumb"},"inLanguage":"tr","potentialAction":[{"@type":"ReadAction","target":["https:\/\/www.helptime.ch\/tr\/organisation\/"]}]},{"@type":"BreadcrumbList","@id":"https:\/\/www.helptime.ch\/tr\/organisation\/#breadcrumb","itemListElement":[{"@type":"ListItem","position":1,"name":"Anasayfa","item":"https:\/\/www.helptime.ch\/tr\/"},{"@type":"ListItem","position":2,"name":"Organizasyon"}]},{"@type":"WebSite","@id":"https:\/\/www.helptime.ch\/tr\/#website","url":"https:\/\/www.helptime.ch\/tr\/","name":"Helptime GmbH","description":"Helptime-Unternehmensseite","publisher":{"@id":"https:\/\/www.helptime.ch\/tr\/#organization"},"potentialAction":[{"@type":"SearchAction","target":{"@type":"EntryPoint","urlTemplate":"https:\/\/www.helptime.ch\/tr\/?s={search_term_string}"},"query-input":{"@type":"PropertyValueSpecification","valueRequired":true,"valueName":"search_term_string"}}],"inLanguage":"tr"},{"@type":"Organization","@id":"https:\/\/www.helptime.ch\/tr\/#organization","name":"Helptime GmbH","url":"https:\/\/www.helptime.ch\/tr\/","logo":{"@type":"ImageObject","inLanguage":"tr","@id":"https:\/\/www.helptime.ch\/tr\/#\/schema\/logo\/image\/","url":"https:\/\/www.helptime.ch\/tr\/wp-content\/uploads\/sites\/4\/2022\/01\/helptimelogo.png","contentUrl":"https:\/\/www.helptime.ch\/tr\/wp-content\/uploads\/sites\/4\/2022\/01\/helptimelogo.png","width":148,"height":148,"caption":"Helptime GmbH"},"image":{"@id":"https:\/\/www.helptime.ch\/tr\/#\/schema\/logo\/image\/"}}]}},"_links":{"self":[{"href":"https:\/\/www.helptime.ch\/tr\/wp-json\/wp\/v2\/pages\/1584","targetHints":{"allow":["GET"]}}],"collection":[{"href":"https:\/\/www.helptime.ch\/tr\/wp-json\/wp\/v2\/pages"}],"about":[{"href":"https:\/\/www.helptime.ch\/tr\/wp-json\/wp\/v2\/types\/page"}],"author":[{"embeddable":true,"href":"https:\/\/www.helptime.ch\/tr\/wp-json\/wp\/v2\/users\/1"}],"replies":[{"embeddable":true,"href":"https:\/\/www.helptime.ch\/tr\/wp-json\/wp\/v2\/comments?post=1584"}],"version-history":[{"count":14,"href":"https:\/\/www.helptime.ch\/tr\/wp-json\/wp\/v2\/pages\/1584\/revisions"}],"predecessor-version":[{"id":1973,"href":"https:\/\/www.helptime.ch\/tr\/wp-json\/wp\/v2\/pages\/1584\/revisions\/1973"}],"wp:attachment":[{"href":"https:\/\/www.helptime.ch\/tr\/wp-json\/wp\/v2\/media?parent=1584"}],"curies":[{"name":"wp","href":"https:\/\/api.w.org\/{rel}","templated":true}]}}