{"id":1581,"date":"2022-01-10T10:51:33","date_gmt":"2022-01-10T10:51:33","guid":{"rendered":"https:\/\/www.helptime.ch\/tr\/?page_id=1581"},"modified":"2022-01-17T10:25:56","modified_gmt":"2022-01-17T10:25:56","slug":"outsourcing","status":"publish","type":"page","link":"https:\/\/www.helptime.ch\/tr\/outsourcing\/","title":{"rendered":"Outsourcing Hizmeti"},"content":{"rendered":"\t\t<div data-elementor-type=\"wp-page\" data-elementor-id=\"1581\" class=\"elementor elementor-1581\">\n\t\t\t\t\t\t<section class=\"elementor-section elementor-top-section elementor-element elementor-element-ac4e1a7 elementor-section-boxed elementor-section-height-default elementor-section-height-default\" data-id=\"ac4e1a7\" data-element_type=\"section\" data-settings=\"{&quot;background_background&quot;:&quot;classic&quot;}\">\n\t\t\t\t\t\t<div class=\"elementor-container elementor-column-gap-no\">\n\t\t\t\t\t<div class=\"elementor-column elementor-col-100 elementor-top-column elementor-element elementor-element-13c56ad\" data-id=\"13c56ad\" data-element_type=\"column\">\n\t\t\t<div class=\"elementor-widget-wrap\">\n\t\t\t\t\t\t\t<\/div>\n\t\t<\/div>\n\t\t\t\t\t<\/div>\n\t\t<\/section>\n\t\t\t\t<section class=\"elementor-section elementor-top-section elementor-element elementor-element-254b5e5 elementor-section-boxed elementor-section-height-default elementor-section-height-default\" data-id=\"254b5e5\" data-element_type=\"section\">\n\t\t\t\t\t\t<div class=\"elementor-container elementor-column-gap-default\">\n\t\t\t\t\t<div class=\"elementor-column elementor-col-100 elementor-top-column elementor-element elementor-element-2ae23d6\" data-id=\"2ae23d6\" data-element_type=\"column\">\n\t\t\t<div class=\"elementor-widget-wrap elementor-element-populated\">\n\t\t\t\t\t\t<div class=\"elementor-element elementor-element-1fd8a53 elementor-widget elementor-widget-heading\" data-id=\"1fd8a53\" data-element_type=\"widget\" data-widget_type=\"heading.default\">\n\t\t\t\t<div class=\"elementor-widget-container\">\n\t\t\t<h1 class=\"elementor-heading-title elementor-size-xxl\">Outsourcing Hizmeti<\/h1>\t\t<\/div>\n\t\t\t\t<\/div>\n\t\t\t\t<div class=\"elementor-element elementor-element-b4a1df3 elementor-widget elementor-widget-text-editor\" data-id=\"b4a1df3\" data-element_type=\"widget\" data-widget_type=\"text-editor.default\">\n\t\t\t\t<div class=\"elementor-widget-container\">\n\t\t\t\t\t\t\t<p>T\u00fcrkiye merkezi konumu, 945 milyon t\u00fcketiciye olan serbest eri\u015fimi ve liberal yat\u0131r\u0131m ortam\u0131yla yabanc\u0131 yat\u0131r\u0131mlar i\u00e7in kusursuz bir i\u015f ortam\u0131 sunar. T\u00fcrkiye, 32,7 milyon ki\u015filik i\u015f g\u00fcc\u00fcyle Avrupa\u2019n\u0131n en b\u00fcy\u00fck i\u015f g\u00fcc\u00fc havuzunu olu\u015fturmaktad\u0131r. Avrupa\u2019da ya\u015flanan n\u00fcfus gibi zorluklarla kar\u015f\u0131 kar\u015f\u0131ya olan yat\u0131r\u0131mc\u0131lar, T\u00fcrkiye&#8217;nin gen\u00e7 n\u00fcfusunu \u00f6nemli bir avantaj olarak de\u011ferlendirmektedir. Bu avantajlardan yararlanarak ticari faaliyetlerinizi daha d\u00fc\u015f\u00fck maliyetle daha y\u00fcksek kapasiteye \u00e7\u0131kart\u0131yoruz. D\u0131\u015f kaynak kullan\u0131m\u0131n\u0131 neden tercih etmelisiniz? D\u0131\u015f kaynak kullan\u0131m\u0131 kararlar\u0131n\u0131n temeli, o kayna\u011f\u0131 \u00fcretmeniz ve d\u0131\u015far\u0131dan temin etmeniz aras\u0131ndaki maliyet fark\u0131n\u0131n i\u015fletmenize sa\u011flayaca\u011f\u0131 kard\u0131r. D\u0131\u015f kaynak kullan\u0131m\u0131, \u00f6rne\u011fin bir \u015firket daha esnek hale getirilecek ve ana faaliyet alan\u0131na y\u00f6nelik olacaksa faydal\u0131 olabilir.<\/p><p>\u00a0<\/p><p>\u0130\u015fletmeniz taraf\u0131ndan yap\u0131lmas\u0131 verimsiz kaynak kullan\u0131m\u0131 yaratacak g\u00f6revler s\u00f6z konusu oldu\u011funda, bunlar\u0131 alan\u0131nda uzman hizmet sa\u011flay\u0131c\u0131lar\u0131na yapt\u0131rmak en iyi se\u00e7enektir. H\u0131zla b\u00fcy\u00fcyen \u015firketler bile kendi s\u00fcre\u00e7lerinin zaman alan in\u015fas\u0131ndan ka\u00e7\u0131nmak i\u00e7in genellikle d\u0131\u015f kaynak kullanmay\u0131 d\u00fc\u015f\u00fcn\u00fcr. D\u0131\u015f kaynak kullan\u0131m\u0131n\u0131 planlarken, temel becerilerinizin ve teknolojilerinizin d\u0131\u015far\u0131dan temin edilmemesi \u00f6nemlidir. Aksi takdirde, \u015firketin hizmet sa\u011flay\u0131c\u0131lar\u0131ndan birine ba\u011f\u0131ml\u0131 hale gelme riski vard\u0131r. Bu ba\u011f\u0131ml\u0131l\u0131k, hizmet sa\u011flay\u0131c\u0131n\u0131zla ya\u015fayaca\u011f\u0131n\u0131z sorunlar\u0131n \u015firketinizin temel faaliyetlerinde beklenmedik maliyetlere neden olabilece\u011fi anlam\u0131na gelebilir.<\/p><p>Helptime dan\u0131\u015fmanl\u0131k olarak Avrupa piyasas\u0131ndaki tecr\u00fcbemiz ve ba\u011flant\u0131lar\u0131m\u0131z sayesinde T\u00fcrkiye \u00fczerinden ihtiyac\u0131n\u0131z olan Outsourcing hizmetini planl\u0131yoruz. Buradaki avantaj\u0131n\u0131z en uygun maliyetle y\u00fcksek kaliteye ula\u015f\u0131rken t\u00fcm takip s\u00fcrecinde Helptime dan\u0131\u015fmanl\u0131\u011f\u0131n g\u00fcvencesinde olman\u0131zd\u0131r.<\/p>\t\t\t\t\t\t<\/div>\n\t\t\t\t<\/div>\n\t\t\t\t\t<\/div>\n\t\t<\/div>\n\t\t\t\t\t<\/div>\n\t\t<\/section>\n\t\t\t\t<\/div>\n\t\t","protected":false},"excerpt":{"rendered":"<p>Outsourcing Hizmeti T\u00fcrkiye merkezi konumu, 945 milyon t\u00fcketiciye olan serbest eri\u015fimi ve liberal yat\u0131r\u0131m ortam\u0131yla yabanc\u0131 yat\u0131r\u0131mlar i\u00e7in kusursuz bir i\u015f ortam\u0131 sunar. T\u00fcrkiye, 32,7 milyon ki\u015filik i\u015f g\u00fcc\u00fcyle Avrupa\u2019n\u0131n en b\u00fcy\u00fck i\u015f g\u00fcc\u00fc havuzunu olu\u015fturmaktad\u0131r. Avrupa\u2019da ya\u015flanan n\u00fcfus gibi zorluklarla kar\u015f\u0131 kar\u015f\u0131ya olan yat\u0131r\u0131mc\u0131lar, T\u00fcrkiye&#8217;nin gen\u00e7 n\u00fcfusunu \u00f6nemli bir avantaj olarak de\u011ferlendirmektedir. Bu avantajlardan [&hellip;]<\/p>\n","protected":false},"author":1,"featured_media":0,"parent":0,"menu_order":0,"comment_status":"closed","ping_status":"closed","template":"","meta":{"site-sidebar-layout":"no-sidebar","site-content-layout":"page-builder","ast-site-content-layout":"","site-content-style":"default","site-sidebar-style":"default","ast-global-header-display":"","ast-banner-title-visibility":"","ast-main-header-display":"","ast-hfb-above-header-display":"","ast-hfb-below-header-display":"","ast-hfb-mobile-header-display":"","site-post-title":"disabled","ast-breadcrumbs-content":"","ast-featured-img":"disabled","footer-sml-layout":"","theme-transparent-header-meta":"","adv-header-id-meta":"","stick-header-meta":"","header-above-stick-meta":"","header-main-stick-meta":"","header-below-stick-meta":"","astra-migrate-meta-layouts":"default","ast-page-background-enabled":"default","ast-page-background-meta":{"desktop":{"background-color":"","background-image":"","background-repeat":"repeat","background-position":"center center","background-size":"auto","background-attachment":"scroll","background-type":"","background-media":"","overlay-type":"","overlay-color":"","overlay-opacity":"","overlay-gradient":""},"tablet":{"background-color":"","background-image":"","background-repeat":"repeat","background-position":"center center","background-size":"auto","background-attachment":"scroll","background-type":"","background-media":"","overlay-type":"","overlay-color":"","overlay-opacity":"","overlay-gradient":""},"mobile":{"background-color":"","background-image":"","background-repeat":"repeat","background-position":"center center","background-size":"auto","background-attachment":"scroll","background-type":"","background-media":"","overlay-type":"","overlay-color":"","overlay-opacity":"","overlay-gradient":""}},"ast-content-background-meta":{"desktop":{"background-color":"var(--ast-global-color-5)","background-image":"","background-repeat":"repeat","background-position":"center center","background-size":"auto","background-attachment":"scroll","background-type":"","background-media":"","overlay-type":"","overlay-color":"","overlay-opacity":"","overlay-gradient":""},"tablet":{"background-color":"var(--ast-global-color-5)","background-image":"","background-repeat":"repeat","background-position":"center center","background-size":"auto","background-attachment":"scroll","background-type":"","background-media":"","overlay-type":"","overlay-color":"","overlay-opacity":"","overlay-gradient":""},"mobile":{"background-color":"var(--ast-global-color-5)","background-image":"","background-repeat":"repeat","background-position":"center center","background-size":"auto","background-attachment":"scroll","background-type":"","background-media":"","overlay-type":"","overlay-color":"","overlay-opacity":"","overlay-gradient":""}},"footnotes":""},"class_list":["post-1581","page","type-page","status-publish","hentry"],"yoast_head":"<!-- This site is optimized with the Yoast SEO plugin v23.9 - https:\/\/yoast.com\/wordpress\/plugins\/seo\/ -->\n<title>Outsourcing Hizmeti - Helptime GmbH<\/title>\n<meta name=\"robots\" content=\"index, follow, max-snippet:-1, max-image-preview:large, max-video-preview:-1\" \/>\n<link rel=\"canonical\" href=\"https:\/\/www.helptime.ch\/tr\/outsourcing\/\" \/>\n<meta property=\"og:locale\" content=\"tr_TR\" \/>\n<meta property=\"og:type\" content=\"article\" \/>\n<meta property=\"og:title\" content=\"Outsourcing Hizmeti - Helptime GmbH\" \/>\n<meta property=\"og:description\" content=\"Outsourcing Hizmeti T\u00fcrkiye merkezi konumu, 945 milyon t\u00fcketiciye olan serbest eri\u015fimi ve liberal yat\u0131r\u0131m ortam\u0131yla yabanc\u0131 yat\u0131r\u0131mlar i\u00e7in kusursuz bir i\u015f ortam\u0131 sunar. T\u00fcrkiye, 32,7 milyon ki\u015filik i\u015f g\u00fcc\u00fcyle Avrupa\u2019n\u0131n en b\u00fcy\u00fck i\u015f g\u00fcc\u00fc havuzunu olu\u015fturmaktad\u0131r. Avrupa\u2019da ya\u015flanan n\u00fcfus gibi zorluklarla kar\u015f\u0131 kar\u015f\u0131ya olan yat\u0131r\u0131mc\u0131lar, T\u00fcrkiye&#8217;nin gen\u00e7 n\u00fcfusunu \u00f6nemli bir avantaj olarak de\u011ferlendirmektedir. Bu avantajlardan [&hellip;]\" \/>\n<meta property=\"og:url\" content=\"https:\/\/www.helptime.ch\/tr\/outsourcing\/\" \/>\n<meta property=\"og:site_name\" content=\"Helptime GmbH\" \/>\n<meta property=\"article:modified_time\" content=\"2022-01-17T10:25:56+00:00\" \/>\n<meta name=\"twitter:card\" content=\"summary_large_image\" \/>\n<meta name=\"twitter:label1\" content=\"Tahmini okuma s\u00fcresi\" \/>\n\t<meta name=\"twitter:data1\" content=\"2 dakika\" \/>\n<script type=\"application\/ld+json\" class=\"yoast-schema-graph\">{\"@context\":\"https:\/\/schema.org\",\"@graph\":[{\"@type\":\"WebPage\",\"@id\":\"https:\/\/www.helptime.ch\/tr\/outsourcing\/\",\"url\":\"https:\/\/www.helptime.ch\/tr\/outsourcing\/\",\"name\":\"Outsourcing Hizmeti - Helptime GmbH\",\"isPartOf\":{\"@id\":\"https:\/\/www.helptime.ch\/tr\/#website\"},\"datePublished\":\"2022-01-10T10:51:33+00:00\",\"dateModified\":\"2022-01-17T10:25:56+00:00\",\"breadcrumb\":{\"@id\":\"https:\/\/www.helptime.ch\/tr\/outsourcing\/#breadcrumb\"},\"inLanguage\":\"tr\",\"potentialAction\":[{\"@type\":\"ReadAction\",\"target\":[\"https:\/\/www.helptime.ch\/tr\/outsourcing\/\"]}]},{\"@type\":\"BreadcrumbList\",\"@id\":\"https:\/\/www.helptime.ch\/tr\/outsourcing\/#breadcrumb\",\"itemListElement\":[{\"@type\":\"ListItem\",\"position\":1,\"name\":\"Anasayfa\",\"item\":\"https:\/\/www.helptime.ch\/tr\/\"},{\"@type\":\"ListItem\",\"position\":2,\"name\":\"Outsourcing Hizmeti\"}]},{\"@type\":\"WebSite\",\"@id\":\"https:\/\/www.helptime.ch\/tr\/#website\",\"url\":\"https:\/\/www.helptime.ch\/tr\/\",\"name\":\"Helptime GmbH\",\"description\":\"Helptime-Unternehmensseite\",\"publisher\":{\"@id\":\"https:\/\/www.helptime.ch\/tr\/#organization\"},\"potentialAction\":[{\"@type\":\"SearchAction\",\"target\":{\"@type\":\"EntryPoint\",\"urlTemplate\":\"https:\/\/www.helptime.ch\/tr\/?s={search_term_string}\"},\"query-input\":{\"@type\":\"PropertyValueSpecification\",\"valueRequired\":true,\"valueName\":\"search_term_string\"}}],\"inLanguage\":\"tr\"},{\"@type\":\"Organization\",\"@id\":\"https:\/\/www.helptime.ch\/tr\/#organization\",\"name\":\"Helptime GmbH\",\"url\":\"https:\/\/www.helptime.ch\/tr\/\",\"logo\":{\"@type\":\"ImageObject\",\"inLanguage\":\"tr\",\"@id\":\"https:\/\/www.helptime.ch\/tr\/#\/schema\/logo\/image\/\",\"url\":\"https:\/\/www.helptime.ch\/tr\/wp-content\/uploads\/sites\/4\/2022\/01\/helptimelogo.png\",\"contentUrl\":\"https:\/\/www.helptime.ch\/tr\/wp-content\/uploads\/sites\/4\/2022\/01\/helptimelogo.png\",\"width\":148,\"height\":148,\"caption\":\"Helptime GmbH\"},\"image\":{\"@id\":\"https:\/\/www.helptime.ch\/tr\/#\/schema\/logo\/image\/\"}}]}<\/script>\n<!-- \/ Yoast SEO plugin. -->","yoast_head_json":{"title":"Outsourcing Hizmeti - Helptime GmbH","robots":{"index":"index","follow":"follow","max-snippet":"max-snippet:-1","max-image-preview":"max-image-preview:large","max-video-preview":"max-video-preview:-1"},"canonical":"https:\/\/www.helptime.ch\/tr\/outsourcing\/","og_locale":"tr_TR","og_type":"article","og_title":"Outsourcing Hizmeti - Helptime GmbH","og_description":"Outsourcing Hizmeti T\u00fcrkiye merkezi konumu, 945 milyon t\u00fcketiciye olan serbest eri\u015fimi ve liberal yat\u0131r\u0131m ortam\u0131yla yabanc\u0131 yat\u0131r\u0131mlar i\u00e7in kusursuz bir i\u015f ortam\u0131 sunar. T\u00fcrkiye, 32,7 milyon ki\u015filik i\u015f g\u00fcc\u00fcyle Avrupa\u2019n\u0131n en b\u00fcy\u00fck i\u015f g\u00fcc\u00fc havuzunu olu\u015fturmaktad\u0131r. Avrupa\u2019da ya\u015flanan n\u00fcfus gibi zorluklarla kar\u015f\u0131 kar\u015f\u0131ya olan yat\u0131r\u0131mc\u0131lar, T\u00fcrkiye&#8217;nin gen\u00e7 n\u00fcfusunu \u00f6nemli bir avantaj olarak de\u011ferlendirmektedir. Bu avantajlardan [&hellip;]","og_url":"https:\/\/www.helptime.ch\/tr\/outsourcing\/","og_site_name":"Helptime GmbH","article_modified_time":"2022-01-17T10:25:56+00:00","twitter_card":"summary_large_image","twitter_misc":{"Tahmini okuma s\u00fcresi":"2 dakika"},"schema":{"@context":"https:\/\/schema.org","@graph":[{"@type":"WebPage","@id":"https:\/\/www.helptime.ch\/tr\/outsourcing\/","url":"https:\/\/www.helptime.ch\/tr\/outsourcing\/","name":"Outsourcing Hizmeti - Helptime GmbH","isPartOf":{"@id":"https:\/\/www.helptime.ch\/tr\/#website"},"datePublished":"2022-01-10T10:51:33+00:00","dateModified":"2022-01-17T10:25:56+00:00","breadcrumb":{"@id":"https:\/\/www.helptime.ch\/tr\/outsourcing\/#breadcrumb"},"inLanguage":"tr","potentialAction":[{"@type":"ReadAction","target":["https:\/\/www.helptime.ch\/tr\/outsourcing\/"]}]},{"@type":"BreadcrumbList","@id":"https:\/\/www.helptime.ch\/tr\/outsourcing\/#breadcrumb","itemListElement":[{"@type":"ListItem","position":1,"name":"Anasayfa","item":"https:\/\/www.helptime.ch\/tr\/"},{"@type":"ListItem","position":2,"name":"Outsourcing Hizmeti"}]},{"@type":"WebSite","@id":"https:\/\/www.helptime.ch\/tr\/#website","url":"https:\/\/www.helptime.ch\/tr\/","name":"Helptime GmbH","description":"Helptime-Unternehmensseite","publisher":{"@id":"https:\/\/www.helptime.ch\/tr\/#organization"},"potentialAction":[{"@type":"SearchAction","target":{"@type":"EntryPoint","urlTemplate":"https:\/\/www.helptime.ch\/tr\/?s={search_term_string}"},"query-input":{"@type":"PropertyValueSpecification","valueRequired":true,"valueName":"search_term_string"}}],"inLanguage":"tr"},{"@type":"Organization","@id":"https:\/\/www.helptime.ch\/tr\/#organization","name":"Helptime GmbH","url":"https:\/\/www.helptime.ch\/tr\/","logo":{"@type":"ImageObject","inLanguage":"tr","@id":"https:\/\/www.helptime.ch\/tr\/#\/schema\/logo\/image\/","url":"https:\/\/www.helptime.ch\/tr\/wp-content\/uploads\/sites\/4\/2022\/01\/helptimelogo.png","contentUrl":"https:\/\/www.helptime.ch\/tr\/wp-content\/uploads\/sites\/4\/2022\/01\/helptimelogo.png","width":148,"height":148,"caption":"Helptime GmbH"},"image":{"@id":"https:\/\/www.helptime.ch\/tr\/#\/schema\/logo\/image\/"}}]}},"_links":{"self":[{"href":"https:\/\/www.helptime.ch\/tr\/wp-json\/wp\/v2\/pages\/1581","targetHints":{"allow":["GET"]}}],"collection":[{"href":"https:\/\/www.helptime.ch\/tr\/wp-json\/wp\/v2\/pages"}],"about":[{"href":"https:\/\/www.helptime.ch\/tr\/wp-json\/wp\/v2\/types\/page"}],"author":[{"embeddable":true,"href":"https:\/\/www.helptime.ch\/tr\/wp-json\/wp\/v2\/users\/1"}],"replies":[{"embeddable":true,"href":"https:\/\/www.helptime.ch\/tr\/wp-json\/wp\/v2\/comments?post=1581"}],"version-history":[{"count":14,"href":"https:\/\/www.helptime.ch\/tr\/wp-json\/wp\/v2\/pages\/1581\/revisions"}],"predecessor-version":[{"id":1890,"href":"https:\/\/www.helptime.ch\/tr\/wp-json\/wp\/v2\/pages\/1581\/revisions\/1890"}],"wp:attachment":[{"href":"https:\/\/www.helptime.ch\/tr\/wp-json\/wp\/v2\/media?parent=1581"}],"curies":[{"name":"wp","href":"https:\/\/api.w.org\/{rel}","templated":true}]}}