{"id":1579,"date":"2022-01-10T10:51:16","date_gmt":"2022-01-10T10:51:16","guid":{"rendered":"https:\/\/www.helptime.ch\/tr\/?page_id=1579"},"modified":"2022-02-01T13:33:33","modified_gmt":"2022-02-01T13:33:33","slug":"bildung","status":"publish","type":"page","link":"https:\/\/www.helptime.ch\/tr\/bildung\/","title":{"rendered":"E\u011fitim"},"content":{"rendered":"\t\t<div data-elementor-type=\"wp-page\" data-elementor-id=\"1579\" class=\"elementor elementor-1579\">\n\t\t\t\t\t\t<section class=\"elementor-section elementor-top-section elementor-element elementor-element-a37b040 elementor-section-boxed elementor-section-height-default elementor-section-height-default\" data-id=\"a37b040\" data-element_type=\"section\" data-settings=\"{&quot;background_background&quot;:&quot;classic&quot;}\">\n\t\t\t\t\t\t<div class=\"elementor-container elementor-column-gap-no\">\n\t\t\t\t\t<div class=\"elementor-column elementor-col-100 elementor-top-column elementor-element elementor-element-64a1811\" data-id=\"64a1811\" data-element_type=\"column\">\n\t\t\t<div class=\"elementor-widget-wrap\">\n\t\t\t\t\t\t\t<\/div>\n\t\t<\/div>\n\t\t\t\t\t<\/div>\n\t\t<\/section>\n\t\t\t\t<section class=\"elementor-section elementor-top-section elementor-element elementor-element-6b2cb81 elementor-section-boxed elementor-section-height-default elementor-section-height-default\" data-id=\"6b2cb81\" data-element_type=\"section\">\n\t\t\t\t\t\t<div class=\"elementor-container elementor-column-gap-default\">\n\t\t\t\t\t<div class=\"elementor-column elementor-col-100 elementor-top-column elementor-element elementor-element-3e43a3e\" data-id=\"3e43a3e\" data-element_type=\"column\">\n\t\t\t<div class=\"elementor-widget-wrap elementor-element-populated\">\n\t\t\t\t\t\t<div class=\"elementor-element elementor-element-ef50b83 elementor-widget elementor-widget-heading\" data-id=\"ef50b83\" data-element_type=\"widget\" data-widget_type=\"heading.default\">\n\t\t\t\t<div class=\"elementor-widget-container\">\n\t\t\t<h1 class=\"elementor-heading-title elementor-size-default\">E\u011fitim<\/h1>\t\t<\/div>\n\t\t\t\t<\/div>\n\t\t\t\t\t<\/div>\n\t\t<\/div>\n\t\t\t\t\t<\/div>\n\t\t<\/section>\n\t\t\t\t<section class=\"elementor-section elementor-top-section elementor-element elementor-element-73a0a0b elementor-section-boxed elementor-section-height-default elementor-section-height-default\" data-id=\"73a0a0b\" data-element_type=\"section\">\n\t\t\t\t\t\t<div class=\"elementor-container elementor-column-gap-default\">\n\t\t\t\t\t<div class=\"elementor-column elementor-col-100 elementor-top-column elementor-element elementor-element-7263a96\" data-id=\"7263a96\" data-element_type=\"column\">\n\t\t\t<div class=\"elementor-widget-wrap elementor-element-populated\">\n\t\t\t\t\t\t<div class=\"elementor-element elementor-element-f5d431e elementor-widget elementor-widget-text-editor\" data-id=\"f5d431e\" data-element_type=\"widget\" data-widget_type=\"text-editor.default\">\n\t\t\t\t<div class=\"elementor-widget-container\">\n\t\t\t\t\t\t\t<p>Helptime Dan\u0131\u015fmanl\u0131k olarak \u00fclkemizde sahip oldu\u011fumuz en b\u00fcy\u00fck avantajlardan biri gen\u00e7 n\u00fcfusun \u00fcretkenli\u011fe sahip olmas\u0131. B\u00f6lgesel i\u015f ekosistemimizin s\u00fcrd\u00fcr\u00fclebilir b\u00fcy\u00fcmeye sahip olmas\u0131 da en m\u00fchim \u00f6nceli\u011fimizdir. \u00d6zellikle i\u015f hayat\u0131na yeni ba\u015flayanlar i\u00e7in teorik bilgilerin sekt\u00f6rde nas\u0131l kullan\u0131laca\u011f\u0131n\u0131 ve kendinize nas\u0131l yetenekler katman\u0131z gerekti\u011fini fark etmek i\u00e7in ger\u00e7ek bir \u015firkette staj yapmak \u00f6nemlidir.<\/p><p>\u00a0<\/p><p>Yeni fikirler ve startuplar\u0131n kurulmas\u0131 da \u00e7ok \u00f6nemlidir. \u00c7e\u015fitli alanlardan insanlarla uyumlu bir \u00e7al\u0131\u015fma ortam\u0131 gerektirir. Helptime t\u00fcm bunlar i\u00e7in gerekli olan ortam\u0131 ve ba\u011flant\u0131lar\u0131 size sa\u011flar. Bizimle birlikte i\u015f d\u00fcnyas\u0131na yeni bir soluk getirmek ve globalde en g\u00fcncel y\u00f6ntemleri kullanarak hayallerinizi ger\u00e7ekle\u015ftirmek i\u00e7in ataca\u011f\u0131n\u0131z ilk ad\u0131mda sahip oldu\u011fumuz t\u00fcm bilgiyi sizinle payla\u015fmaya haz\u0131r\u0131z.<\/p>\t\t\t\t\t\t<\/div>\n\t\t\t\t<\/div>\n\t\t\t\t\t<\/div>\n\t\t<\/div>\n\t\t\t\t\t<\/div>\n\t\t<\/section>\n\t\t\t\t<\/div>\n\t\t","protected":false},"excerpt":{"rendered":"<p>E\u011fitim Helptime Dan\u0131\u015fmanl\u0131k olarak \u00fclkemizde sahip oldu\u011fumuz en b\u00fcy\u00fck avantajlardan biri gen\u00e7 n\u00fcfusun \u00fcretkenli\u011fe sahip olmas\u0131. B\u00f6lgesel i\u015f ekosistemimizin s\u00fcrd\u00fcr\u00fclebilir b\u00fcy\u00fcmeye sahip olmas\u0131 da en m\u00fchim \u00f6nceli\u011fimizdir. \u00d6zellikle i\u015f hayat\u0131na yeni ba\u015flayanlar i\u00e7in teorik bilgilerin sekt\u00f6rde nas\u0131l kullan\u0131laca\u011f\u0131n\u0131 ve kendinize nas\u0131l yetenekler katman\u0131z gerekti\u011fini fark etmek i\u00e7in ger\u00e7ek bir \u015firkette staj yapmak \u00f6nemlidir. \u00a0 Yeni [&hellip;]<\/p>\n","protected":false},"author":1,"featured_media":0,"parent":0,"menu_order":0,"comment_status":"closed","ping_status":"closed","template":"","meta":{"site-sidebar-layout":"no-sidebar","site-content-layout":"page-builder","ast-site-content-layout":"","site-content-style":"default","site-sidebar-style":"default","ast-global-header-display":"","ast-banner-title-visibility":"","ast-main-header-display":"","ast-hfb-above-header-display":"","ast-hfb-below-header-display":"","ast-hfb-mobile-header-display":"","site-post-title":"disabled","ast-breadcrumbs-content":"","ast-featured-img":"disabled","footer-sml-layout":"","theme-transparent-header-meta":"","adv-header-id-meta":"","stick-header-meta":"","header-above-stick-meta":"","header-main-stick-meta":"","header-below-stick-meta":"","astra-migrate-meta-layouts":"default","ast-page-background-enabled":"default","ast-page-background-meta":{"desktop":{"background-color":"","background-image":"","background-repeat":"repeat","background-position":"center center","background-size":"auto","background-attachment":"scroll","background-type":"","background-media":"","overlay-type":"","overlay-color":"","overlay-opacity":"","overlay-gradient":""},"tablet":{"background-color":"","background-image":"","background-repeat":"repeat","background-position":"center center","background-size":"auto","background-attachment":"scroll","background-type":"","background-media":"","overlay-type":"","overlay-color":"","overlay-opacity":"","overlay-gradient":""},"mobile":{"background-color":"","background-image":"","background-repeat":"repeat","background-position":"center center","background-size":"auto","background-attachment":"scroll","background-type":"","background-media":"","overlay-type":"","overlay-color":"","overlay-opacity":"","overlay-gradient":""}},"ast-content-background-meta":{"desktop":{"background-color":"var(--ast-global-color-5)","background-image":"","background-repeat":"repeat","background-position":"center center","background-size":"auto","background-attachment":"scroll","background-type":"","background-media":"","overlay-type":"","overlay-color":"","overlay-opacity":"","overlay-gradient":""},"tablet":{"background-color":"var(--ast-global-color-5)","background-image":"","background-repeat":"repeat","background-position":"center center","background-size":"auto","background-attachment":"scroll","background-type":"","background-media":"","overlay-type":"","overlay-color":"","overlay-opacity":"","overlay-gradient":""},"mobile":{"background-color":"var(--ast-global-color-5)","background-image":"","background-repeat":"repeat","background-position":"center center","background-size":"auto","background-attachment":"scroll","background-type":"","background-media":"","overlay-type":"","overlay-color":"","overlay-opacity":"","overlay-gradient":""}},"footnotes":""},"class_list":["post-1579","page","type-page","status-publish","hentry"],"yoast_head":"<!-- This site is optimized with the Yoast SEO plugin v23.9 - https:\/\/yoast.com\/wordpress\/plugins\/seo\/ -->\n<title>E\u011fitim - Helptime GmbH<\/title>\n<meta name=\"robots\" content=\"index, follow, max-snippet:-1, max-image-preview:large, max-video-preview:-1\" \/>\n<link rel=\"canonical\" href=\"https:\/\/www.helptime.ch\/tr\/bildung\/\" \/>\n<meta property=\"og:locale\" content=\"tr_TR\" \/>\n<meta property=\"og:type\" content=\"article\" \/>\n<meta property=\"og:title\" content=\"E\u011fitim - Helptime GmbH\" \/>\n<meta property=\"og:description\" content=\"E\u011fitim Helptime Dan\u0131\u015fmanl\u0131k olarak \u00fclkemizde sahip oldu\u011fumuz en b\u00fcy\u00fck avantajlardan biri gen\u00e7 n\u00fcfusun \u00fcretkenli\u011fe sahip olmas\u0131. B\u00f6lgesel i\u015f ekosistemimizin s\u00fcrd\u00fcr\u00fclebilir b\u00fcy\u00fcmeye sahip olmas\u0131 da en m\u00fchim \u00f6nceli\u011fimizdir. \u00d6zellikle i\u015f hayat\u0131na yeni ba\u015flayanlar i\u00e7in teorik bilgilerin sekt\u00f6rde nas\u0131l kullan\u0131laca\u011f\u0131n\u0131 ve kendinize nas\u0131l yetenekler katman\u0131z gerekti\u011fini fark etmek i\u00e7in ger\u00e7ek bir \u015firkette staj yapmak \u00f6nemlidir. \u00a0 Yeni [&hellip;]\" \/>\n<meta property=\"og:url\" content=\"https:\/\/www.helptime.ch\/tr\/bildung\/\" \/>\n<meta property=\"og:site_name\" content=\"Helptime GmbH\" \/>\n<meta property=\"article:modified_time\" content=\"2022-02-01T13:33:33+00:00\" \/>\n<meta name=\"twitter:card\" content=\"summary_large_image\" \/>\n<meta name=\"twitter:label1\" content=\"Tahmini okuma s\u00fcresi\" \/>\n\t<meta name=\"twitter:data1\" content=\"1 dakika\" \/>\n<script type=\"application\/ld+json\" class=\"yoast-schema-graph\">{\"@context\":\"https:\/\/schema.org\",\"@graph\":[{\"@type\":\"WebPage\",\"@id\":\"https:\/\/www.helptime.ch\/tr\/bildung\/\",\"url\":\"https:\/\/www.helptime.ch\/tr\/bildung\/\",\"name\":\"E\u011fitim - Helptime GmbH\",\"isPartOf\":{\"@id\":\"https:\/\/www.helptime.ch\/tr\/#website\"},\"datePublished\":\"2022-01-10T10:51:16+00:00\",\"dateModified\":\"2022-02-01T13:33:33+00:00\",\"breadcrumb\":{\"@id\":\"https:\/\/www.helptime.ch\/tr\/bildung\/#breadcrumb\"},\"inLanguage\":\"tr\",\"potentialAction\":[{\"@type\":\"ReadAction\",\"target\":[\"https:\/\/www.helptime.ch\/tr\/bildung\/\"]}]},{\"@type\":\"BreadcrumbList\",\"@id\":\"https:\/\/www.helptime.ch\/tr\/bildung\/#breadcrumb\",\"itemListElement\":[{\"@type\":\"ListItem\",\"position\":1,\"name\":\"Anasayfa\",\"item\":\"https:\/\/www.helptime.ch\/tr\/\"},{\"@type\":\"ListItem\",\"position\":2,\"name\":\"E\u011fitim\"}]},{\"@type\":\"WebSite\",\"@id\":\"https:\/\/www.helptime.ch\/tr\/#website\",\"url\":\"https:\/\/www.helptime.ch\/tr\/\",\"name\":\"Helptime GmbH\",\"description\":\"Helptime-Unternehmensseite\",\"publisher\":{\"@id\":\"https:\/\/www.helptime.ch\/tr\/#organization\"},\"potentialAction\":[{\"@type\":\"SearchAction\",\"target\":{\"@type\":\"EntryPoint\",\"urlTemplate\":\"https:\/\/www.helptime.ch\/tr\/?s={search_term_string}\"},\"query-input\":{\"@type\":\"PropertyValueSpecification\",\"valueRequired\":true,\"valueName\":\"search_term_string\"}}],\"inLanguage\":\"tr\"},{\"@type\":\"Organization\",\"@id\":\"https:\/\/www.helptime.ch\/tr\/#organization\",\"name\":\"Helptime GmbH\",\"url\":\"https:\/\/www.helptime.ch\/tr\/\",\"logo\":{\"@type\":\"ImageObject\",\"inLanguage\":\"tr\",\"@id\":\"https:\/\/www.helptime.ch\/tr\/#\/schema\/logo\/image\/\",\"url\":\"https:\/\/www.helptime.ch\/tr\/wp-content\/uploads\/sites\/4\/2022\/01\/helptimelogo.png\",\"contentUrl\":\"https:\/\/www.helptime.ch\/tr\/wp-content\/uploads\/sites\/4\/2022\/01\/helptimelogo.png\",\"width\":148,\"height\":148,\"caption\":\"Helptime GmbH\"},\"image\":{\"@id\":\"https:\/\/www.helptime.ch\/tr\/#\/schema\/logo\/image\/\"}}]}<\/script>\n<!-- \/ Yoast SEO plugin. -->","yoast_head_json":{"title":"E\u011fitim - Helptime GmbH","robots":{"index":"index","follow":"follow","max-snippet":"max-snippet:-1","max-image-preview":"max-image-preview:large","max-video-preview":"max-video-preview:-1"},"canonical":"https:\/\/www.helptime.ch\/tr\/bildung\/","og_locale":"tr_TR","og_type":"article","og_title":"E\u011fitim - Helptime GmbH","og_description":"E\u011fitim Helptime Dan\u0131\u015fmanl\u0131k olarak \u00fclkemizde sahip oldu\u011fumuz en b\u00fcy\u00fck avantajlardan biri gen\u00e7 n\u00fcfusun \u00fcretkenli\u011fe sahip olmas\u0131. B\u00f6lgesel i\u015f ekosistemimizin s\u00fcrd\u00fcr\u00fclebilir b\u00fcy\u00fcmeye sahip olmas\u0131 da en m\u00fchim \u00f6nceli\u011fimizdir. \u00d6zellikle i\u015f hayat\u0131na yeni ba\u015flayanlar i\u00e7in teorik bilgilerin sekt\u00f6rde nas\u0131l kullan\u0131laca\u011f\u0131n\u0131 ve kendinize nas\u0131l yetenekler katman\u0131z gerekti\u011fini fark etmek i\u00e7in ger\u00e7ek bir \u015firkette staj yapmak \u00f6nemlidir. \u00a0 Yeni [&hellip;]","og_url":"https:\/\/www.helptime.ch\/tr\/bildung\/","og_site_name":"Helptime GmbH","article_modified_time":"2022-02-01T13:33:33+00:00","twitter_card":"summary_large_image","twitter_misc":{"Tahmini okuma s\u00fcresi":"1 dakika"},"schema":{"@context":"https:\/\/schema.org","@graph":[{"@type":"WebPage","@id":"https:\/\/www.helptime.ch\/tr\/bildung\/","url":"https:\/\/www.helptime.ch\/tr\/bildung\/","name":"E\u011fitim - Helptime GmbH","isPartOf":{"@id":"https:\/\/www.helptime.ch\/tr\/#website"},"datePublished":"2022-01-10T10:51:16+00:00","dateModified":"2022-02-01T13:33:33+00:00","breadcrumb":{"@id":"https:\/\/www.helptime.ch\/tr\/bildung\/#breadcrumb"},"inLanguage":"tr","potentialAction":[{"@type":"ReadAction","target":["https:\/\/www.helptime.ch\/tr\/bildung\/"]}]},{"@type":"BreadcrumbList","@id":"https:\/\/www.helptime.ch\/tr\/bildung\/#breadcrumb","itemListElement":[{"@type":"ListItem","position":1,"name":"Anasayfa","item":"https:\/\/www.helptime.ch\/tr\/"},{"@type":"ListItem","position":2,"name":"E\u011fitim"}]},{"@type":"WebSite","@id":"https:\/\/www.helptime.ch\/tr\/#website","url":"https:\/\/www.helptime.ch\/tr\/","name":"Helptime GmbH","description":"Helptime-Unternehmensseite","publisher":{"@id":"https:\/\/www.helptime.ch\/tr\/#organization"},"potentialAction":[{"@type":"SearchAction","target":{"@type":"EntryPoint","urlTemplate":"https:\/\/www.helptime.ch\/tr\/?s={search_term_string}"},"query-input":{"@type":"PropertyValueSpecification","valueRequired":true,"valueName":"search_term_string"}}],"inLanguage":"tr"},{"@type":"Organization","@id":"https:\/\/www.helptime.ch\/tr\/#organization","name":"Helptime GmbH","url":"https:\/\/www.helptime.ch\/tr\/","logo":{"@type":"ImageObject","inLanguage":"tr","@id":"https:\/\/www.helptime.ch\/tr\/#\/schema\/logo\/image\/","url":"https:\/\/www.helptime.ch\/tr\/wp-content\/uploads\/sites\/4\/2022\/01\/helptimelogo.png","contentUrl":"https:\/\/www.helptime.ch\/tr\/wp-content\/uploads\/sites\/4\/2022\/01\/helptimelogo.png","width":148,"height":148,"caption":"Helptime GmbH"},"image":{"@id":"https:\/\/www.helptime.ch\/tr\/#\/schema\/logo\/image\/"}}]}},"_links":{"self":[{"href":"https:\/\/www.helptime.ch\/tr\/wp-json\/wp\/v2\/pages\/1579","targetHints":{"allow":["GET"]}}],"collection":[{"href":"https:\/\/www.helptime.ch\/tr\/wp-json\/wp\/v2\/pages"}],"about":[{"href":"https:\/\/www.helptime.ch\/tr\/wp-json\/wp\/v2\/types\/page"}],"author":[{"embeddable":true,"href":"https:\/\/www.helptime.ch\/tr\/wp-json\/wp\/v2\/users\/1"}],"replies":[{"embeddable":true,"href":"https:\/\/www.helptime.ch\/tr\/wp-json\/wp\/v2\/comments?post=1579"}],"version-history":[{"count":18,"href":"https:\/\/www.helptime.ch\/tr\/wp-json\/wp\/v2\/pages\/1579\/revisions"}],"predecessor-version":[{"id":1997,"href":"https:\/\/www.helptime.ch\/tr\/wp-json\/wp\/v2\/pages\/1579\/revisions\/1997"}],"wp:attachment":[{"href":"https:\/\/www.helptime.ch\/tr\/wp-json\/wp\/v2\/media?parent=1579"}],"curies":[{"name":"wp","href":"https:\/\/api.w.org\/{rel}","templated":true}]}}