{"id":1577,"date":"2022-01-10T10:51:01","date_gmt":"2022-01-10T10:51:01","guid":{"rendered":"https:\/\/www.helptime.ch\/tr\/?page_id=1577"},"modified":"2022-01-24T13:48:52","modified_gmt":"2022-01-24T13:48:52","slug":"firmenkauf-verkauf","status":"publish","type":"page","link":"https:\/\/www.helptime.ch\/tr\/firmenkauf-verkauf\/","title":{"rendered":"\u015eirket Al\u0131m &#038; Sat\u0131m"},"content":{"rendered":"\t\t<div data-elementor-type=\"wp-page\" data-elementor-id=\"1577\" class=\"elementor elementor-1577\">\n\t\t\t\t\t\t<section class=\"elementor-section elementor-top-section elementor-element elementor-element-dfc0c71 elementor-section-boxed elementor-section-height-default elementor-section-height-default\" data-id=\"dfc0c71\" data-element_type=\"section\" data-settings=\"{&quot;background_background&quot;:&quot;classic&quot;}\">\n\t\t\t\t\t\t<div class=\"elementor-container elementor-column-gap-no\">\n\t\t\t\t\t<div class=\"elementor-column elementor-col-100 elementor-top-column elementor-element elementor-element-3f48c21\" data-id=\"3f48c21\" data-element_type=\"column\">\n\t\t\t<div class=\"elementor-widget-wrap\">\n\t\t\t\t\t\t\t<\/div>\n\t\t<\/div>\n\t\t\t\t\t<\/div>\n\t\t<\/section>\n\t\t\t\t<section class=\"elementor-section elementor-top-section elementor-element elementor-element-9aa198f elementor-section-boxed elementor-section-height-default elementor-section-height-default\" data-id=\"9aa198f\" data-element_type=\"section\">\n\t\t\t\t\t\t<div class=\"elementor-container elementor-column-gap-default\">\n\t\t\t\t\t<div class=\"elementor-column elementor-col-100 elementor-top-column elementor-element elementor-element-a18c1e0\" data-id=\"a18c1e0\" data-element_type=\"column\">\n\t\t\t<div class=\"elementor-widget-wrap elementor-element-populated\">\n\t\t\t\t\t\t<div class=\"elementor-element elementor-element-85e88db elementor-widget elementor-widget-heading\" data-id=\"85e88db\" data-element_type=\"widget\" data-widget_type=\"heading.default\">\n\t\t\t\t<div class=\"elementor-widget-container\">\n\t\t\t<h1 class=\"elementor-heading-title elementor-size-default\">\u015eirket Al\u0131m ve Sat\u0131m<\/h1>\t\t<\/div>\n\t\t\t\t<\/div>\n\t\t\t\t\t<\/div>\n\t\t<\/div>\n\t\t\t\t\t<\/div>\n\t\t<\/section>\n\t\t\t\t<section class=\"elementor-section elementor-top-section elementor-element elementor-element-6991713 elementor-section-boxed elementor-section-height-default elementor-section-height-default\" data-id=\"6991713\" data-element_type=\"section\">\n\t\t\t\t\t\t<div class=\"elementor-container elementor-column-gap-default\">\n\t\t\t\t\t<div class=\"elementor-column elementor-col-100 elementor-top-column elementor-element elementor-element-18dfd60\" data-id=\"18dfd60\" data-element_type=\"column\">\n\t\t\t<div class=\"elementor-widget-wrap elementor-element-populated\">\n\t\t\t\t\t\t<div class=\"elementor-element elementor-element-7ddeae1 elementor-widget elementor-widget-text-editor\" data-id=\"7ddeae1\" data-element_type=\"widget\" data-widget_type=\"text-editor.default\">\n\t\t\t\t<div class=\"elementor-widget-container\">\n\t\t\t\t\t\t\t<p>\u015eirketinizi satabilir veya bir \u015firket alman\u0131za yard\u0131mc\u0131 olabiliriz. Bunun yan\u0131nda yeni bir \u015firket kurma a\u015famas\u0131nda i\u015f plan\u0131n\u0131z\u0131 haz\u0131rlayabilir ve stratejik y\u00f6nlendirmelerde bulunuruz. Bu a\u015famada sahip oldu\u011fumuz i\u015f \u00e7evreleri ve sekt\u00f6r\u00fcn\u00fczdeki deneyimlerimizden yararlanarak i\u015f s\u00fcreci ve organizasyon yap\u0131s\u0131nda kurulan d\u00fczeni iyile\u015ftirmeye odaklan\u0131r\u0131z.\u202f<\/p>\t\t\t\t\t\t<\/div>\n\t\t\t\t<\/div>\n\t\t\t\t\t<\/div>\n\t\t<\/div>\n\t\t\t\t\t<\/div>\n\t\t<\/section>\n\t\t\t\t<section class=\"elementor-section elementor-top-section elementor-element elementor-element-de8c31a elementor-section-boxed elementor-section-height-default elementor-section-height-default\" data-id=\"de8c31a\" data-element_type=\"section\">\n\t\t\t\t\t\t<div class=\"elementor-container elementor-column-gap-default\">\n\t\t\t\t\t<div class=\"elementor-column elementor-col-100 elementor-top-column elementor-element elementor-element-39ce592\" data-id=\"39ce592\" data-element_type=\"column\">\n\t\t\t<div class=\"elementor-widget-wrap elementor-element-populated\">\n\t\t\t\t\t\t<div class=\"elementor-element elementor-element-50a7bf6 elementor-widget elementor-widget-heading\" data-id=\"50a7bf6\" data-element_type=\"widget\" data-widget_type=\"heading.default\">\n\t\t\t\t<div class=\"elementor-widget-container\">\n\t\t\t<h2 class=\"elementor-heading-title elementor-size-xl\">\u015eirket Almak<\/h2>\t\t<\/div>\n\t\t\t\t<\/div>\n\t\t\t\t<div class=\"elementor-element elementor-element-5bb1b80 elementor-widget elementor-widget-text-editor\" data-id=\"5bb1b80\" data-element_type=\"widget\" data-widget_type=\"text-editor.default\">\n\t\t\t\t<div class=\"elementor-widget-container\">\n\t\t\t\t\t\t\t<p>\u0130svi\u00e7re\u2019de s\u0131f\u0131rdan \u015firket a\u00e7mak karma\u015f\u0131k bir ad\u0131md\u0131r, uzun ve karma\u015f\u0131k bir idari s\u00fcreci ba\u015far\u0131l\u0131 bir \u015fekilde y\u00f6netmeniz gerekir. \u0130\u015finizi hemen faaliyete ge\u00e7irmek ve operasyonlar\u0131 y\u00fcr\u00fctmeye ba\u015flamak i\u00e7in var olan bir \u015firketi sat\u0131n almak size zaman kazand\u0131racakt\u0131r. Dan\u0131\u015fmanlar\u0131m\u0131z sizin i\u00e7in potansiyel \u015firketleri ara\u015ft\u0131r\u0131r, i\u015f plan\u0131, yasal yap\u0131 ve finansman\u0131na kadar detayl\u0131 planlamalar\u0131 onaylad\u0131ktan sonra size sadece se\u00e7im yapmak kal\u0131r.<\/p>\t\t\t\t\t\t<\/div>\n\t\t\t\t<\/div>\n\t\t\t\t\t<\/div>\n\t\t<\/div>\n\t\t\t\t\t<\/div>\n\t\t<\/section>\n\t\t\t\t<section class=\"elementor-section elementor-top-section elementor-element elementor-element-86cf688 elementor-section-boxed elementor-section-height-default elementor-section-height-default\" data-id=\"86cf688\" data-element_type=\"section\">\n\t\t\t\t\t\t<div class=\"elementor-container elementor-column-gap-default\">\n\t\t\t\t\t<div class=\"elementor-column elementor-col-100 elementor-top-column elementor-element elementor-element-a366f57\" data-id=\"a366f57\" data-element_type=\"column\">\n\t\t\t<div class=\"elementor-widget-wrap elementor-element-populated\">\n\t\t\t\t\t\t<div class=\"elementor-element elementor-element-a201310 elementor-widget elementor-widget-heading\" data-id=\"a201310\" data-element_type=\"widget\" data-widget_type=\"heading.default\">\n\t\t\t\t<div class=\"elementor-widget-container\">\n\t\t\t<h2 class=\"elementor-heading-title elementor-size-xl\">\u015eirket Satmak<\/h2>\t\t<\/div>\n\t\t\t\t<\/div>\n\t\t\t\t<div class=\"elementor-element elementor-element-596fecb elementor-widget elementor-widget-text-editor\" data-id=\"596fecb\" data-element_type=\"widget\" data-widget_type=\"text-editor.default\">\n\t\t\t\t<div class=\"elementor-widget-container\">\n\t\t\t\t\t\t\t<p>\u015eirketinizi satarken dikkat etti\u011fimiz en \u00f6nemli ad\u0131m \u015firketinizin de\u011feridir, amac\u0131m\u0131z tarafs\u0131z ve d\u00fcr\u00fcst bir s\u00fcre\u00e7 y\u00f6netmektir. Size ciddi al\u0131c\u0131lar\u0131 bulmak i\u00e7in sistematik sat\u0131\u015f s\u00fcreci olu\u015fturuyoruz. \u0130svi\u00e7re\u2019de \u015firket sat\u0131n almak \u00f6zellikle Avrupa genelinde olduk\u00e7a talep g\u00f6ren bir i\u015flemdir.<\/p>\t\t\t\t\t\t<\/div>\n\t\t\t\t<\/div>\n\t\t\t\t\t<\/div>\n\t\t<\/div>\n\t\t\t\t\t<\/div>\n\t\t<\/section>\n\t\t\t\t<\/div>\n\t\t","protected":false},"excerpt":{"rendered":"<p>Firmenkauf und -verkauf Wir k\u00f6nnen Ihr Unternehmen verkaufen oder Ihnen beim Kauf eines Unternehmens helfen. Dar\u00fcber hinaus k\u00f6nnen wir Ihren Gesch\u00e4ftsplan erstellen und strategische Leitlinien f\u00fcr die Gr\u00fcndung eines neuen Unternehmens bereitstellen. In dieser Phase konzentrieren wir uns auf die Verbesserung der im Gesch\u00e4ftsprozess und in der Organisationsstruktur festgelegten Reihenfolge, indem wir unsere Erfahrung in [&hellip;]<\/p>\n","protected":false},"author":1,"featured_media":0,"parent":0,"menu_order":0,"comment_status":"closed","ping_status":"closed","template":"","meta":{"site-sidebar-layout":"no-sidebar","site-content-layout":"page-builder","ast-site-content-layout":"","site-content-style":"default","site-sidebar-style":"default","ast-global-header-display":"","ast-banner-title-visibility":"","ast-main-header-display":"","ast-hfb-above-header-display":"","ast-hfb-below-header-display":"","ast-hfb-mobile-header-display":"","site-post-title":"disabled","ast-breadcrumbs-content":"","ast-featured-img":"disabled","footer-sml-layout":"","theme-transparent-header-meta":"","adv-header-id-meta":"","stick-header-meta":"","header-above-stick-meta":"","header-main-stick-meta":"","header-below-stick-meta":"","astra-migrate-meta-layouts":"default","ast-page-background-enabled":"default","ast-page-background-meta":{"desktop":{"background-color":"","background-image":"","background-repeat":"repeat","background-position":"center center","background-size":"auto","background-attachment":"scroll","background-type":"","background-media":"","overlay-type":"","overlay-color":"","overlay-opacity":"","overlay-gradient":""},"tablet":{"background-color":"","background-image":"","background-repeat":"repeat","background-position":"center center","background-size":"auto","background-attachment":"scroll","background-type":"","background-media":"","overlay-type":"","overlay-color":"","overlay-opacity":"","overlay-gradient":""},"mobile":{"background-color":"","background-image":"","background-repeat":"repeat","background-position":"center center","background-size":"auto","background-attachment":"scroll","background-type":"","background-media":"","overlay-type":"","overlay-color":"","overlay-opacity":"","overlay-gradient":""}},"ast-content-background-meta":{"desktop":{"background-color":"var(--ast-global-color-5)","background-image":"","background-repeat":"repeat","background-position":"center center","background-size":"auto","background-attachment":"scroll","background-type":"","background-media":"","overlay-type":"","overlay-color":"","overlay-opacity":"","overlay-gradient":""},"tablet":{"background-color":"var(--ast-global-color-5)","background-image":"","background-repeat":"repeat","background-position":"center center","background-size":"auto","background-attachment":"scroll","background-type":"","background-media":"","overlay-type":"","overlay-color":"","overlay-opacity":"","overlay-gradient":""},"mobile":{"background-color":"var(--ast-global-color-5)","background-image":"","background-repeat":"repeat","background-position":"center center","background-size":"auto","background-attachment":"scroll","background-type":"","background-media":"","overlay-type":"","overlay-color":"","overlay-opacity":"","overlay-gradient":""}},"footnotes":""},"class_list":["post-1577","page","type-page","status-publish","hentry"],"yoast_head":"<!-- This site is optimized with the Yoast SEO plugin v23.9 - https:\/\/yoast.com\/wordpress\/plugins\/seo\/ -->\n<title>\u015eirket Al\u0131m &amp; Sat\u0131m - Helptime GmbH<\/title>\n<meta name=\"robots\" content=\"index, follow, max-snippet:-1, max-image-preview:large, max-video-preview:-1\" \/>\n<link rel=\"canonical\" href=\"https:\/\/www.helptime.ch\/tr\/firmenkauf-verkauf\/\" \/>\n<meta property=\"og:locale\" content=\"tr_TR\" \/>\n<meta property=\"og:type\" content=\"article\" \/>\n<meta property=\"og:title\" content=\"\u015eirket Al\u0131m &amp; Sat\u0131m - Helptime GmbH\" \/>\n<meta property=\"og:description\" content=\"Firmenkauf und -verkauf Wir k\u00f6nnen Ihr Unternehmen verkaufen oder Ihnen beim Kauf eines Unternehmens helfen. Dar\u00fcber hinaus k\u00f6nnen wir Ihren Gesch\u00e4ftsplan erstellen und strategische Leitlinien f\u00fcr die Gr\u00fcndung eines neuen Unternehmens bereitstellen. In dieser Phase konzentrieren wir uns auf die Verbesserung der im Gesch\u00e4ftsprozess und in der Organisationsstruktur festgelegten Reihenfolge, indem wir unsere Erfahrung in [&hellip;]\" \/>\n<meta property=\"og:url\" content=\"https:\/\/www.helptime.ch\/tr\/firmenkauf-verkauf\/\" \/>\n<meta property=\"og:site_name\" content=\"Helptime GmbH\" \/>\n<meta property=\"article:modified_time\" content=\"2022-01-24T13:48:52+00:00\" \/>\n<meta name=\"twitter:card\" content=\"summary_large_image\" \/>\n<meta name=\"twitter:label1\" content=\"Tahmini okuma s\u00fcresi\" \/>\n\t<meta name=\"twitter:data1\" content=\"1 dakika\" \/>\n<script type=\"application\/ld+json\" class=\"yoast-schema-graph\">{\"@context\":\"https:\/\/schema.org\",\"@graph\":[{\"@type\":\"WebPage\",\"@id\":\"https:\/\/www.helptime.ch\/tr\/firmenkauf-verkauf\/\",\"url\":\"https:\/\/www.helptime.ch\/tr\/firmenkauf-verkauf\/\",\"name\":\"\u015eirket Al\u0131m & Sat\u0131m - Helptime GmbH\",\"isPartOf\":{\"@id\":\"https:\/\/www.helptime.ch\/tr\/#website\"},\"datePublished\":\"2022-01-10T10:51:01+00:00\",\"dateModified\":\"2022-01-24T13:48:52+00:00\",\"breadcrumb\":{\"@id\":\"https:\/\/www.helptime.ch\/tr\/firmenkauf-verkauf\/#breadcrumb\"},\"inLanguage\":\"tr\",\"potentialAction\":[{\"@type\":\"ReadAction\",\"target\":[\"https:\/\/www.helptime.ch\/tr\/firmenkauf-verkauf\/\"]}]},{\"@type\":\"BreadcrumbList\",\"@id\":\"https:\/\/www.helptime.ch\/tr\/firmenkauf-verkauf\/#breadcrumb\",\"itemListElement\":[{\"@type\":\"ListItem\",\"position\":1,\"name\":\"Anasayfa\",\"item\":\"https:\/\/www.helptime.ch\/tr\/\"},{\"@type\":\"ListItem\",\"position\":2,\"name\":\"\u015eirket Al\u0131m &#038; Sat\u0131m\"}]},{\"@type\":\"WebSite\",\"@id\":\"https:\/\/www.helptime.ch\/tr\/#website\",\"url\":\"https:\/\/www.helptime.ch\/tr\/\",\"name\":\"Helptime GmbH\",\"description\":\"Helptime-Unternehmensseite\",\"publisher\":{\"@id\":\"https:\/\/www.helptime.ch\/tr\/#organization\"},\"potentialAction\":[{\"@type\":\"SearchAction\",\"target\":{\"@type\":\"EntryPoint\",\"urlTemplate\":\"https:\/\/www.helptime.ch\/tr\/?s={search_term_string}\"},\"query-input\":{\"@type\":\"PropertyValueSpecification\",\"valueRequired\":true,\"valueName\":\"search_term_string\"}}],\"inLanguage\":\"tr\"},{\"@type\":\"Organization\",\"@id\":\"https:\/\/www.helptime.ch\/tr\/#organization\",\"name\":\"Helptime GmbH\",\"url\":\"https:\/\/www.helptime.ch\/tr\/\",\"logo\":{\"@type\":\"ImageObject\",\"inLanguage\":\"tr\",\"@id\":\"https:\/\/www.helptime.ch\/tr\/#\/schema\/logo\/image\/\",\"url\":\"https:\/\/www.helptime.ch\/tr\/wp-content\/uploads\/sites\/4\/2022\/01\/helptimelogo.png\",\"contentUrl\":\"https:\/\/www.helptime.ch\/tr\/wp-content\/uploads\/sites\/4\/2022\/01\/helptimelogo.png\",\"width\":148,\"height\":148,\"caption\":\"Helptime GmbH\"},\"image\":{\"@id\":\"https:\/\/www.helptime.ch\/tr\/#\/schema\/logo\/image\/\"}}]}<\/script>\n<!-- \/ Yoast SEO plugin. -->","yoast_head_json":{"title":"\u015eirket Al\u0131m & Sat\u0131m - Helptime GmbH","robots":{"index":"index","follow":"follow","max-snippet":"max-snippet:-1","max-image-preview":"max-image-preview:large","max-video-preview":"max-video-preview:-1"},"canonical":"https:\/\/www.helptime.ch\/tr\/firmenkauf-verkauf\/","og_locale":"tr_TR","og_type":"article","og_title":"\u015eirket Al\u0131m & Sat\u0131m - Helptime GmbH","og_description":"Firmenkauf und -verkauf Wir k\u00f6nnen Ihr Unternehmen verkaufen oder Ihnen beim Kauf eines Unternehmens helfen. Dar\u00fcber hinaus k\u00f6nnen wir Ihren Gesch\u00e4ftsplan erstellen und strategische Leitlinien f\u00fcr die Gr\u00fcndung eines neuen Unternehmens bereitstellen. In dieser Phase konzentrieren wir uns auf die Verbesserung der im Gesch\u00e4ftsprozess und in der Organisationsstruktur festgelegten Reihenfolge, indem wir unsere Erfahrung in [&hellip;]","og_url":"https:\/\/www.helptime.ch\/tr\/firmenkauf-verkauf\/","og_site_name":"Helptime GmbH","article_modified_time":"2022-01-24T13:48:52+00:00","twitter_card":"summary_large_image","twitter_misc":{"Tahmini okuma s\u00fcresi":"1 dakika"},"schema":{"@context":"https:\/\/schema.org","@graph":[{"@type":"WebPage","@id":"https:\/\/www.helptime.ch\/tr\/firmenkauf-verkauf\/","url":"https:\/\/www.helptime.ch\/tr\/firmenkauf-verkauf\/","name":"\u015eirket Al\u0131m & Sat\u0131m - Helptime GmbH","isPartOf":{"@id":"https:\/\/www.helptime.ch\/tr\/#website"},"datePublished":"2022-01-10T10:51:01+00:00","dateModified":"2022-01-24T13:48:52+00:00","breadcrumb":{"@id":"https:\/\/www.helptime.ch\/tr\/firmenkauf-verkauf\/#breadcrumb"},"inLanguage":"tr","potentialAction":[{"@type":"ReadAction","target":["https:\/\/www.helptime.ch\/tr\/firmenkauf-verkauf\/"]}]},{"@type":"BreadcrumbList","@id":"https:\/\/www.helptime.ch\/tr\/firmenkauf-verkauf\/#breadcrumb","itemListElement":[{"@type":"ListItem","position":1,"name":"Anasayfa","item":"https:\/\/www.helptime.ch\/tr\/"},{"@type":"ListItem","position":2,"name":"\u015eirket Al\u0131m &#038; Sat\u0131m"}]},{"@type":"WebSite","@id":"https:\/\/www.helptime.ch\/tr\/#website","url":"https:\/\/www.helptime.ch\/tr\/","name":"Helptime GmbH","description":"Helptime-Unternehmensseite","publisher":{"@id":"https:\/\/www.helptime.ch\/tr\/#organization"},"potentialAction":[{"@type":"SearchAction","target":{"@type":"EntryPoint","urlTemplate":"https:\/\/www.helptime.ch\/tr\/?s={search_term_string}"},"query-input":{"@type":"PropertyValueSpecification","valueRequired":true,"valueName":"search_term_string"}}],"inLanguage":"tr"},{"@type":"Organization","@id":"https:\/\/www.helptime.ch\/tr\/#organization","name":"Helptime GmbH","url":"https:\/\/www.helptime.ch\/tr\/","logo":{"@type":"ImageObject","inLanguage":"tr","@id":"https:\/\/www.helptime.ch\/tr\/#\/schema\/logo\/image\/","url":"https:\/\/www.helptime.ch\/tr\/wp-content\/uploads\/sites\/4\/2022\/01\/helptimelogo.png","contentUrl":"https:\/\/www.helptime.ch\/tr\/wp-content\/uploads\/sites\/4\/2022\/01\/helptimelogo.png","width":148,"height":148,"caption":"Helptime GmbH"},"image":{"@id":"https:\/\/www.helptime.ch\/tr\/#\/schema\/logo\/image\/"}}]}},"_links":{"self":[{"href":"https:\/\/www.helptime.ch\/tr\/wp-json\/wp\/v2\/pages\/1577","targetHints":{"allow":["GET"]}}],"collection":[{"href":"https:\/\/www.helptime.ch\/tr\/wp-json\/wp\/v2\/pages"}],"about":[{"href":"https:\/\/www.helptime.ch\/tr\/wp-json\/wp\/v2\/types\/page"}],"author":[{"embeddable":true,"href":"https:\/\/www.helptime.ch\/tr\/wp-json\/wp\/v2\/users\/1"}],"replies":[{"embeddable":true,"href":"https:\/\/www.helptime.ch\/tr\/wp-json\/wp\/v2\/comments?post=1577"}],"version-history":[{"count":16,"href":"https:\/\/www.helptime.ch\/tr\/wp-json\/wp\/v2\/pages\/1577\/revisions"}],"predecessor-version":[{"id":1932,"href":"https:\/\/www.helptime.ch\/tr\/wp-json\/wp\/v2\/pages\/1577\/revisions\/1932"}],"wp:attachment":[{"href":"https:\/\/www.helptime.ch\/tr\/wp-json\/wp\/v2\/media?parent=1577"}],"curies":[{"name":"wp","href":"https:\/\/api.w.org\/{rel}","templated":true}]}}