{"id":1573,"date":"2022-01-10T10:50:13","date_gmt":"2022-01-10T10:50:13","guid":{"rendered":"https:\/\/www.helptime.ch\/tr\/?page_id=1573"},"modified":"2022-02-01T11:20:46","modified_gmt":"2022-02-01T11:20:46","slug":"projekt-management","status":"publish","type":"page","link":"https:\/\/www.helptime.ch\/tr\/projekt-management\/","title":{"rendered":"Proje Y\u00f6netimi"},"content":{"rendered":"\t\t<div data-elementor-type=\"wp-page\" data-elementor-id=\"1573\" class=\"elementor elementor-1573\">\n\t\t\t\t\t\t<section class=\"elementor-section elementor-top-section elementor-element elementor-element-bce00e6 elementor-section-boxed elementor-section-height-default elementor-section-height-default\" data-id=\"bce00e6\" data-element_type=\"section\" data-settings=\"{&quot;background_background&quot;:&quot;classic&quot;}\">\n\t\t\t\t\t\t<div class=\"elementor-container elementor-column-gap-no\">\n\t\t\t\t\t<div class=\"elementor-column elementor-col-100 elementor-top-column elementor-element elementor-element-f5ab11f\" data-id=\"f5ab11f\" data-element_type=\"column\">\n\t\t\t<div class=\"elementor-widget-wrap\">\n\t\t\t\t\t\t\t<\/div>\n\t\t<\/div>\n\t\t\t\t\t<\/div>\n\t\t<\/section>\n\t\t\t\t<section class=\"elementor-section elementor-top-section elementor-element elementor-element-1bb6f89 elementor-section-boxed elementor-section-height-default elementor-section-height-default\" data-id=\"1bb6f89\" data-element_type=\"section\">\n\t\t\t\t\t\t<div class=\"elementor-container elementor-column-gap-default\">\n\t\t\t\t\t<div class=\"elementor-column elementor-col-100 elementor-top-column elementor-element elementor-element-4bcf3be\" data-id=\"4bcf3be\" data-element_type=\"column\">\n\t\t\t<div class=\"elementor-widget-wrap elementor-element-populated\">\n\t\t\t\t\t\t<div class=\"elementor-element elementor-element-7cd2665 elementor-widget elementor-widget-heading\" data-id=\"7cd2665\" data-element_type=\"widget\" data-widget_type=\"heading.default\">\n\t\t\t\t<div class=\"elementor-widget-container\">\n\t\t\t<h2 class=\"elementor-heading-title elementor-size-default\">Proje Y\u00f6netimi<\/h2>\t\t<\/div>\n\t\t\t\t<\/div>\n\t\t\t\t<section class=\"elementor-section elementor-inner-section elementor-element elementor-element-a4ff0ce elementor-section-boxed elementor-section-height-default elementor-section-height-default\" data-id=\"a4ff0ce\" data-element_type=\"section\">\n\t\t\t\t\t\t<div class=\"elementor-container elementor-column-gap-default\">\n\t\t\t\t\t<div class=\"elementor-column elementor-col-100 elementor-inner-column elementor-element elementor-element-88df784\" data-id=\"88df784\" data-element_type=\"column\">\n\t\t\t<div class=\"elementor-widget-wrap elementor-element-populated\">\n\t\t\t\t\t\t<div class=\"elementor-element elementor-element-acc30fb elementor-widget elementor-widget-text-editor\" data-id=\"acc30fb\" data-element_type=\"widget\" data-widget_type=\"text-editor.default\">\n\t\t\t\t<div class=\"elementor-widget-container\">\n\t\t\t\t\t\t\t<p>Bir projenin par\u00e7as\u0131 olan t\u00fcm bile\u015fenlerin koordinasyonunu, planlamas\u0131n\u0131 ve kontrol\u00fcn\u00fc tan\u0131mlar. Proje y\u00f6netimi, bir projenin ba\u015far\u0131l\u0131 bir \u015fekilde tamamlanmas\u0131 i\u00e7in y\u00f6netim g\u00f6revlerinin, organizasyonunun ve tekniklerinin tamam\u0131n\u0131 kapsar. Proje y\u00f6netiminin amac\u0131, riskleri s\u0131n\u0131rland\u0131rmak ve planlanan zaman ve b\u00fct\u00e7e i\u00e7inde niteliksel olarak proje hedeflerine ula\u015fmakt\u0131r. Bir proje y\u00f6neticisi olarak, projeyi etkileyen t\u00fcm s\u00fcre\u00e7lerden sorumlusunuzdur. Helptime Dan\u0131\u015fmanl\u0131k projenizi tamamlayan kapsama uygun hedefler ve ama\u00e7lar do\u011frultusunda size \u00f6zg\u00fcn \u00e7\u00f6z\u00fcmler sunar.<\/p><p>\u00a0<\/p><p>Ekip olarak birlikte bir hedefi takip etmek, bir sorunu \u00e7\u00f6zmek veya bir g\u00f6revi \u202ftamamlamak iyi bir proje y\u00f6netimi gerektirir. \u00c7ok say\u0131da \u015firkette proje \u00e7al\u0131\u015fmas\u0131 giderek daha \u00f6nemli hale geliyor.\u202fBir \u00e7ok i\u015fveren, proje \u00e7al\u0131\u015fmas\u0131n\u0131n avantajlar\u0131n\u0131n fark\u0131na varm\u0131\u015f ve daha iyi sonu\u00e7lar elde etmek i\u00e7in bunlar\u0131 kullanm\u0131\u015ft\u0131r. Bu ayn\u0131 zamanda, \u00e7e\u015fitli hiyerar\u015fik seviyelerde temel proje y\u00f6netimi bilgisinin gerekli oldu\u011fu anlam\u0131na gelir.\u202fProjeyi ba\u015far\u0131l\u0131 k\u0131lmak i\u00e7in y\u00f6ntemler sunar ve genel ipu\u00e7lar\u0131 veririz.<\/p>\t\t\t\t\t\t<\/div>\n\t\t\t\t<\/div>\n\t\t\t\t\t<\/div>\n\t\t<\/div>\n\t\t\t\t\t<\/div>\n\t\t<\/section>\n\t\t\t\t\t<\/div>\n\t\t<\/div>\n\t\t\t\t\t<\/div>\n\t\t<\/section>\n\t\t\t\t<\/div>\n\t\t","protected":false},"excerpt":{"rendered":"<p>Proje Y\u00f6netimi Bir projenin par\u00e7as\u0131 olan t\u00fcm bile\u015fenlerin koordinasyonunu, planlamas\u0131n\u0131 ve kontrol\u00fcn\u00fc tan\u0131mlar. Proje y\u00f6netimi, bir projenin ba\u015far\u0131l\u0131 bir \u015fekilde tamamlanmas\u0131 i\u00e7in y\u00f6netim g\u00f6revlerinin, organizasyonunun ve tekniklerinin tamam\u0131n\u0131 kapsar. Proje y\u00f6netiminin amac\u0131, riskleri s\u0131n\u0131rland\u0131rmak ve planlanan zaman ve b\u00fct\u00e7e i\u00e7inde niteliksel olarak proje hedeflerine ula\u015fmakt\u0131r. Bir proje y\u00f6neticisi olarak, projeyi etkileyen t\u00fcm s\u00fcre\u00e7lerden sorumlusunuzdur. Helptime [&hellip;]<\/p>\n","protected":false},"author":1,"featured_media":0,"parent":0,"menu_order":0,"comment_status":"closed","ping_status":"closed","template":"","meta":{"site-sidebar-layout":"no-sidebar","site-content-layout":"page-builder","ast-site-content-layout":"","site-content-style":"default","site-sidebar-style":"default","ast-global-header-display":"","ast-banner-title-visibility":"","ast-main-header-display":"","ast-hfb-above-header-display":"","ast-hfb-below-header-display":"","ast-hfb-mobile-header-display":"","site-post-title":"disabled","ast-breadcrumbs-content":"","ast-featured-img":"disabled","footer-sml-layout":"","theme-transparent-header-meta":"","adv-header-id-meta":"","stick-header-meta":"","header-above-stick-meta":"","header-main-stick-meta":"","header-below-stick-meta":"","astra-migrate-meta-layouts":"default","ast-page-background-enabled":"default","ast-page-background-meta":{"desktop":{"background-color":"","background-image":"","background-repeat":"repeat","background-position":"center center","background-size":"auto","background-attachment":"scroll","background-type":"","background-media":"","overlay-type":"","overlay-color":"","overlay-opacity":"","overlay-gradient":""},"tablet":{"background-color":"","background-image":"","background-repeat":"repeat","background-position":"center center","background-size":"auto","background-attachment":"scroll","background-type":"","background-media":"","overlay-type":"","overlay-color":"","overlay-opacity":"","overlay-gradient":""},"mobile":{"background-color":"","background-image":"","background-repeat":"repeat","background-position":"center center","background-size":"auto","background-attachment":"scroll","background-type":"","background-media":"","overlay-type":"","overlay-color":"","overlay-opacity":"","overlay-gradient":""}},"ast-content-background-meta":{"desktop":{"background-color":"var(--ast-global-color-5)","background-image":"","background-repeat":"repeat","background-position":"center center","background-size":"auto","background-attachment":"scroll","background-type":"","background-media":"","overlay-type":"","overlay-color":"","overlay-opacity":"","overlay-gradient":""},"tablet":{"background-color":"var(--ast-global-color-5)","background-image":"","background-repeat":"repeat","background-position":"center center","background-size":"auto","background-attachment":"scroll","background-type":"","background-media":"","overlay-type":"","overlay-color":"","overlay-opacity":"","overlay-gradient":""},"mobile":{"background-color":"var(--ast-global-color-5)","background-image":"","background-repeat":"repeat","background-position":"center center","background-size":"auto","background-attachment":"scroll","background-type":"","background-media":"","overlay-type":"","overlay-color":"","overlay-opacity":"","overlay-gradient":""}},"footnotes":""},"class_list":["post-1573","page","type-page","status-publish","hentry"],"yoast_head":"<!-- This site is optimized with the Yoast SEO plugin v23.9 - https:\/\/yoast.com\/wordpress\/plugins\/seo\/ -->\n<title>Proje Y\u00f6netimi - Helptime GmbH<\/title>\n<meta name=\"robots\" content=\"index, follow, max-snippet:-1, max-image-preview:large, max-video-preview:-1\" \/>\n<link rel=\"canonical\" href=\"https:\/\/www.helptime.ch\/tr\/projekt-management\/\" \/>\n<meta property=\"og:locale\" content=\"tr_TR\" \/>\n<meta property=\"og:type\" content=\"article\" \/>\n<meta property=\"og:title\" content=\"Proje Y\u00f6netimi - Helptime GmbH\" \/>\n<meta property=\"og:description\" content=\"Proje Y\u00f6netimi Bir projenin par\u00e7as\u0131 olan t\u00fcm bile\u015fenlerin koordinasyonunu, planlamas\u0131n\u0131 ve kontrol\u00fcn\u00fc tan\u0131mlar. Proje y\u00f6netimi, bir projenin ba\u015far\u0131l\u0131 bir \u015fekilde tamamlanmas\u0131 i\u00e7in y\u00f6netim g\u00f6revlerinin, organizasyonunun ve tekniklerinin tamam\u0131n\u0131 kapsar. Proje y\u00f6netiminin amac\u0131, riskleri s\u0131n\u0131rland\u0131rmak ve planlanan zaman ve b\u00fct\u00e7e i\u00e7inde niteliksel olarak proje hedeflerine ula\u015fmakt\u0131r. Bir proje y\u00f6neticisi olarak, projeyi etkileyen t\u00fcm s\u00fcre\u00e7lerden sorumlusunuzdur. Helptime [&hellip;]\" \/>\n<meta property=\"og:url\" content=\"https:\/\/www.helptime.ch\/tr\/projekt-management\/\" \/>\n<meta property=\"og:site_name\" content=\"Helptime GmbH\" \/>\n<meta property=\"article:modified_time\" content=\"2022-02-01T11:20:46+00:00\" \/>\n<meta name=\"twitter:card\" content=\"summary_large_image\" \/>\n<meta name=\"twitter:label1\" content=\"Tahmini okuma s\u00fcresi\" \/>\n\t<meta name=\"twitter:data1\" content=\"1 dakika\" \/>\n<script type=\"application\/ld+json\" class=\"yoast-schema-graph\">{\"@context\":\"https:\/\/schema.org\",\"@graph\":[{\"@type\":\"WebPage\",\"@id\":\"https:\/\/www.helptime.ch\/tr\/projekt-management\/\",\"url\":\"https:\/\/www.helptime.ch\/tr\/projekt-management\/\",\"name\":\"Proje Y\u00f6netimi - Helptime GmbH\",\"isPartOf\":{\"@id\":\"https:\/\/www.helptime.ch\/tr\/#website\"},\"datePublished\":\"2022-01-10T10:50:13+00:00\",\"dateModified\":\"2022-02-01T11:20:46+00:00\",\"breadcrumb\":{\"@id\":\"https:\/\/www.helptime.ch\/tr\/projekt-management\/#breadcrumb\"},\"inLanguage\":\"tr\",\"potentialAction\":[{\"@type\":\"ReadAction\",\"target\":[\"https:\/\/www.helptime.ch\/tr\/projekt-management\/\"]}]},{\"@type\":\"BreadcrumbList\",\"@id\":\"https:\/\/www.helptime.ch\/tr\/projekt-management\/#breadcrumb\",\"itemListElement\":[{\"@type\":\"ListItem\",\"position\":1,\"name\":\"Anasayfa\",\"item\":\"https:\/\/www.helptime.ch\/tr\/\"},{\"@type\":\"ListItem\",\"position\":2,\"name\":\"Proje Y\u00f6netimi\"}]},{\"@type\":\"WebSite\",\"@id\":\"https:\/\/www.helptime.ch\/tr\/#website\",\"url\":\"https:\/\/www.helptime.ch\/tr\/\",\"name\":\"Helptime GmbH\",\"description\":\"Helptime-Unternehmensseite\",\"publisher\":{\"@id\":\"https:\/\/www.helptime.ch\/tr\/#organization\"},\"potentialAction\":[{\"@type\":\"SearchAction\",\"target\":{\"@type\":\"EntryPoint\",\"urlTemplate\":\"https:\/\/www.helptime.ch\/tr\/?s={search_term_string}\"},\"query-input\":{\"@type\":\"PropertyValueSpecification\",\"valueRequired\":true,\"valueName\":\"search_term_string\"}}],\"inLanguage\":\"tr\"},{\"@type\":\"Organization\",\"@id\":\"https:\/\/www.helptime.ch\/tr\/#organization\",\"name\":\"Helptime GmbH\",\"url\":\"https:\/\/www.helptime.ch\/tr\/\",\"logo\":{\"@type\":\"ImageObject\",\"inLanguage\":\"tr\",\"@id\":\"https:\/\/www.helptime.ch\/tr\/#\/schema\/logo\/image\/\",\"url\":\"https:\/\/www.helptime.ch\/tr\/wp-content\/uploads\/sites\/4\/2022\/01\/helptimelogo.png\",\"contentUrl\":\"https:\/\/www.helptime.ch\/tr\/wp-content\/uploads\/sites\/4\/2022\/01\/helptimelogo.png\",\"width\":148,\"height\":148,\"caption\":\"Helptime GmbH\"},\"image\":{\"@id\":\"https:\/\/www.helptime.ch\/tr\/#\/schema\/logo\/image\/\"}}]}<\/script>\n<!-- \/ Yoast SEO plugin. -->","yoast_head_json":{"title":"Proje Y\u00f6netimi - Helptime GmbH","robots":{"index":"index","follow":"follow","max-snippet":"max-snippet:-1","max-image-preview":"max-image-preview:large","max-video-preview":"max-video-preview:-1"},"canonical":"https:\/\/www.helptime.ch\/tr\/projekt-management\/","og_locale":"tr_TR","og_type":"article","og_title":"Proje Y\u00f6netimi - Helptime GmbH","og_description":"Proje Y\u00f6netimi Bir projenin par\u00e7as\u0131 olan t\u00fcm bile\u015fenlerin koordinasyonunu, planlamas\u0131n\u0131 ve kontrol\u00fcn\u00fc tan\u0131mlar. Proje y\u00f6netimi, bir projenin ba\u015far\u0131l\u0131 bir \u015fekilde tamamlanmas\u0131 i\u00e7in y\u00f6netim g\u00f6revlerinin, organizasyonunun ve tekniklerinin tamam\u0131n\u0131 kapsar. Proje y\u00f6netiminin amac\u0131, riskleri s\u0131n\u0131rland\u0131rmak ve planlanan zaman ve b\u00fct\u00e7e i\u00e7inde niteliksel olarak proje hedeflerine ula\u015fmakt\u0131r. Bir proje y\u00f6neticisi olarak, projeyi etkileyen t\u00fcm s\u00fcre\u00e7lerden sorumlusunuzdur. Helptime [&hellip;]","og_url":"https:\/\/www.helptime.ch\/tr\/projekt-management\/","og_site_name":"Helptime GmbH","article_modified_time":"2022-02-01T11:20:46+00:00","twitter_card":"summary_large_image","twitter_misc":{"Tahmini okuma s\u00fcresi":"1 dakika"},"schema":{"@context":"https:\/\/schema.org","@graph":[{"@type":"WebPage","@id":"https:\/\/www.helptime.ch\/tr\/projekt-management\/","url":"https:\/\/www.helptime.ch\/tr\/projekt-management\/","name":"Proje Y\u00f6netimi - Helptime GmbH","isPartOf":{"@id":"https:\/\/www.helptime.ch\/tr\/#website"},"datePublished":"2022-01-10T10:50:13+00:00","dateModified":"2022-02-01T11:20:46+00:00","breadcrumb":{"@id":"https:\/\/www.helptime.ch\/tr\/projekt-management\/#breadcrumb"},"inLanguage":"tr","potentialAction":[{"@type":"ReadAction","target":["https:\/\/www.helptime.ch\/tr\/projekt-management\/"]}]},{"@type":"BreadcrumbList","@id":"https:\/\/www.helptime.ch\/tr\/projekt-management\/#breadcrumb","itemListElement":[{"@type":"ListItem","position":1,"name":"Anasayfa","item":"https:\/\/www.helptime.ch\/tr\/"},{"@type":"ListItem","position":2,"name":"Proje Y\u00f6netimi"}]},{"@type":"WebSite","@id":"https:\/\/www.helptime.ch\/tr\/#website","url":"https:\/\/www.helptime.ch\/tr\/","name":"Helptime GmbH","description":"Helptime-Unternehmensseite","publisher":{"@id":"https:\/\/www.helptime.ch\/tr\/#organization"},"potentialAction":[{"@type":"SearchAction","target":{"@type":"EntryPoint","urlTemplate":"https:\/\/www.helptime.ch\/tr\/?s={search_term_string}"},"query-input":{"@type":"PropertyValueSpecification","valueRequired":true,"valueName":"search_term_string"}}],"inLanguage":"tr"},{"@type":"Organization","@id":"https:\/\/www.helptime.ch\/tr\/#organization","name":"Helptime GmbH","url":"https:\/\/www.helptime.ch\/tr\/","logo":{"@type":"ImageObject","inLanguage":"tr","@id":"https:\/\/www.helptime.ch\/tr\/#\/schema\/logo\/image\/","url":"https:\/\/www.helptime.ch\/tr\/wp-content\/uploads\/sites\/4\/2022\/01\/helptimelogo.png","contentUrl":"https:\/\/www.helptime.ch\/tr\/wp-content\/uploads\/sites\/4\/2022\/01\/helptimelogo.png","width":148,"height":148,"caption":"Helptime GmbH"},"image":{"@id":"https:\/\/www.helptime.ch\/tr\/#\/schema\/logo\/image\/"}}]}},"_links":{"self":[{"href":"https:\/\/www.helptime.ch\/tr\/wp-json\/wp\/v2\/pages\/1573","targetHints":{"allow":["GET"]}}],"collection":[{"href":"https:\/\/www.helptime.ch\/tr\/wp-json\/wp\/v2\/pages"}],"about":[{"href":"https:\/\/www.helptime.ch\/tr\/wp-json\/wp\/v2\/types\/page"}],"author":[{"embeddable":true,"href":"https:\/\/www.helptime.ch\/tr\/wp-json\/wp\/v2\/users\/1"}],"replies":[{"embeddable":true,"href":"https:\/\/www.helptime.ch\/tr\/wp-json\/wp\/v2\/comments?post=1573"}],"version-history":[{"count":11,"href":"https:\/\/www.helptime.ch\/tr\/wp-json\/wp\/v2\/pages\/1573\/revisions"}],"predecessor-version":[{"id":1964,"href":"https:\/\/www.helptime.ch\/tr\/wp-json\/wp\/v2\/pages\/1573\/revisions\/1964"}],"wp:attachment":[{"href":"https:\/\/www.helptime.ch\/tr\/wp-json\/wp\/v2\/media?parent=1573"}],"curies":[{"name":"wp","href":"https:\/\/api.w.org\/{rel}","templated":true}]}}