{"id":1577,"date":"2022-01-10T10:51:01","date_gmt":"2022-01-10T10:51:01","guid":{"rendered":"https:\/\/www.helptime.ch\/en\/?page_id=1577"},"modified":"2022-01-26T08:40:44","modified_gmt":"2022-01-26T08:40:44","slug":"firmenkauf-verkauf","status":"publish","type":"page","link":"https:\/\/www.helptime.ch\/en\/firmenkauf-verkauf\/","title":{"rendered":"Company Purchase and Sale"},"content":{"rendered":"\t\t<div data-elementor-type=\"wp-page\" data-elementor-id=\"1577\" class=\"elementor elementor-1577\">\n\t\t\t\t\t\t<section class=\"elementor-section elementor-top-section elementor-element elementor-element-dfc0c71 elementor-section-boxed elementor-section-height-default elementor-section-height-default\" data-id=\"dfc0c71\" data-element_type=\"section\" data-settings=\"{&quot;background_background&quot;:&quot;classic&quot;}\">\n\t\t\t\t\t\t<div class=\"elementor-container elementor-column-gap-no\">\n\t\t\t\t\t<div class=\"elementor-column elementor-col-100 elementor-top-column elementor-element elementor-element-3f48c21\" data-id=\"3f48c21\" data-element_type=\"column\">\n\t\t\t<div class=\"elementor-widget-wrap\">\n\t\t\t\t\t\t\t<\/div>\n\t\t<\/div>\n\t\t\t\t\t<\/div>\n\t\t<\/section>\n\t\t\t\t<section class=\"elementor-section elementor-top-section elementor-element elementor-element-9aa198f elementor-section-boxed elementor-section-height-default elementor-section-height-default\" data-id=\"9aa198f\" data-element_type=\"section\">\n\t\t\t\t\t\t<div class=\"elementor-container elementor-column-gap-default\">\n\t\t\t\t\t<div class=\"elementor-column elementor-col-100 elementor-top-column elementor-element elementor-element-a18c1e0\" data-id=\"a18c1e0\" data-element_type=\"column\">\n\t\t\t<div class=\"elementor-widget-wrap elementor-element-populated\">\n\t\t\t\t\t\t<div class=\"elementor-element elementor-element-85e88db elementor-widget elementor-widget-heading\" data-id=\"85e88db\" data-element_type=\"widget\" data-widget_type=\"heading.default\">\n\t\t\t\t<div class=\"elementor-widget-container\">\n\t\t\t<h1 class=\"elementor-heading-title elementor-size-default\">Company Purchase and Sale<\/h1>\t\t<\/div>\n\t\t\t\t<\/div>\n\t\t\t\t\t<\/div>\n\t\t<\/div>\n\t\t\t\t\t<\/div>\n\t\t<\/section>\n\t\t\t\t<section class=\"elementor-section elementor-top-section elementor-element elementor-element-6991713 elementor-section-boxed elementor-section-height-default elementor-section-height-default\" data-id=\"6991713\" data-element_type=\"section\">\n\t\t\t\t\t\t<div class=\"elementor-container elementor-column-gap-default\">\n\t\t\t\t\t<div class=\"elementor-column elementor-col-100 elementor-top-column elementor-element elementor-element-18dfd60\" data-id=\"18dfd60\" data-element_type=\"column\">\n\t\t\t<div class=\"elementor-widget-wrap elementor-element-populated\">\n\t\t\t\t\t\t<div class=\"elementor-element elementor-element-7ddeae1 elementor-widget elementor-widget-text-editor\" data-id=\"7ddeae1\" data-element_type=\"widget\" data-widget_type=\"text-editor.default\">\n\t\t\t\t<div class=\"elementor-widget-container\">\n\t\t\t\t\t\t\t<p>We assist you in buying and selling a company. Also we can prepare your business plan for establishing a new company and provide guidance. At this stage, we focus on improving the order established in the business process and organizational structure by taking advantage of our experience in the business environment and industry. \u00e7evreleri ve sekt\u00f6r\u00fcn\u00fczdeki deneyimlerimizden yararlanarak i\u015f s\u00fcreci ve organizasyon yap\u0131s\u0131nda kurulan d\u00fczeni iyile\u015ftirmeye odaklan\u0131r\u0131z.\u202f<\/p>\t\t\t\t\t\t<\/div>\n\t\t\t\t<\/div>\n\t\t\t\t\t<\/div>\n\t\t<\/div>\n\t\t\t\t\t<\/div>\n\t\t<\/section>\n\t\t\t\t<section class=\"elementor-section elementor-top-section elementor-element elementor-element-de8c31a elementor-section-boxed elementor-section-height-default elementor-section-height-default\" data-id=\"de8c31a\" data-element_type=\"section\">\n\t\t\t\t\t\t<div class=\"elementor-container elementor-column-gap-default\">\n\t\t\t\t\t<div class=\"elementor-column elementor-col-100 elementor-top-column elementor-element elementor-element-39ce592\" data-id=\"39ce592\" data-element_type=\"column\">\n\t\t\t<div class=\"elementor-widget-wrap elementor-element-populated\">\n\t\t\t\t\t\t<div class=\"elementor-element elementor-element-50a7bf6 elementor-widget elementor-widget-heading\" data-id=\"50a7bf6\" data-element_type=\"widget\" data-widget_type=\"heading.default\">\n\t\t\t\t<div class=\"elementor-widget-container\">\n\t\t\t<h2 class=\"elementor-heading-title elementor-size-xl\">Company purchase<\/h2>\t\t<\/div>\n\t\t\t\t<\/div>\n\t\t\t\t<div class=\"elementor-element elementor-element-5bb1b80 elementor-widget elementor-widget-text-editor\" data-id=\"5bb1b80\" data-element_type=\"widget\" data-widget_type=\"text-editor.default\">\n\t\t\t\t<div class=\"elementor-widget-container\">\n\t\t\t\t\t\t\t<p>Starting a company from scratch in Switzerland is a complex step, a long and complicated administrative process must manage successfully. Buying an existing company to start your business will save your time. Our consultants search for potential companies for you, approve detailed plans including business plan, legal structure and financing.<\/p>\t\t\t\t\t\t<\/div>\n\t\t\t\t<\/div>\n\t\t\t\t\t<\/div>\n\t\t<\/div>\n\t\t\t\t\t<\/div>\n\t\t<\/section>\n\t\t\t\t<section class=\"elementor-section elementor-top-section elementor-element elementor-element-86cf688 elementor-section-boxed elementor-section-height-default elementor-section-height-default\" data-id=\"86cf688\" data-element_type=\"section\">\n\t\t\t\t\t\t<div class=\"elementor-container elementor-column-gap-default\">\n\t\t\t\t\t<div class=\"elementor-column elementor-col-100 elementor-top-column elementor-element elementor-element-a366f57\" data-id=\"a366f57\" data-element_type=\"column\">\n\t\t\t<div class=\"elementor-widget-wrap elementor-element-populated\">\n\t\t\t\t\t\t<div class=\"elementor-element elementor-element-a201310 elementor-widget elementor-widget-heading\" data-id=\"a201310\" data-element_type=\"widget\" data-widget_type=\"heading.default\">\n\t\t\t\t<div class=\"elementor-widget-container\">\n\t\t\t<h2 class=\"elementor-heading-title elementor-size-xl\">Company sale <\/h2>\t\t<\/div>\n\t\t\t\t<\/div>\n\t\t\t\t<div class=\"elementor-element elementor-element-596fecb elementor-widget elementor-widget-text-editor\" data-id=\"596fecb\" data-element_type=\"widget\" data-widget_type=\"text-editor.default\">\n\t\t\t\t<div class=\"elementor-widget-container\">\n\t\t\t\t\t\t\t<p>The most important step we pay attention to while selling your company is the value of your company. Our goal is to manage an impartial and honest process. We create a systematic sales process to find your best buyers. Buying a company in Switzerland is a highly demanded process, especially throughout Europe.e Avrupa genelinde olduk\u00e7a talep g\u00f6ren bir i\u015flemdir.<\/p>\t\t\t\t\t\t<\/div>\n\t\t\t\t<\/div>\n\t\t\t\t\t<\/div>\n\t\t<\/div>\n\t\t\t\t\t<\/div>\n\t\t<\/section>\n\t\t\t\t<\/div>\n\t\t","protected":false},"excerpt":{"rendered":"<p>Company Purchase and Sale We assist you in buying and selling a company. Also we can prepare your business plan for establishing a new company and provide guidance. At this stage, we focus on improving the order established in the business process and organizational structure by taking advantage of our experience in the business environment [&hellip;]<\/p>\n","protected":false},"author":1,"featured_media":0,"parent":0,"menu_order":0,"comment_status":"closed","ping_status":"closed","template":"","meta":{"site-sidebar-layout":"no-sidebar","site-content-layout":"page-builder","ast-site-content-layout":"","site-content-style":"default","site-sidebar-style":"default","ast-global-header-display":"","ast-banner-title-visibility":"","ast-main-header-display":"","ast-hfb-above-header-display":"","ast-hfb-below-header-display":"","ast-hfb-mobile-header-display":"","site-post-title":"disabled","ast-breadcrumbs-content":"","ast-featured-img":"disabled","footer-sml-layout":"","theme-transparent-header-meta":"","adv-header-id-meta":"","stick-header-meta":"","header-above-stick-meta":"","header-main-stick-meta":"","header-below-stick-meta":"","astra-migrate-meta-layouts":"default","ast-page-background-enabled":"default","ast-page-background-meta":{"desktop":{"background-color":"","background-image":"","background-repeat":"repeat","background-position":"center center","background-size":"auto","background-attachment":"scroll","background-type":"","background-media":"","overlay-type":"","overlay-color":"","overlay-opacity":"","overlay-gradient":""},"tablet":{"background-color":"","background-image":"","background-repeat":"repeat","background-position":"center center","background-size":"auto","background-attachment":"scroll","background-type":"","background-media":"","overlay-type":"","overlay-color":"","overlay-opacity":"","overlay-gradient":""},"mobile":{"background-color":"","background-image":"","background-repeat":"repeat","background-position":"center center","background-size":"auto","background-attachment":"scroll","background-type":"","background-media":"","overlay-type":"","overlay-color":"","overlay-opacity":"","overlay-gradient":""}},"ast-content-background-meta":{"desktop":{"background-color":"var(--ast-global-color-5)","background-image":"","background-repeat":"repeat","background-position":"center center","background-size":"auto","background-attachment":"scroll","background-type":"","background-media":"","overlay-type":"","overlay-color":"","overlay-opacity":"","overlay-gradient":""},"tablet":{"background-color":"var(--ast-global-color-5)","background-image":"","background-repeat":"repeat","background-position":"center center","background-size":"auto","background-attachment":"scroll","background-type":"","background-media":"","overlay-type":"","overlay-color":"","overlay-opacity":"","overlay-gradient":""},"mobile":{"background-color":"var(--ast-global-color-5)","background-image":"","background-repeat":"repeat","background-position":"center center","background-size":"auto","background-attachment":"scroll","background-type":"","background-media":"","overlay-type":"","overlay-color":"","overlay-opacity":"","overlay-gradient":""}},"footnotes":""},"class_list":["post-1577","page","type-page","status-publish","hentry"],"yoast_head":"<!-- This site is optimized with the Yoast SEO plugin v23.9 - https:\/\/yoast.com\/wordpress\/plugins\/seo\/ -->\n<title>Company Purchase and Sale - Helptime GmbH<\/title>\n<meta name=\"robots\" content=\"index, follow, max-snippet:-1, max-image-preview:large, max-video-preview:-1\" \/>\n<link rel=\"canonical\" href=\"https:\/\/www.helptime.ch\/en\/firmenkauf-verkauf\/\" \/>\n<meta property=\"og:locale\" content=\"en_US\" \/>\n<meta property=\"og:type\" content=\"article\" \/>\n<meta property=\"og:title\" content=\"Company Purchase and Sale - Helptime GmbH\" \/>\n<meta property=\"og:description\" content=\"Company Purchase and Sale We assist you in buying and selling a company. Also we can prepare your business plan for establishing a new company and provide guidance. At this stage, we focus on improving the order established in the business process and organizational structure by taking advantage of our experience in the business environment [&hellip;]\" \/>\n<meta property=\"og:url\" content=\"https:\/\/www.helptime.ch\/en\/firmenkauf-verkauf\/\" \/>\n<meta property=\"og:site_name\" content=\"Helptime GmbH\" \/>\n<meta property=\"article:modified_time\" content=\"2022-01-26T08:40:44+00:00\" \/>\n<meta name=\"twitter:card\" content=\"summary_large_image\" \/>\n<meta name=\"twitter:label1\" content=\"Est. reading time\" \/>\n\t<meta name=\"twitter:data1\" content=\"1 minute\" \/>\n<script type=\"application\/ld+json\" class=\"yoast-schema-graph\">{\"@context\":\"https:\/\/schema.org\",\"@graph\":[{\"@type\":\"WebPage\",\"@id\":\"https:\/\/www.helptime.ch\/en\/firmenkauf-verkauf\/\",\"url\":\"https:\/\/www.helptime.ch\/en\/firmenkauf-verkauf\/\",\"name\":\"Company Purchase and Sale - Helptime GmbH\",\"isPartOf\":{\"@id\":\"https:\/\/www.helptime.ch\/en\/#website\"},\"datePublished\":\"2022-01-10T10:51:01+00:00\",\"dateModified\":\"2022-01-26T08:40:44+00:00\",\"breadcrumb\":{\"@id\":\"https:\/\/www.helptime.ch\/en\/firmenkauf-verkauf\/#breadcrumb\"},\"inLanguage\":\"en-US\",\"potentialAction\":[{\"@type\":\"ReadAction\",\"target\":[\"https:\/\/www.helptime.ch\/en\/firmenkauf-verkauf\/\"]}]},{\"@type\":\"BreadcrumbList\",\"@id\":\"https:\/\/www.helptime.ch\/en\/firmenkauf-verkauf\/#breadcrumb\",\"itemListElement\":[{\"@type\":\"ListItem\",\"position\":1,\"name\":\"Anasayfa\",\"item\":\"https:\/\/www.helptime.ch\/en\/\"},{\"@type\":\"ListItem\",\"position\":2,\"name\":\"Company Purchase and Sale\"}]},{\"@type\":\"WebSite\",\"@id\":\"https:\/\/www.helptime.ch\/en\/#website\",\"url\":\"https:\/\/www.helptime.ch\/en\/\",\"name\":\"Helptime GmbH\",\"description\":\"Helptime-Unternehmensseite\",\"publisher\":{\"@id\":\"https:\/\/www.helptime.ch\/en\/#organization\"},\"potentialAction\":[{\"@type\":\"SearchAction\",\"target\":{\"@type\":\"EntryPoint\",\"urlTemplate\":\"https:\/\/www.helptime.ch\/en\/?s={search_term_string}\"},\"query-input\":{\"@type\":\"PropertyValueSpecification\",\"valueRequired\":true,\"valueName\":\"search_term_string\"}}],\"inLanguage\":\"en-US\"},{\"@type\":\"Organization\",\"@id\":\"https:\/\/www.helptime.ch\/en\/#organization\",\"name\":\"Helptime GmbH\",\"url\":\"https:\/\/www.helptime.ch\/en\/\",\"logo\":{\"@type\":\"ImageObject\",\"inLanguage\":\"en-US\",\"@id\":\"https:\/\/www.helptime.ch\/en\/#\/schema\/logo\/image\/\",\"url\":\"https:\/\/www.helptime.ch\/en\/wp-content\/uploads\/sites\/6\/2022\/01\/helptimelogo.png\",\"contentUrl\":\"https:\/\/www.helptime.ch\/en\/wp-content\/uploads\/sites\/6\/2022\/01\/helptimelogo.png\",\"width\":148,\"height\":148,\"caption\":\"Helptime GmbH\"},\"image\":{\"@id\":\"https:\/\/www.helptime.ch\/en\/#\/schema\/logo\/image\/\"}}]}<\/script>\n<!-- \/ Yoast SEO plugin. -->","yoast_head_json":{"title":"Company Purchase and Sale - Helptime GmbH","robots":{"index":"index","follow":"follow","max-snippet":"max-snippet:-1","max-image-preview":"max-image-preview:large","max-video-preview":"max-video-preview:-1"},"canonical":"https:\/\/www.helptime.ch\/en\/firmenkauf-verkauf\/","og_locale":"en_US","og_type":"article","og_title":"Company Purchase and Sale - Helptime GmbH","og_description":"Company Purchase and Sale We assist you in buying and selling a company. Also we can prepare your business plan for establishing a new company and provide guidance. At this stage, we focus on improving the order established in the business process and organizational structure by taking advantage of our experience in the business environment [&hellip;]","og_url":"https:\/\/www.helptime.ch\/en\/firmenkauf-verkauf\/","og_site_name":"Helptime GmbH","article_modified_time":"2022-01-26T08:40:44+00:00","twitter_card":"summary_large_image","twitter_misc":{"Est. reading time":"1 minute"},"schema":{"@context":"https:\/\/schema.org","@graph":[{"@type":"WebPage","@id":"https:\/\/www.helptime.ch\/en\/firmenkauf-verkauf\/","url":"https:\/\/www.helptime.ch\/en\/firmenkauf-verkauf\/","name":"Company Purchase and Sale - Helptime GmbH","isPartOf":{"@id":"https:\/\/www.helptime.ch\/en\/#website"},"datePublished":"2022-01-10T10:51:01+00:00","dateModified":"2022-01-26T08:40:44+00:00","breadcrumb":{"@id":"https:\/\/www.helptime.ch\/en\/firmenkauf-verkauf\/#breadcrumb"},"inLanguage":"en-US","potentialAction":[{"@type":"ReadAction","target":["https:\/\/www.helptime.ch\/en\/firmenkauf-verkauf\/"]}]},{"@type":"BreadcrumbList","@id":"https:\/\/www.helptime.ch\/en\/firmenkauf-verkauf\/#breadcrumb","itemListElement":[{"@type":"ListItem","position":1,"name":"Anasayfa","item":"https:\/\/www.helptime.ch\/en\/"},{"@type":"ListItem","position":2,"name":"Company Purchase and Sale"}]},{"@type":"WebSite","@id":"https:\/\/www.helptime.ch\/en\/#website","url":"https:\/\/www.helptime.ch\/en\/","name":"Helptime GmbH","description":"Helptime-Unternehmensseite","publisher":{"@id":"https:\/\/www.helptime.ch\/en\/#organization"},"potentialAction":[{"@type":"SearchAction","target":{"@type":"EntryPoint","urlTemplate":"https:\/\/www.helptime.ch\/en\/?s={search_term_string}"},"query-input":{"@type":"PropertyValueSpecification","valueRequired":true,"valueName":"search_term_string"}}],"inLanguage":"en-US"},{"@type":"Organization","@id":"https:\/\/www.helptime.ch\/en\/#organization","name":"Helptime GmbH","url":"https:\/\/www.helptime.ch\/en\/","logo":{"@type":"ImageObject","inLanguage":"en-US","@id":"https:\/\/www.helptime.ch\/en\/#\/schema\/logo\/image\/","url":"https:\/\/www.helptime.ch\/en\/wp-content\/uploads\/sites\/6\/2022\/01\/helptimelogo.png","contentUrl":"https:\/\/www.helptime.ch\/en\/wp-content\/uploads\/sites\/6\/2022\/01\/helptimelogo.png","width":148,"height":148,"caption":"Helptime GmbH"},"image":{"@id":"https:\/\/www.helptime.ch\/en\/#\/schema\/logo\/image\/"}}]}},"_links":{"self":[{"href":"https:\/\/www.helptime.ch\/en\/wp-json\/wp\/v2\/pages\/1577","targetHints":{"allow":["GET"]}}],"collection":[{"href":"https:\/\/www.helptime.ch\/en\/wp-json\/wp\/v2\/pages"}],"about":[{"href":"https:\/\/www.helptime.ch\/en\/wp-json\/wp\/v2\/types\/page"}],"author":[{"embeddable":true,"href":"https:\/\/www.helptime.ch\/en\/wp-json\/wp\/v2\/users\/1"}],"replies":[{"embeddable":true,"href":"https:\/\/www.helptime.ch\/en\/wp-json\/wp\/v2\/comments?post=1577"}],"version-history":[{"count":19,"href":"https:\/\/www.helptime.ch\/en\/wp-json\/wp\/v2\/pages\/1577\/revisions"}],"predecessor-version":[{"id":1987,"href":"https:\/\/www.helptime.ch\/en\/wp-json\/wp\/v2\/pages\/1577\/revisions\/1987"}],"wp:attachment":[{"href":"https:\/\/www.helptime.ch\/en\/wp-json\/wp\/v2\/media?parent=1577"}],"curies":[{"name":"wp","href":"https:\/\/api.w.org\/{rel}","templated":true}]}}