{"id":1261,"date":"2021-03-09T10:02:59","date_gmt":"2021-03-09T10:02:59","guid":{"rendered":"https:\/\/www.helptime.ch\/en\/contact\/"},"modified":"2024-12-01T19:23:12","modified_gmt":"2024-12-01T19:23:12","slug":"contact","status":"publish","type":"page","link":"https:\/\/www.helptime.ch\/en\/contact\/","title":{"rendered":"Contact"},"content":{"rendered":"\t\t<div data-elementor-type=\"wp-page\" data-elementor-id=\"1261\" class=\"elementor elementor-1261\">\n\t\t\t\t\t\t<section class=\"elementor-section elementor-top-section elementor-element elementor-element-8f5389a elementor-section-boxed elementor-section-height-default elementor-section-height-default\" data-id=\"8f5389a\" data-element_type=\"section\" data-settings=\"{&quot;background_background&quot;:&quot;video&quot;,&quot;background_video_link&quot;:&quot;https:\\\/\\\/www.helptime.ch\\\/tr\\\/wp-content\\\/uploads\\\/sites\\\/4\\\/2022\\\/04\\\/global-network-connect-2021-09-04-04-42-27-utc_Trim.mp4&quot;}\">\n\t\t\t\t\t\t\t\t<div class=\"elementor-background-video-container elementor-hidden-mobile\">\n\t\t\t\t\t\t\t\t\t\t\t\t\t<video class=\"elementor-background-video-hosted elementor-html5-video\" autoplay muted playsinline loop><\/video>\n\t\t\t\t\t\t\t\t\t\t\t<\/div>\n\t\t\t\t\t\t\t\t<div class=\"elementor-container elementor-column-gap-no\">\n\t\t\t\t\t<div class=\"elementor-column elementor-col-50 elementor-top-column elementor-element elementor-element-17a7044\" data-id=\"17a7044\" data-element_type=\"column\" data-settings=\"{&quot;background_background&quot;:&quot;classic&quot;}\">\n\t\t\t<div class=\"elementor-widget-wrap elementor-element-populated\">\n\t\t\t\t\t\t<div class=\"elementor-element elementor-element-c3191eb elementor-widget elementor-widget-heading\" data-id=\"c3191eb\" data-element_type=\"widget\" data-widget_type=\"heading.default\">\n\t\t\t\t<div class=\"elementor-widget-container\">\n\t\t\t<h2 class=\"elementor-heading-title elementor-size-default\">Make a connection.<\/h2>\t\t<\/div>\n\t\t\t\t<\/div>\n\t\t\t\t<div class=\"elementor-element elementor-element-c197d62 elementor-widget elementor-widget-wpforms\" data-id=\"c197d62\" data-element_type=\"widget\" data-widget_type=\"wpforms.default\">\n\t\t\t\t<div class=\"elementor-widget-container\">\n\t\t\t<div class=\"wpforms-container \" id=\"wpforms-7\"><form id=\"wpforms-form-7\" class=\"wpforms-validate wpforms-form\" data-formid=\"7\" method=\"post\" enctype=\"multipart\/form-data\" action=\"\/en\/wp-json\/wp\/v2\/pages\/1261\" data-token=\"ab6623b7de6d7ab429a6497d1b3bb121\" data-token-time=\"1776933675\"><noscript class=\"wpforms-error-noscript\">Please enable JavaScript in your browser to complete this form.<\/noscript><div class=\"wpforms-field-container\"><div id=\"wpforms-7-field_0-container\" class=\"wpforms-field wpforms-field-name\" data-field-id=\"0\"><label class=\"wpforms-field-label wpforms-label-hide\" for=\"wpforms-7-field_0\">Name <span class=\"wpforms-required-label\">*<\/span><\/label><input type=\"text\" id=\"wpforms-7-field_0\" class=\"wpforms-field-large wpforms-field-required\" name=\"wpforms[fields][0]\" placeholder=\"Your name\" required><\/div><div id=\"wpforms-7-field_1-container\" class=\"wpforms-field wpforms-field-email\" data-field-id=\"1\"><label class=\"wpforms-field-label wpforms-label-hide\" for=\"wpforms-7-field_1\">Email <span class=\"wpforms-required-label\">*<\/span><\/label><input type=\"email\" id=\"wpforms-7-field_1\" class=\"wpforms-field-large wpforms-field-required\" name=\"wpforms[fields][1]\" placeholder=\"Email address\" spellcheck=\"false\" required><\/div><div id=\"wpforms-7-field_3-container\" class=\"wpforms-field wpforms-field-number\" data-field-id=\"3\"><label class=\"wpforms-field-label wpforms-label-hide\" for=\"wpforms-7-field_3\">Phone<\/label><input type=\"number\" id=\"wpforms-7-field_3\" class=\"wpforms-field-large\" name=\"wpforms[fields][3]\" placeholder=\"Phone number\" ><\/div><div id=\"wpforms-7-field_2-container\" class=\"wpforms-field wpforms-field-textarea\" data-field-id=\"2\"><label class=\"wpforms-field-label wpforms-label-hide\" for=\"wpforms-7-field_2\">Comment or Message <span class=\"wpforms-required-label\">*<\/span><\/label><textarea id=\"wpforms-7-field_2\" class=\"wpforms-field-medium wpforms-field-required\" name=\"wpforms[fields][2]\" placeholder=\"Describe your case\" required><\/textarea><\/div><\/div><!-- .wpforms-field-container --><div class=\"wpforms-submit-container\" ><input type=\"hidden\" name=\"wpforms[id]\" value=\"7\"><input type=\"hidden\" name=\"page_title\" value=\"\"><input type=\"hidden\" name=\"page_url\" value=\"https:\/\/www.helptime.ch\/en\/wp-json\/wp\/v2\/pages\/1261\"><button type=\"submit\" name=\"wpforms[submit]\" id=\"wpforms-submit-7\" class=\"wpforms-submit\" data-alt-text=\"Sending...\" data-submit-text=\"Send\" aria-live=\"assertive\" value=\"wpforms-submit\">Send<\/button><\/div><\/form><\/div>  <!-- .wpforms-container -->\t\t<\/div>\n\t\t\t\t<\/div>\n\t\t\t\t\t<\/div>\n\t\t<\/div>\n\t\t\t\t<div class=\"elementor-column elementor-col-50 elementor-top-column elementor-element elementor-element-0a6c301\" data-id=\"0a6c301\" data-element_type=\"column\" data-settings=\"{&quot;background_background&quot;:&quot;classic&quot;}\">\n\t\t\t<div class=\"elementor-widget-wrap elementor-element-populated\">\n\t\t\t\t\t\t<div class=\"elementor-element elementor-element-dee50aa elementor-widget elementor-widget-html\" data-id=\"dee50aa\" data-element_type=\"widget\" data-widget_type=\"html.default\">\n\t\t\t\t<div class=\"elementor-widget-container\">\n\t\t\t<style>\n .brands-section {\n    color: white;\n    font-family: Arial, sans-serif;\n}\n .brands-section h2 {\n     color: white;\n }\n\n.brand-link {\n    display: flex;\n    justify-content: space-between;\n    align-items: center; \n    margin-bottom: 20px;\n    margin-top: 20px;\n}\n\n.brand-link .link, .brand-link .category {\n    flex: 1; \n    text-align: center; \n}\n\n.brand-link a {\n    color: white;\n    text-decoration: none;\n}\n\nhr {\n    border: none;\n    height: 1px;\n    background-color: white;\n    margin: 10px 0;\n}\n\n\n<\/style>\n\n<div class=\"brands-section\">\n    <h2>Explore our other brands.<\/h2>\n    <div class=\"brand-link\">\n        <div class=\"link\"><a href=\"http:\/\/cesmetravel.com\">cesmetravel.com<\/a><\/div>\n        <div class=\"category\"><span>Travel<\/span><\/div>\n    <\/div>\n    <hr>\n    <div class=\"brand-link\">\n        <div class=\"link\"><a href=\"http:\/\/alacatitravel.com\">alacatitravel.com<\/a><\/div>\n        <div class=\"category\"><span>Travel<\/span><\/div>\n    <\/div>\n    <hr>\n    <div class=\"brand-link\">\n        <div class=\"link\"><a href=\"http:\/\/callgotravel.com\">callgotravel.com<\/a><\/div>\n        <div class=\"category\"><span>Travel<\/span><\/div>\n    <\/div>\n    <hr>\n    <div class=\"brand-link\">\n        <div class=\"link\"><a href=\"http:\/\/callgotransfer.com\">callgotransfer.com<\/a><\/div>\n        <div class=\"category\"><span>Travel<\/span><\/div>\n    <\/div>\n    <hr>\n    \n    <div class=\"brand-link\">\n        <div class=\"link\"><a href=\"http:\/\/z\u00fcrichweb.com\">zurichweb.com<\/a><\/div>\n        <div class=\"category\"><span>Digital <\/span><\/div>\n    <\/div>\n    <hr>\n<\/div>\n\t\t<\/div>\n\t\t\t\t<\/div>\n\t\t\t\t\t<\/div>\n\t\t<\/div>\n\t\t\t\t\t<\/div>\n\t\t<\/section>\n\t\t\t\t<\/div>\n\t\t","protected":false},"excerpt":{"rendered":"<p>Make a connection. Bu formu bitirebilmek i\u00e7in taray\u0131c\u0131n\u0131zda JavaScript&#039;i etkinle\u015ftirin.Name *Email *PhoneComment or Message * Send Explore our other brands. cesmetravel.com Travel alacatitravel.com Travel callgotravel.com Travel callgotransfer.com Travel zurichweb.com Digital<\/p>\n","protected":false},"author":1,"featured_media":0,"parent":0,"menu_order":0,"comment_status":"closed","ping_status":"closed","template":"","meta":{"site-sidebar-layout":"no-sidebar","site-content-layout":"page-builder","ast-site-content-layout":"","site-content-style":"default","site-sidebar-style":"default","ast-global-header-display":"","ast-banner-title-visibility":"","ast-main-header-display":"","ast-hfb-above-header-display":"","ast-hfb-below-header-display":"","ast-hfb-mobile-header-display":"","site-post-title":"disabled","ast-breadcrumbs-content":"disabled","ast-featured-img":"disabled","footer-sml-layout":"","theme-transparent-header-meta":"enabled","adv-header-id-meta":"","stick-header-meta":"","header-above-stick-meta":"","header-main-stick-meta":"","header-below-stick-meta":"","astra-migrate-meta-layouts":"default","ast-page-background-enabled":"default","ast-page-background-meta":{"desktop":{"background-color":"","background-image":"","background-repeat":"repeat","background-position":"center center","background-size":"auto","background-attachment":"scroll","background-type":"","background-media":"","overlay-type":"","overlay-color":"","overlay-opacity":"","overlay-gradient":""},"tablet":{"background-color":"","background-image":"","background-repeat":"repeat","background-position":"center center","background-size":"auto","background-attachment":"scroll","background-type":"","background-media":"","overlay-type":"","overlay-color":"","overlay-opacity":"","overlay-gradient":""},"mobile":{"background-color":"","background-image":"","background-repeat":"repeat","background-position":"center center","background-size":"auto","background-attachment":"scroll","background-type":"","background-media":"","overlay-type":"","overlay-color":"","overlay-opacity":"","overlay-gradient":""}},"ast-content-background-meta":{"desktop":{"background-color":"var(--ast-global-color-5)","background-image":"","background-repeat":"repeat","background-position":"center center","background-size":"auto","background-attachment":"scroll","background-type":"","background-media":"","overlay-type":"","overlay-color":"","overlay-opacity":"","overlay-gradient":""},"tablet":{"background-color":"var(--ast-global-color-5)","background-image":"","background-repeat":"repeat","background-position":"center center","background-size":"auto","background-attachment":"scroll","background-type":"","background-media":"","overlay-type":"","overlay-color":"","overlay-opacity":"","overlay-gradient":""},"mobile":{"background-color":"var(--ast-global-color-5)","background-image":"","background-repeat":"repeat","background-position":"center center","background-size":"auto","background-attachment":"scroll","background-type":"","background-media":"","overlay-type":"","overlay-color":"","overlay-opacity":"","overlay-gradient":""}},"footnotes":""},"class_list":["post-1261","page","type-page","status-publish","hentry"],"yoast_head":"<!-- This site is optimized with the Yoast SEO plugin v23.9 - https:\/\/yoast.com\/wordpress\/plugins\/seo\/ -->\n<title>Contact - Helptime GmbH<\/title>\n<meta name=\"robots\" content=\"index, follow, max-snippet:-1, max-image-preview:large, max-video-preview:-1\" \/>\n<link rel=\"canonical\" href=\"https:\/\/www.helptime.ch\/en\/contact\/\" \/>\n<meta property=\"og:locale\" content=\"en_US\" \/>\n<meta property=\"og:type\" content=\"article\" \/>\n<meta property=\"og:title\" content=\"Contact - Helptime GmbH\" \/>\n<meta property=\"og:description\" content=\"Make a connection. Bu formu bitirebilmek i\u00e7in taray\u0131c\u0131n\u0131zda JavaScript&#039;i etkinle\u015ftirin.Name *Email *PhoneComment or Message * Send Explore our other brands. cesmetravel.com Travel alacatitravel.com Travel callgotravel.com Travel callgotransfer.com Travel zurichweb.com Digital\" \/>\n<meta property=\"og:url\" content=\"https:\/\/www.helptime.ch\/en\/contact\/\" \/>\n<meta property=\"og:site_name\" content=\"Helptime GmbH\" \/>\n<meta property=\"article:modified_time\" content=\"2024-12-01T19:23:12+00:00\" \/>\n<meta name=\"twitter:card\" content=\"summary_large_image\" \/>\n<meta name=\"twitter:label1\" content=\"Est. reading time\" \/>\n\t<meta name=\"twitter:data1\" content=\"1 minute\" \/>\n<script type=\"application\/ld+json\" class=\"yoast-schema-graph\">{\"@context\":\"https:\/\/schema.org\",\"@graph\":[{\"@type\":\"WebPage\",\"@id\":\"https:\/\/www.helptime.ch\/en\/contact\/\",\"url\":\"https:\/\/www.helptime.ch\/en\/contact\/\",\"name\":\"Contact - Helptime GmbH\",\"isPartOf\":{\"@id\":\"https:\/\/www.helptime.ch\/en\/#website\"},\"datePublished\":\"2021-03-09T10:02:59+00:00\",\"dateModified\":\"2024-12-01T19:23:12+00:00\",\"breadcrumb\":{\"@id\":\"https:\/\/www.helptime.ch\/en\/contact\/#breadcrumb\"},\"inLanguage\":\"en-US\",\"potentialAction\":[{\"@type\":\"ReadAction\",\"target\":[\"https:\/\/www.helptime.ch\/en\/contact\/\"]}]},{\"@type\":\"BreadcrumbList\",\"@id\":\"https:\/\/www.helptime.ch\/en\/contact\/#breadcrumb\",\"itemListElement\":[{\"@type\":\"ListItem\",\"position\":1,\"name\":\"Anasayfa\",\"item\":\"https:\/\/www.helptime.ch\/en\/\"},{\"@type\":\"ListItem\",\"position\":2,\"name\":\"Contact\"}]},{\"@type\":\"WebSite\",\"@id\":\"https:\/\/www.helptime.ch\/en\/#website\",\"url\":\"https:\/\/www.helptime.ch\/en\/\",\"name\":\"Helptime GmbH\",\"description\":\"Helptime-Unternehmensseite\",\"publisher\":{\"@id\":\"https:\/\/www.helptime.ch\/en\/#organization\"},\"potentialAction\":[{\"@type\":\"SearchAction\",\"target\":{\"@type\":\"EntryPoint\",\"urlTemplate\":\"https:\/\/www.helptime.ch\/en\/?s={search_term_string}\"},\"query-input\":{\"@type\":\"PropertyValueSpecification\",\"valueRequired\":true,\"valueName\":\"search_term_string\"}}],\"inLanguage\":\"en-US\"},{\"@type\":\"Organization\",\"@id\":\"https:\/\/www.helptime.ch\/en\/#organization\",\"name\":\"Helptime GmbH\",\"url\":\"https:\/\/www.helptime.ch\/en\/\",\"logo\":{\"@type\":\"ImageObject\",\"inLanguage\":\"en-US\",\"@id\":\"https:\/\/www.helptime.ch\/en\/#\/schema\/logo\/image\/\",\"url\":\"https:\/\/www.helptime.ch\/en\/wp-content\/uploads\/sites\/6\/2022\/01\/helptimelogo.png\",\"contentUrl\":\"https:\/\/www.helptime.ch\/en\/wp-content\/uploads\/sites\/6\/2022\/01\/helptimelogo.png\",\"width\":148,\"height\":148,\"caption\":\"Helptime GmbH\"},\"image\":{\"@id\":\"https:\/\/www.helptime.ch\/en\/#\/schema\/logo\/image\/\"}}]}<\/script>\n<!-- \/ Yoast SEO plugin. -->","yoast_head_json":{"title":"Contact - Helptime GmbH","robots":{"index":"index","follow":"follow","max-snippet":"max-snippet:-1","max-image-preview":"max-image-preview:large","max-video-preview":"max-video-preview:-1"},"canonical":"https:\/\/www.helptime.ch\/en\/contact\/","og_locale":"en_US","og_type":"article","og_title":"Contact - Helptime GmbH","og_description":"Make a connection. Bu formu bitirebilmek i\u00e7in taray\u0131c\u0131n\u0131zda JavaScript&#039;i etkinle\u015ftirin.Name *Email *PhoneComment or Message * Send Explore our other brands. cesmetravel.com Travel alacatitravel.com Travel callgotravel.com Travel callgotransfer.com Travel zurichweb.com Digital","og_url":"https:\/\/www.helptime.ch\/en\/contact\/","og_site_name":"Helptime GmbH","article_modified_time":"2024-12-01T19:23:12+00:00","twitter_card":"summary_large_image","twitter_misc":{"Est. reading time":"1 minute"},"schema":{"@context":"https:\/\/schema.org","@graph":[{"@type":"WebPage","@id":"https:\/\/www.helptime.ch\/en\/contact\/","url":"https:\/\/www.helptime.ch\/en\/contact\/","name":"Contact - Helptime GmbH","isPartOf":{"@id":"https:\/\/www.helptime.ch\/en\/#website"},"datePublished":"2021-03-09T10:02:59+00:00","dateModified":"2024-12-01T19:23:12+00:00","breadcrumb":{"@id":"https:\/\/www.helptime.ch\/en\/contact\/#breadcrumb"},"inLanguage":"en-US","potentialAction":[{"@type":"ReadAction","target":["https:\/\/www.helptime.ch\/en\/contact\/"]}]},{"@type":"BreadcrumbList","@id":"https:\/\/www.helptime.ch\/en\/contact\/#breadcrumb","itemListElement":[{"@type":"ListItem","position":1,"name":"Anasayfa","item":"https:\/\/www.helptime.ch\/en\/"},{"@type":"ListItem","position":2,"name":"Contact"}]},{"@type":"WebSite","@id":"https:\/\/www.helptime.ch\/en\/#website","url":"https:\/\/www.helptime.ch\/en\/","name":"Helptime GmbH","description":"Helptime-Unternehmensseite","publisher":{"@id":"https:\/\/www.helptime.ch\/en\/#organization"},"potentialAction":[{"@type":"SearchAction","target":{"@type":"EntryPoint","urlTemplate":"https:\/\/www.helptime.ch\/en\/?s={search_term_string}"},"query-input":{"@type":"PropertyValueSpecification","valueRequired":true,"valueName":"search_term_string"}}],"inLanguage":"en-US"},{"@type":"Organization","@id":"https:\/\/www.helptime.ch\/en\/#organization","name":"Helptime GmbH","url":"https:\/\/www.helptime.ch\/en\/","logo":{"@type":"ImageObject","inLanguage":"en-US","@id":"https:\/\/www.helptime.ch\/en\/#\/schema\/logo\/image\/","url":"https:\/\/www.helptime.ch\/en\/wp-content\/uploads\/sites\/6\/2022\/01\/helptimelogo.png","contentUrl":"https:\/\/www.helptime.ch\/en\/wp-content\/uploads\/sites\/6\/2022\/01\/helptimelogo.png","width":148,"height":148,"caption":"Helptime GmbH"},"image":{"@id":"https:\/\/www.helptime.ch\/en\/#\/schema\/logo\/image\/"}}]}},"_links":{"self":[{"href":"https:\/\/www.helptime.ch\/en\/wp-json\/wp\/v2\/pages\/1261","targetHints":{"allow":["GET"]}}],"collection":[{"href":"https:\/\/www.helptime.ch\/en\/wp-json\/wp\/v2\/pages"}],"about":[{"href":"https:\/\/www.helptime.ch\/en\/wp-json\/wp\/v2\/types\/page"}],"author":[{"embeddable":true,"href":"https:\/\/www.helptime.ch\/en\/wp-json\/wp\/v2\/users\/1"}],"replies":[{"embeddable":true,"href":"https:\/\/www.helptime.ch\/en\/wp-json\/wp\/v2\/comments?post=1261"}],"version-history":[{"count":44,"href":"https:\/\/www.helptime.ch\/en\/wp-json\/wp\/v2\/pages\/1261\/revisions"}],"predecessor-version":[{"id":2325,"href":"https:\/\/www.helptime.ch\/en\/wp-json\/wp\/v2\/pages\/1261\/revisions\/2325"}],"wp:attachment":[{"href":"https:\/\/www.helptime.ch\/en\/wp-json\/wp\/v2\/media?parent=1261"}],"curies":[{"name":"wp","href":"https:\/\/api.w.org\/{rel}","templated":true}]}}